{"id":238884,"date":"2025-03-20T17:27:52","date_gmt":"2025-03-20T17:27:52","guid":{"rendered":"https:\/\/aromasentia.com\/product\/banoffee-pie-banana-toffee\/"},"modified":"2025-06-23T19:08:20","modified_gmt":"2025-06-23T19:08:20","slug":"boules-de-bain-gourmandes-tarte-banane-caramel-jaune-et-marron","status":"publish","type":"product","link":"https:\/\/aromasentia.com\/fr\/boules-de-bain-gourmandes-tarte-banane-caramel-jaune-et-marron\/","title":{"rendered":"Boules de Bain gourmandes Tarte banane caramel &#8211; Jaune et marron"},"content":{"rendered":"<h1><strong><span style=\"color: rgb(250, 197, 28);\">Bombe de bain Tarte Banane &amp; Caramel en gros <\/span><\/strong><\/h1>\n<p>Nos bombes de bain Banoffee Pie sont \u00e9labor\u00e9es \u00e0 partir d&rsquo;huiles essentielles et d&rsquo;ingr\u00e9dients nourrissants pour la peau, laissant la peau de vos clients douce et hydrat\u00e9e apr\u00e8s chaque utilisation. La combinaison des parfums de banane et de caramel cr\u00e9e un ar\u00f4me sucr\u00e9 et invitant qui les transportera dans un monde de relaxation et d&rsquo;indulgence.&nbsp;<\/p>\n<p>Ces bombes de bain sont parfaites pour tous ceux qui recherchent un parfum sucr\u00e9 et d\u00e9licieux \u00e0 ajouter \u00e0 leur routine de bain. Que ce soit pour prendre soin de soi ou pour une soir\u00e9e romantique, nos bombes de bain Banoffee Pie vous satisferont \u00e0 coup s\u00fbr.&nbsp;<\/p>\n<p>L&rsquo;ensemble comprend 16 bombes de bain, chacune emball\u00e9e individuellement et parfaite pour la revente en gros de bombes de bain. Elles constituent un excellent compl\u00e9ment \u00e0 toute gamme de produits pour le bain et le corps et sont parfaites pour les spas, les boutiques et autres entreprises qui souhaitent offrir \u00e0 leurs clients une exp\u00e9rience de bain unique et indulgente.&nbsp;<\/p>\n<p><strong><span style=\"color: rgb(141, 186, 216);\">Passez votre commande et propulsez votre entreprise vers de nouveaux sommets gr\u00e2ce \u00e0 nos bombes de bain en gros.<\/span><\/strong><\/p>\n","protected":false},"excerpt":{"rendered":"<p>Bombe de bain Tarte Banane &amp; Caramel en gros Nos bombes de bain Banoffee Pie sont \u00e9labor\u00e9es \u00e0 partir d&rsquo;huiles essentielles et d&rsquo;ingr\u00e9dients nourrissants pour la peau, laissant la peau de vos clients douce et hydrat\u00e9e apr\u00e8s chaque utilisation. La combinaison des parfums de banane et de caramel cr\u00e9e un ar\u00f4me sucr\u00e9 et invitant qui [&hellip;]<\/p>\n","protected":false},"featured_media":282543,"comment_status":"closed","ping_status":"open","template":"","meta":{"_angie_page":false},"product_brand":[],"product_cat":[19443,26563,26846,25842],"product_tag":[],"class_list":{"0":"post-238884","1":"product","2":"type-product","3":"status-publish","4":"has-post-thumbnail","6":"product_cat-bain-et-corps","7":"product_cat-banane","8":"product_cat-fruite","9":"product_cat-senteurs-aromes","10":"pa_collection-just-desserts-bath-bombs-200g-fr","11":"pa_made-in-royaume-uni","13":"first","14":"instock","15":"purchasable","16":"product-type-simple"},"supplier_id":null,"supplier_sku":"JDBB-04","barcode":null,"atum_controlled":true,"out_stock_date":null,"out_stock_threshold":null,"inheritable":false,"inbound_stock":null,"stock_on_hold":0,"sold_today":0,"sales_last_days":0,"reserved_stock":null,"customer_returns":null,"warehouse_damage":null,"lost_in_post":null,"other_logs":null,"out_stock_days":0,"lost_sales":0,"has_location":null,"update_date":"2026-04-27T07:10:05","atum_locations":[],"atum_stock_status":"instock","restock_status":false,"low_stock_amount":"","sales_update_date":"2026-01-30T01:26:31","calc_backorders":null,"_links":{"self":[{"href":"https:\/\/aromasentia.com\/fr\/wp-json\/wp\/v2\/product\/238884","targetHints":{"allow":["GET"]}}],"collection":[{"href":"https:\/\/aromasentia.com\/fr\/wp-json\/wp\/v2\/product"}],"about":[{"href":"https:\/\/aromasentia.com\/fr\/wp-json\/wp\/v2\/types\/product"}],"replies":[{"embeddable":true,"href":"https:\/\/aromasentia.com\/fr\/wp-json\/wp\/v2\/comments?post=238884"}],"version-history":[{"count":0,"href":"https:\/\/aromasentia.com\/fr\/wp-json\/wp\/v2\/product\/238884\/revisions"}],"wp:featuredmedia":[{"embeddable":true,"href":"https:\/\/aromasentia.com\/fr\/wp-json\/wp\/v2\/media\/282543"}],"wp:attachment":[{"href":"https:\/\/aromasentia.com\/fr\/wp-json\/wp\/v2\/media?parent=238884"}],"wp:term":[{"taxonomy":"product_brand","embeddable":true,"href":"https:\/\/aromasentia.com\/fr\/wp-json\/wp\/v2\/product_brand?post=238884"},{"taxonomy":"product_cat","embeddable":true,"href":"https:\/\/aromasentia.com\/fr\/wp-json\/wp\/v2\/product_cat?post=238884"},{"taxonomy":"product_tag","embeddable":true,"href":"https:\/\/aromasentia.com\/fr\/wp-json\/wp\/v2\/product_tag?post=238884"}],"curies":[{"name":"wp","href":"https:\/\/api.w.org\/{rel}","templated":true}]}}