{"id":238876,"date":"2025-03-20T17:28:36","date_gmt":"2025-03-20T17:28:36","guid":{"rendered":"https:\/\/aromasentia.com\/product\/klay-soap-lavender-vanilla\/"},"modified":"2025-06-23T19:08:19","modified_gmt":"2025-06-23T19:08:19","slug":"savon-a-largile-lavande-vanille","status":"publish","type":"product","link":"https:\/\/aromasentia.com\/fr\/savon-a-largile-lavande-vanille\/","title":{"rendered":"Savon \u00e0 l&rsquo;Argile &#8211; Lavande &#038; Vanille"},"content":{"rendered":"<p>Savon \u00e0 l&rsquo;argile \u00e0 la lavande &amp; vanille, fabriqu\u00e9 au Royaume-Uni \u00e0 partir d&rsquo;ingr\u00e9dients naturels et v\u00e9g\u00e9taliens.&nbsp;<\/p>\n<p>Infus\u00e9 d&rsquo;argile bentonite, ce savon purifie la peau en profondeur, en \u00e9liminant les impuret\u00e9s et les exc\u00e8s de s\u00e9bum, tout en laissant une sensation de propret\u00e9, de fra\u00eecheur et de revitalisation.&nbsp;<\/p>\n<p>Le m\u00e9lange de lavande apaisante et de vanille r\u00e9confortante offre un parfum relaxant.&nbsp;<\/p>\n<p>Les graines de lavande exfoliantes \u00e9liminent en douceur les cellules mortes, r\u00e9v\u00e9lant une peau plus lisse et plus \u00e9clatante. &nbsp;&nbsp;<\/p>\n<p>&#8211; Fabriqu\u00e9 \u00e0 partir d&rsquo;ingr\u00e9dients naturels et v\u00e9g\u00e9taliens&nbsp;<\/p>\n<p>&#8211; Infus\u00e9 d&rsquo;argile bentonite pour un nettoyage et une purification en profondeur&nbsp;<\/p>\n<p>&#8211; Contient des graines de lavande exfoliantes&nbsp;<\/p>\n<p>&#8211; Parfum relaxant de lavande et de vanille&nbsp;<\/p>\n<p>&#8211; Fabriqu\u00e9 au Royaume-Uni&nbsp;<\/p>\n<p><strong>Parfait pour les coffrets cadeaux, les forfaits spa ou comme nettoyant quotidien luxueux, le savon \u00e0 l&rsquo;argile \u00e0 la lavande &amp; vanille est un compl\u00e9ment indispensable \u00e0 votre gamme de soins de la peau respectueux de l&rsquo;environnement.<\/strong><\/p>\n","protected":false},"excerpt":{"rendered":"<p>Savon \u00e0 l&rsquo;argile \u00e0 la lavande &amp; vanille, fabriqu\u00e9 au Royaume-Uni \u00e0 partir d&rsquo;ingr\u00e9dients naturels et v\u00e9g\u00e9taliens.&nbsp; Infus\u00e9 d&rsquo;argile bentonite, ce savon purifie la peau en profondeur, en \u00e9liminant les impuret\u00e9s et les exc\u00e8s de s\u00e9bum, tout en laissant une sensation de propret\u00e9, de fra\u00eecheur et de revitalisation.&nbsp; Le m\u00e9lange de lavande apaisante et de [&hellip;]<\/p>\n","protected":false},"featured_media":291435,"comment_status":"closed","ping_status":"open","template":"","meta":{"_angie_page":false},"product_brand":[],"product_cat":[19443,26832,26233,20586,25842],"product_tag":[],"class_list":{"0":"post-238876","1":"product","2":"type-product","3":"status-publish","4":"has-post-thumbnail","6":"product_cat-bain-et-corps","7":"product_cat-floral","8":"product_cat-lavande","9":"product_cat-savons-bio-naturels","10":"product_cat-senteurs-aromes","11":"pa_collection-natural-clay-soaps-fr","12":"pa_made-in-royaume-uni","14":"first","15":"instock","16":"purchasable","17":"product-type-simple"},"supplier_id":null,"supplier_sku":"KSoap-01","barcode":null,"atum_controlled":true,"out_stock_date":null,"out_stock_threshold":null,"inheritable":false,"inbound_stock":null,"stock_on_hold":0,"sold_today":0,"sales_last_days":0,"reserved_stock":null,"customer_returns":null,"warehouse_damage":null,"lost_in_post":null,"other_logs":null,"out_stock_days":0,"lost_sales":0,"has_location":null,"update_date":"2026-04-27T07:10:28","atum_locations":[],"atum_stock_status":"instock","restock_status":false,"low_stock_amount":"","sales_update_date":"2025-09-05T00:19:49","calc_backorders":null,"_links":{"self":[{"href":"https:\/\/aromasentia.com\/fr\/wp-json\/wp\/v2\/product\/238876","targetHints":{"allow":["GET"]}}],"collection":[{"href":"https:\/\/aromasentia.com\/fr\/wp-json\/wp\/v2\/product"}],"about":[{"href":"https:\/\/aromasentia.com\/fr\/wp-json\/wp\/v2\/types\/product"}],"replies":[{"embeddable":true,"href":"https:\/\/aromasentia.com\/fr\/wp-json\/wp\/v2\/comments?post=238876"}],"version-history":[{"count":0,"href":"https:\/\/aromasentia.com\/fr\/wp-json\/wp\/v2\/product\/238876\/revisions"}],"wp:featuredmedia":[{"embeddable":true,"href":"https:\/\/aromasentia.com\/fr\/wp-json\/wp\/v2\/media\/291435"}],"wp:attachment":[{"href":"https:\/\/aromasentia.com\/fr\/wp-json\/wp\/v2\/media?parent=238876"}],"wp:term":[{"taxonomy":"product_brand","embeddable":true,"href":"https:\/\/aromasentia.com\/fr\/wp-json\/wp\/v2\/product_brand?post=238876"},{"taxonomy":"product_cat","embeddable":true,"href":"https:\/\/aromasentia.com\/fr\/wp-json\/wp\/v2\/product_cat?post=238876"},{"taxonomy":"product_tag","embeddable":true,"href":"https:\/\/aromasentia.com\/fr\/wp-json\/wp\/v2\/product_tag?post=238876"}],"curies":[{"name":"wp","href":"https:\/\/api.w.org\/{rel}","templated":true}]}}