{"id":238844,"date":"2025-03-20T17:29:29","date_gmt":"2025-03-20T17:29:29","guid":{"rendered":"https:\/\/aromasentia.com\/product\/klay-soap-orange-and-ginger\/"},"modified":"2025-06-23T19:08:15","modified_gmt":"2025-06-23T19:08:15","slug":"savon-a-largile-orange-et-gingembre","status":"publish","type":"product","link":"https:\/\/aromasentia.com\/fr\/savon-a-largile-orange-et-gingembre\/","title":{"rendered":"Savon \u00e0 l&rsquo;Argile &#8211; Orange et Gingembre"},"content":{"rendered":"<p>Savon Argile \u00e0 l&rsquo;orange et au gingembre, fabriqu\u00e9 au Royaume-Uni avec des ingr\u00e9dients naturels et v\u00e9g\u00e9taliens.&nbsp;<\/p>\n<p>Ce savon est infus\u00e9 d&rsquo;argile jaune et de marc de caf\u00e9 pour offrir une exp\u00e9rience de nettoyage en profondeur qui exfolie la peau en douceur.&nbsp;<\/p>\n<p>Le m\u00e9lange piquant d&rsquo;orange citronn\u00e9e et de gingembre \u00e9pic\u00e9 cr\u00e9e un parfum vif et chaleureux qui \u00e9veille les sens, ce qui le rend parfait pour les clients qui cherchent \u00e0 commencer leur journ\u00e9e de mani\u00e8re \u00e9nergique.&nbsp;<\/p>\n<p>Les propri\u00e9t\u00e9s exfoliantes du marc de caf\u00e9 s&rsquo;allient au pouvoir nettoyant de l&rsquo;argile jaune pour aider \u00e0 d\u00e9sobstruer les pores, \u00e9liminer les cellules mortes et laisser la peau lisse et rafra\u00eechie. &nbsp;&nbsp;<\/p>\n<p>&#8211; Fabriqu\u00e9 \u00e0 partir d&rsquo;ingr\u00e9dients naturels et v\u00e9g\u00e9taliens&nbsp;<\/p>\n<p>&#8211; Du marc de caf\u00e9 exfoliant pour lisser la peau&nbsp;<\/p>\n<p>&#8211; Argile jaune pour un nettoyage en profondeur et un contr\u00f4le du s\u00e9bum &#8211; Parfum \u00e9nergisant d&rsquo;orange et de gingembre&nbsp;<\/p>\n<p>&#8211; Fabriqu\u00e9 au Royaume-Uni&nbsp;<\/p>\n<p><strong>Ce savon est un excellent choix pour les vendeurs qui souhaitent offrir \u00e0 leurs clients une solution efficace et naturelle pour une peau plus claire et d&rsquo;apparence plus saine.<\/strong><\/p>\n","protected":false},"excerpt":{"rendered":"<p>Savon Argile \u00e0 l&rsquo;orange et au gingembre, fabriqu\u00e9 au Royaume-Uni avec des ingr\u00e9dients naturels et v\u00e9g\u00e9taliens.&nbsp; Ce savon est infus\u00e9 d&rsquo;argile jaune et de marc de caf\u00e9 pour offrir une exp\u00e9rience de nettoyage en profondeur qui exfolie la peau en douceur.&nbsp; Le m\u00e9lange piquant d&rsquo;orange citronn\u00e9e et de gingembre \u00e9pic\u00e9 cr\u00e9e un parfum vif et [&hellip;]<\/p>\n","protected":false},"featured_media":291509,"comment_status":"closed","ping_status":"open","template":"","meta":{"_angie_page":false},"product_brand":[],"product_cat":[19443,26888,26191,26818,26307,20586,25842],"product_tag":[],"class_list":{"0":"post-238844","1":"product","2":"type-product","3":"status-publish","4":"has-post-thumbnail","6":"product_cat-bain-et-corps","7":"product_cat-epice","8":"product_cat-gingembre-senteurs-aromes","9":"product_cat-hesperide-agrumes","10":"product_cat-orange","11":"product_cat-savons-bio-naturels","12":"product_cat-senteurs-aromes","13":"pa_collection-natural-clay-soaps-fr","14":"pa_made-in-royaume-uni","16":"first","17":"instock","18":"purchasable","19":"product-type-simple"},"supplier_id":null,"supplier_sku":"KSoap-03","barcode":null,"atum_controlled":true,"out_stock_date":null,"out_stock_threshold":null,"inheritable":false,"inbound_stock":null,"stock_on_hold":0,"sold_today":0,"sales_last_days":0,"reserved_stock":null,"customer_returns":null,"warehouse_damage":null,"lost_in_post":null,"other_logs":null,"out_stock_days":0,"lost_sales":0,"has_location":null,"update_date":"2026-04-27T07:10:28","atum_locations":[],"atum_stock_status":"instock","restock_status":false,"low_stock_amount":"","sales_update_date":"2025-09-05T00:19:48","calc_backorders":null,"_links":{"self":[{"href":"https:\/\/aromasentia.com\/fr\/wp-json\/wp\/v2\/product\/238844","targetHints":{"allow":["GET"]}}],"collection":[{"href":"https:\/\/aromasentia.com\/fr\/wp-json\/wp\/v2\/product"}],"about":[{"href":"https:\/\/aromasentia.com\/fr\/wp-json\/wp\/v2\/types\/product"}],"replies":[{"embeddable":true,"href":"https:\/\/aromasentia.com\/fr\/wp-json\/wp\/v2\/comments?post=238844"}],"version-history":[{"count":0,"href":"https:\/\/aromasentia.com\/fr\/wp-json\/wp\/v2\/product\/238844\/revisions"}],"wp:featuredmedia":[{"embeddable":true,"href":"https:\/\/aromasentia.com\/fr\/wp-json\/wp\/v2\/media\/291509"}],"wp:attachment":[{"href":"https:\/\/aromasentia.com\/fr\/wp-json\/wp\/v2\/media?parent=238844"}],"wp:term":[{"taxonomy":"product_brand","embeddable":true,"href":"https:\/\/aromasentia.com\/fr\/wp-json\/wp\/v2\/product_brand?post=238844"},{"taxonomy":"product_cat","embeddable":true,"href":"https:\/\/aromasentia.com\/fr\/wp-json\/wp\/v2\/product_cat?post=238844"},{"taxonomy":"product_tag","embeddable":true,"href":"https:\/\/aromasentia.com\/fr\/wp-json\/wp\/v2\/product_tag?post=238844"}],"curies":[{"name":"wp","href":"https:\/\/api.w.org\/{rel}","templated":true}]}}