{"id":238788,"date":"2025-03-20T17:31:12","date_gmt":"2025-03-20T17:31:12","guid":{"rendered":"https:\/\/aromasentia.com\/product\/set-of-3-soap-flower-heart-box-spring-roses\/"},"modified":"2025-06-23T19:08:06","modified_gmt":"2025-06-23T19:08:06","slug":"boites-de-3-roses-de-savon-boite-coeur-rose-du-printemps","status":"publish","type":"product","link":"https:\/\/aromasentia.com\/fr\/boites-de-3-roses-de-savon-boite-coeur-rose-du-printemps\/","title":{"rendered":"Bo\u00eetes de 3 Roses de Savon Boite Coeur &#8211; Rose du Printemps"},"content":{"rendered":"<p>Jetez un coup d&rsquo;\u0153il \u00e0 notre merveilleuse gamme de fleurs de savon de luxe. Elles sont parfaites pour un bain romantique relaxant ou vous pouvez m\u00eame utiliser des p\u00e9tales individuels comme savon d&rsquo;invit\u00e9. Joliment emball\u00e9es, ces fleurs de savon constituent un cadeau id\u00e9al, une faveur de mariage, un cadeau de No&euml;l ou une petite surprise pour vous-m\u00eame.&nbsp;<\/p>\n<p>Ajoutez simplement une ou deux roses \u00e0 votre bain chaud, d\u00e9tendez-vous et regardez les jolies fleurs se dissoudre sous vos yeux. Vous appr\u00e9cierez certainement l&rsquo;eau color\u00e9e et le doux parfum. Il laisse votre peau douce, soyeuse et d\u00e9licieusement fra\u00eeche.&nbsp;<\/p>\n<p><strong><span style=\"color: rgb(141, 186, 216);\">Pourquoi ne pas commander d\u00e8s aujourd&rsquo;hui ? Ces fleurs de bain sont un cadeau \u00e9tonnant, qui ne manquera pas de plaire.<\/span><\/strong><\/p>\n","protected":false},"excerpt":{"rendered":"<p>Jetez un coup d&rsquo;\u0153il \u00e0 notre merveilleuse gamme de fleurs de savon de luxe. Elles sont parfaites pour un bain romantique relaxant ou vous pouvez m\u00eame utiliser des p\u00e9tales individuels comme savon d&rsquo;invit\u00e9. Joliment emball\u00e9es, ces fleurs de savon constituent un cadeau id\u00e9al, une faveur de mariage, un cadeau de No&euml;l ou une petite surprise [&hellip;]<\/p>\n","protected":false},"featured_media":292109,"comment_status":"closed","ping_status":"open","template":"","meta":{"_angie_page":false},"product_brand":[],"product_cat":[19443,26832,26369,20586,25842],"product_tag":[],"class_list":{"0":"post-238788","1":"product","2":"type-product","3":"status-publish","4":"has-post-thumbnail","6":"product_cat-bain-et-corps","7":"product_cat-floral","8":"product_cat-rose","9":"product_cat-savons-bio-naturels","10":"product_cat-senteurs-aromes","11":"pa_collection-luxury-soap-flowers-fr","12":"pa_made-in-chine","14":"first","15":"instock","16":"purchasable","17":"product-type-simple"},"supplier_id":null,"supplier_sku":"LSF-15","barcode":null,"atum_controlled":true,"out_stock_date":null,"out_stock_threshold":null,"inheritable":false,"inbound_stock":null,"stock_on_hold":0,"sold_today":0,"sales_last_days":0,"reserved_stock":null,"customer_returns":null,"warehouse_damage":null,"lost_in_post":null,"other_logs":null,"out_stock_days":0,"lost_sales":0,"has_location":null,"update_date":"2026-05-08T05:12:00","atum_locations":[],"atum_stock_status":"instock","restock_status":false,"low_stock_amount":"","sales_update_date":"2025-09-05T00:19:56","calc_backorders":null,"_links":{"self":[{"href":"https:\/\/aromasentia.com\/fr\/wp-json\/wp\/v2\/product\/238788","targetHints":{"allow":["GET"]}}],"collection":[{"href":"https:\/\/aromasentia.com\/fr\/wp-json\/wp\/v2\/product"}],"about":[{"href":"https:\/\/aromasentia.com\/fr\/wp-json\/wp\/v2\/types\/product"}],"replies":[{"embeddable":true,"href":"https:\/\/aromasentia.com\/fr\/wp-json\/wp\/v2\/comments?post=238788"}],"version-history":[{"count":0,"href":"https:\/\/aromasentia.com\/fr\/wp-json\/wp\/v2\/product\/238788\/revisions"}],"wp:featuredmedia":[{"embeddable":true,"href":"https:\/\/aromasentia.com\/fr\/wp-json\/wp\/v2\/media\/292109"}],"wp:attachment":[{"href":"https:\/\/aromasentia.com\/fr\/wp-json\/wp\/v2\/media?parent=238788"}],"wp:term":[{"taxonomy":"product_brand","embeddable":true,"href":"https:\/\/aromasentia.com\/fr\/wp-json\/wp\/v2\/product_brand?post=238788"},{"taxonomy":"product_cat","embeddable":true,"href":"https:\/\/aromasentia.com\/fr\/wp-json\/wp\/v2\/product_cat?post=238788"},{"taxonomy":"product_tag","embeddable":true,"href":"https:\/\/aromasentia.com\/fr\/wp-json\/wp\/v2\/product_tag?post=238788"}],"curies":[{"name":"wp","href":"https:\/\/api.w.org\/{rel}","templated":true}]}}