{"id":238760,"date":"2025-03-20T17:32:02","date_gmt":"2025-03-20T17:32:02","guid":{"rendered":"https:\/\/aromasentia.com\/product\/loofah-soap-loaf-1-8kg-grapefruit\/"},"modified":"2025-06-23T19:08:03","modified_gmt":"2025-06-23T19:08:03","slug":"pains-de-savon-loofah-1-7kg-pamplemousse","status":"publish","type":"product","link":"https:\/\/aromasentia.com\/fr\/pains-de-savon-loofah-1-7kg-pamplemousse\/","title":{"rendered":"Pains de Savon Loofah 1.7kg &#8211; Pamplemousse"},"content":{"rendered":"<p>Les \u00e9ponges de loofah &nbsp;proviennent de la plante loofah, qui fait partie de la famille des concombres.<\/p>\n<p>Lorsque la plante est autoris\u00e9e \u00e0 m\u00fbrir, la peau et les graines sont enlev\u00e9es pour r\u00e9v\u00e9ler la fibre de loofah. La fibre de loofah &nbsp;est ensuite lav\u00e9e pour \u00e9liminer les restes de graines et de peau. Une fois que la fibre de loofah &nbsp;est compl\u00e8tement propre, la fibre est s\u00e9ch\u00e9e.&nbsp;<\/p>\n<p>Toutes les \u00e9ponges de loofah &nbsp;offrent une excellente exfoliation naturelle et sont souvent ajout\u00e9 \u00e0 des savons comme dans cette nouvelle gamme de savon Loofah en gros fabriqu\u00e9 \u00e0 la main. L&rsquo;exfoliation est l&rsquo;une des meilleures choses que vous puissiez faire pour votre peau, et quelle meilleure fa&ccedil;on de le faire qu&rsquo;avec un savon au loofah ?&nbsp;<\/p>\n<p>Commandez aujourd&rsquo;hui et offrez \u00e0 vos clients ces savons pour un exfoliage extra intensif.<\/p>\n","protected":false},"excerpt":{"rendered":"<p>Les \u00e9ponges de loofah &nbsp;proviennent de la plante loofah, qui fait partie de la famille des concombres. Lorsque la plante est autoris\u00e9e \u00e0 m\u00fbrir, la peau et les graines sont enlev\u00e9es pour r\u00e9v\u00e9ler la fibre de loofah. La fibre de loofah &nbsp;est ensuite lav\u00e9e pour \u00e9liminer les restes de graines et de peau. Une fois [&hellip;]<\/p>\n","protected":false},"featured_media":292490,"comment_status":"closed","ping_status":"open","template":"","meta":{"_angie_page":false},"product_brand":[],"product_cat":[19443,26818,26202,20586,25842],"product_tag":[],"class_list":{"0":"post-238760","1":"product","2":"type-product","3":"status-publish","4":"has-post-thumbnail","6":"product_cat-bain-et-corps","7":"product_cat-hesperide-agrumes","8":"product_cat-pamplemousse","9":"product_cat-savons-bio-naturels","10":"product_cat-senteurs-aromes","11":"pa_made-in-lettonie","13":"first","14":"outofstock","15":"purchasable","16":"product-type-simple"},"supplier_id":null,"supplier_sku":"LSL-01","barcode":null,"atum_controlled":true,"out_stock_date":"2026-04-25 15:15:52","out_stock_threshold":null,"inheritable":false,"inbound_stock":null,"stock_on_hold":0,"sold_today":0,"sales_last_days":0,"reserved_stock":null,"customer_returns":null,"warehouse_damage":null,"lost_in_post":null,"other_logs":null,"out_stock_days":0,"lost_sales":0,"has_location":null,"update_date":"2026-04-27T07:11:23","atum_locations":[],"atum_stock_status":"outofstock","restock_status":false,"low_stock_amount":"","sales_update_date":"2025-09-05T00:20:00","calc_backorders":null,"_links":{"self":[{"href":"https:\/\/aromasentia.com\/fr\/wp-json\/wp\/v2\/product\/238760","targetHints":{"allow":["GET"]}}],"collection":[{"href":"https:\/\/aromasentia.com\/fr\/wp-json\/wp\/v2\/product"}],"about":[{"href":"https:\/\/aromasentia.com\/fr\/wp-json\/wp\/v2\/types\/product"}],"replies":[{"embeddable":true,"href":"https:\/\/aromasentia.com\/fr\/wp-json\/wp\/v2\/comments?post=238760"}],"version-history":[{"count":0,"href":"https:\/\/aromasentia.com\/fr\/wp-json\/wp\/v2\/product\/238760\/revisions"}],"wp:featuredmedia":[{"embeddable":true,"href":"https:\/\/aromasentia.com\/fr\/wp-json\/wp\/v2\/media\/292490"}],"wp:attachment":[{"href":"https:\/\/aromasentia.com\/fr\/wp-json\/wp\/v2\/media?parent=238760"}],"wp:term":[{"taxonomy":"product_brand","embeddable":true,"href":"https:\/\/aromasentia.com\/fr\/wp-json\/wp\/v2\/product_brand?post=238760"},{"taxonomy":"product_cat","embeddable":true,"href":"https:\/\/aromasentia.com\/fr\/wp-json\/wp\/v2\/product_cat?post=238760"},{"taxonomy":"product_tag","embeddable":true,"href":"https:\/\/aromasentia.com\/fr\/wp-json\/wp\/v2\/product_tag?post=238760"}],"curies":[{"name":"wp","href":"https:\/\/api.w.org\/{rel}","templated":true}]}}