{"id":238752,"date":"2025-03-20T17:32:02","date_gmt":"2025-03-20T17:32:02","guid":{"rendered":"https:\/\/aromasentia.com\/product\/set-of-3-soap-flower-heart-box-white\/"},"modified":"2025-06-23T19:08:02","modified_gmt":"2025-06-23T19:08:02","slug":"lot-de-3-roses-de-savon-boite-coeur-blanches","status":"publish","type":"product","link":"https:\/\/aromasentia.com\/fr\/lot-de-3-roses-de-savon-boite-coeur-blanches\/","title":{"rendered":"Lot de 3 Roses de Savon Boite Coeur &#8211; Blanches"},"content":{"rendered":"<p>Jetez un coup d\u2019\u0153il \u00e0 notre merveilleuse gamme de fleurs de savon de luxe. Ils sont un compl\u00e9ment parfait \u00e0 un bain romantique ou relaxant. Vous pouvez m\u00eame utiliser les p\u00e9tales individuellement comme savon pour les mains.<\/p>\n<p>Magnifiquement emball\u00e9es, ces fleurs de savon sont un cadeau parfait pour un mariage, pour Noel, ou comme cadeaux pour vous-m\u00eame.<\/p>\n<p>Ajoutez simplement une ou deux roses \u00e0 votre bain chaud, d\u00e9tendez-vous et regardez les fleurs se dissoudre juste devant vos yeux. Vous appr\u00e9cierez l&rsquo;eau color\u00e9e et le parfum qui se diffusera. Elles laisseront votre peau douce, soyeuse, et sentant merveilleusement fra\u00eeche.<\/p>\n<p>Pourquoi ne pas en commander aujourd&rsquo;hui? Ces fleurs de bain sont un cadeau magnifique qui plaira \u00e0 vos clients sans aucun doute.<\/p>\n","protected":false},"excerpt":{"rendered":"<p>Jetez un coup d\u2019\u0153il \u00e0 notre merveilleuse gamme de fleurs de savon de luxe. Ils sont un compl\u00e9ment parfait \u00e0 un bain romantique ou relaxant. Vous pouvez m\u00eame utiliser les p\u00e9tales individuellement comme savon pour les mains. Magnifiquement emball\u00e9es, ces fleurs de savon sont un cadeau parfait pour un mariage, pour Noel, ou comme cadeaux [&hellip;]<\/p>\n","protected":false},"featured_media":292432,"comment_status":"closed","ping_status":"open","template":"","meta":{"_angie_page":false},"product_brand":[],"product_cat":[19443,20586],"product_tag":[],"class_list":{"0":"post-238752","1":"product","2":"type-product","3":"status-publish","4":"has-post-thumbnail","6":"product_cat-bain-et-corps","7":"product_cat-savons-bio-naturels","8":"pa_collection-luxury-soap-flowers-fr","9":"pa_made-in-chine","11":"first","12":"instock","13":"purchasable","14":"product-type-simple"},"supplier_id":null,"supplier_sku":"LSF-26","barcode":null,"atum_controlled":true,"out_stock_date":null,"out_stock_threshold":null,"inheritable":false,"inbound_stock":null,"stock_on_hold":0,"sold_today":0,"sales_last_days":0,"reserved_stock":null,"customer_returns":null,"warehouse_damage":null,"lost_in_post":null,"other_logs":null,"out_stock_days":0,"lost_sales":0,"has_location":null,"update_date":"2026-05-08T05:12:00","atum_locations":[],"atum_stock_status":"instock","restock_status":false,"low_stock_amount":"","sales_update_date":"2025-09-05T00:19:59","calc_backorders":null,"_links":{"self":[{"href":"https:\/\/aromasentia.com\/fr\/wp-json\/wp\/v2\/product\/238752","targetHints":{"allow":["GET"]}}],"collection":[{"href":"https:\/\/aromasentia.com\/fr\/wp-json\/wp\/v2\/product"}],"about":[{"href":"https:\/\/aromasentia.com\/fr\/wp-json\/wp\/v2\/types\/product"}],"replies":[{"embeddable":true,"href":"https:\/\/aromasentia.com\/fr\/wp-json\/wp\/v2\/comments?post=238752"}],"version-history":[{"count":0,"href":"https:\/\/aromasentia.com\/fr\/wp-json\/wp\/v2\/product\/238752\/revisions"}],"wp:featuredmedia":[{"embeddable":true,"href":"https:\/\/aromasentia.com\/fr\/wp-json\/wp\/v2\/media\/292432"}],"wp:attachment":[{"href":"https:\/\/aromasentia.com\/fr\/wp-json\/wp\/v2\/media?parent=238752"}],"wp:term":[{"taxonomy":"product_brand","embeddable":true,"href":"https:\/\/aromasentia.com\/fr\/wp-json\/wp\/v2\/product_brand?post=238752"},{"taxonomy":"product_cat","embeddable":true,"href":"https:\/\/aromasentia.com\/fr\/wp-json\/wp\/v2\/product_cat?post=238752"},{"taxonomy":"product_tag","embeddable":true,"href":"https:\/\/aromasentia.com\/fr\/wp-json\/wp\/v2\/product_tag?post=238752"}],"curies":[{"name":"wp","href":"https:\/\/api.w.org\/{rel}","templated":true}]}}