{"id":238596,"date":"2025-03-20T17:33:49","date_gmt":"2025-03-20T17:33:49","guid":{"rendered":"https:\/\/aromasentia.com\/product\/floral-fizz-guava\/"},"modified":"2025-06-23T19:07:40","modified_gmt":"2025-06-23T19:07:40","slug":"galets-de-bain-effervescents-goyave","status":"publish","type":"product","link":"https:\/\/aromasentia.com\/fr\/galets-de-bain-effervescents-goyave\/","title":{"rendered":"Galets de bain effervescents Goyave"},"content":{"rendered":"<p>Rendez l&rsquo;heure du bain un peu plus sp\u00e9ciale avec nos p\u00e9tillants floraux \u00e0 la goyave.&nbsp;<\/p>\n<p>Fabriqu\u00e9 avec les meilleurs ingr\u00e9dients, ce p\u00e9tillant pour le bain d&rsquo;environ 200 g est vraiment g\u00e9nial. Il a une superbe goyave \u00e0 offrir en cadeau ou simplement \u00e0 acheter comme une petite g\u00e2terie.&nbsp;<\/p>\n<p>Les produits pour le bain sont toujours un excellent vendeur, qui n&rsquo;aime pas un bon bain ! ? Avec ce design et ce parfum \u00e9poustouflants, vos clients ne pourront pas r\u00e9sister.<\/p>\n<p>Chaque galet mesure 90 x 30 mm.<\/p>\n<p><strong><span style=\"color: rgb(141, 186, 216);\">Commandez-en aujourd&rsquo;hui et regardez-les s&rsquo;envoler de vos \u00e9tag\u00e8res.<\/span><\/strong><\/p>\n<p><\/p>\n","protected":false},"excerpt":{"rendered":"<p>Rendez l&rsquo;heure du bain un peu plus sp\u00e9ciale avec nos p\u00e9tillants floraux \u00e0 la goyave.&nbsp; Fabriqu\u00e9 avec les meilleurs ingr\u00e9dients, ce p\u00e9tillant pour le bain d&rsquo;environ 200 g est vraiment g\u00e9nial. Il a une superbe goyave \u00e0 offrir en cadeau ou simplement \u00e0 acheter comme une petite g\u00e2terie.&nbsp; Les produits pour le bain sont toujours [&hellip;]<\/p>\n","protected":false},"featured_media":293186,"comment_status":"closed","ping_status":"open","template":"","meta":{"_angie_page":false},"product_brand":[],"product_cat":[19443,20507,26846,26564,25842],"product_tag":[],"class_list":{"0":"post-238596","1":"product","2":"type-product","3":"status-publish","4":"has-post-thumbnail","6":"product_cat-bain-et-corps","7":"product_cat-boules-bombes-de-bain","8":"product_cat-fruite","9":"product_cat-goyave","10":"product_cat-senteurs-aromes","11":"pa_collection-magnificent-floral-fizzes-fr","12":"pa_made-in-royaume-uni","14":"first","15":"outofstock","16":"purchasable","17":"product-type-simple"},"supplier_id":null,"supplier_sku":"MFF-10","barcode":null,"atum_controlled":true,"out_stock_date":"2026-04-25 15:16:30","out_stock_threshold":null,"inheritable":false,"inbound_stock":0,"stock_on_hold":0,"sold_today":0,"sales_last_days":0,"reserved_stock":0,"customer_returns":0,"warehouse_damage":0,"lost_in_post":0,"other_logs":0,"out_stock_days":0,"lost_sales":0,"has_location":false,"update_date":"2026-04-27T07:12:26","atum_locations":[],"atum_stock_status":"outofstock","restock_status":false,"low_stock_amount":"","sales_update_date":"2026-01-30T01:25:30","calc_backorders":null,"_links":{"self":[{"href":"https:\/\/aromasentia.com\/fr\/wp-json\/wp\/v2\/product\/238596","targetHints":{"allow":["GET"]}}],"collection":[{"href":"https:\/\/aromasentia.com\/fr\/wp-json\/wp\/v2\/product"}],"about":[{"href":"https:\/\/aromasentia.com\/fr\/wp-json\/wp\/v2\/types\/product"}],"replies":[{"embeddable":true,"href":"https:\/\/aromasentia.com\/fr\/wp-json\/wp\/v2\/comments?post=238596"}],"version-history":[{"count":0,"href":"https:\/\/aromasentia.com\/fr\/wp-json\/wp\/v2\/product\/238596\/revisions"}],"wp:featuredmedia":[{"embeddable":true,"href":"https:\/\/aromasentia.com\/fr\/wp-json\/wp\/v2\/media\/293186"}],"wp:attachment":[{"href":"https:\/\/aromasentia.com\/fr\/wp-json\/wp\/v2\/media?parent=238596"}],"wp:term":[{"taxonomy":"product_brand","embeddable":true,"href":"https:\/\/aromasentia.com\/fr\/wp-json\/wp\/v2\/product_brand?post=238596"},{"taxonomy":"product_cat","embeddable":true,"href":"https:\/\/aromasentia.com\/fr\/wp-json\/wp\/v2\/product_cat?post=238596"},{"taxonomy":"product_tag","embeddable":true,"href":"https:\/\/aromasentia.com\/fr\/wp-json\/wp\/v2\/product_tag?post=238596"}],"curies":[{"name":"wp","href":"https:\/\/api.w.org\/{rel}","templated":true}]}}