{"id":238572,"date":"2025-03-20T17:34:08","date_gmt":"2025-03-20T17:34:08","guid":{"rendered":"https:\/\/aromasentia.com\/product\/classic-mahogany-soap-dish-rectangle\/"},"modified":"2025-06-23T19:07:37","modified_gmt":"2025-06-23T19:07:37","slug":"porte-savon-classique-rectangulaire","status":"publish","type":"product","link":"https:\/\/aromasentia.com\/fr\/porte-savon-classique-rectangulaire\/","title":{"rendered":"Porte Savon Classique Rectangulaire"},"content":{"rendered":"<p>Ces porte-savons beaux et modernes sont individuellement emball\u00e9s dans des sacs en polypropyl\u00e8ne.<\/p>\n<p>Ils vous aideront \u00e0 garder vos savons au sec entre les utilisations, permettant de prolonger au maximum la dur\u00e9e de vie de vos savons.<\/p>\n<p>Fabriqu\u00e9s \u00e0 partir de bois d\u2019Acajou<\/p>\n<p>Poids individuel: 85g Dimensions individuelles: 14.3&#215;7.8&#215;1 (cm)<\/p>\n","protected":false},"excerpt":{"rendered":"<p>Ces porte-savons beaux et modernes sont individuellement emball\u00e9s dans des sacs en polypropyl\u00e8ne. Ils vous aideront \u00e0 garder vos savons au sec entre les utilisations, permettant de prolonger au maximum la dur\u00e9e de vie de vos savons. Fabriqu\u00e9s \u00e0 partir de bois d\u2019Acajou Poids individuel: 85g Dimensions individuelles: 14.3&#215;7.8&#215;1 (cm)<\/p>\n","protected":false},"featured_media":293285,"comment_status":"closed","ping_status":"open","template":"","meta":{"_angie_page":false},"product_brand":[],"product_cat":[19443,20586],"product_tag":[],"class_list":{"0":"post-238572","1":"product","2":"type-product","3":"status-publish","4":"has-post-thumbnail","6":"product_cat-bain-et-corps","7":"product_cat-savons-bio-naturels","8":"pa_collection-classic-mahogany-soap-dishes-fr","9":"pa_made-in-indonesie","11":"first","12":"instock","13":"purchasable","14":"product-type-simple"},"supplier_id":null,"supplier_sku":"MSD-02","barcode":null,"atum_controlled":true,"out_stock_date":null,"out_stock_threshold":null,"inheritable":false,"inbound_stock":0,"stock_on_hold":0,"sold_today":0,"sales_last_days":0,"reserved_stock":0,"customer_returns":0,"warehouse_damage":0,"lost_in_post":0,"other_logs":0,"out_stock_days":0,"lost_sales":0,"has_location":false,"update_date":"2026-04-27T07:14:16","atum_locations":[],"atum_stock_status":"instock","restock_status":false,"low_stock_amount":"","sales_update_date":"2026-02-06T00:02:52","calc_backorders":null,"_links":{"self":[{"href":"https:\/\/aromasentia.com\/fr\/wp-json\/wp\/v2\/product\/238572","targetHints":{"allow":["GET"]}}],"collection":[{"href":"https:\/\/aromasentia.com\/fr\/wp-json\/wp\/v2\/product"}],"about":[{"href":"https:\/\/aromasentia.com\/fr\/wp-json\/wp\/v2\/types\/product"}],"replies":[{"embeddable":true,"href":"https:\/\/aromasentia.com\/fr\/wp-json\/wp\/v2\/comments?post=238572"}],"version-history":[{"count":0,"href":"https:\/\/aromasentia.com\/fr\/wp-json\/wp\/v2\/product\/238572\/revisions"}],"wp:featuredmedia":[{"embeddable":true,"href":"https:\/\/aromasentia.com\/fr\/wp-json\/wp\/v2\/media\/293285"}],"wp:attachment":[{"href":"https:\/\/aromasentia.com\/fr\/wp-json\/wp\/v2\/media?parent=238572"}],"wp:term":[{"taxonomy":"product_brand","embeddable":true,"href":"https:\/\/aromasentia.com\/fr\/wp-json\/wp\/v2\/product_brand?post=238572"},{"taxonomy":"product_cat","embeddable":true,"href":"https:\/\/aromasentia.com\/fr\/wp-json\/wp\/v2\/product_cat?post=238572"},{"taxonomy":"product_tag","embeddable":true,"href":"https:\/\/aromasentia.com\/fr\/wp-json\/wp\/v2\/product_tag?post=238572"}],"curies":[{"name":"wp","href":"https:\/\/api.w.org\/{rel}","templated":true}]}}