{"id":238568,"date":"2025-03-20T17:34:08","date_gmt":"2025-03-20T17:34:08","guid":{"rendered":"https:\/\/aromasentia.com\/product\/classic-mahogany-soap-dish-oval\/"},"modified":"2025-06-23T19:07:36","modified_gmt":"2025-06-23T19:07:36","slug":"porte-savon-classic-naseberry-ovale","status":"publish","type":"product","link":"https:\/\/aromasentia.com\/fr\/porte-savon-classic-naseberry-ovale\/","title":{"rendered":"Porte-Savon Classic Naseberry &#8211; Ovale"},"content":{"rendered":"<h1>Porte-Savon Classique en Bois de Naseberry &nbsp;Ovale &ndash; Design \u00e9l\u00e9gant et Fonctionnel<\/h1>\n<p>Un porte-savon en bois de naseberry au design contemporain et pratique<\/p>\n<p>Ajoutez une touche de sophistication intemporelle \u00e0 votre salle de bains avec notre porte-savon classique. Ce mod\u00e8le ovale est con&ccedil;u avec des fentes et des trous de drainage pour assurer que votre savon reste frais et sec.&nbsp;<\/p>\n<p>Fabriqu\u00e9 avec du bois de naseberry, un mat\u00e9riau reconnu pour sa solidit\u00e9 et sa r\u00e9sistance, il offre un parfait \u00e9quilibre entre fonctionnalit\u00e9 et style.<\/p>\n<p>&#8211;&nbsp;<strong>Caract\u00e9ristiques :<\/strong><\/p>\n<ul data-end=\"1164\" data-start=\"718\">\n<li data-end=\"767\" data-start=\"718\">\n<p><strong>Design ovale \u00e9l\u00e9gant,<\/strong> contemporain et \u00e9pur\u00e9<\/p>\n<\/li>\n<li data-end=\"834\" data-start=\"768\">\n<p><strong>Mat\u00e9riau :<\/strong> bois de naseberry (ou zapota), durable et robuste<\/p>\n<\/li>\n<li data-end=\"898\" data-start=\"835\">\n<p><strong>Drainage :<\/strong> fentes et trous pour garder votre savon au sec<\/p>\n<\/li>\n<li data-end=\"1030\" data-start=\"899\">\n<p><strong>Emballage :<\/strong> chaque porte-savon est livr\u00e9 avec un code-barres individuel et soigneusement emball\u00e9 dans du papier brun.<\/p>\n<\/li>\n<li data-end=\"1164\" data-start=\"1031\">\n<p><strong>Entretien : <\/strong>nettoyez sous l&rsquo;eau chaude et laissez s\u00e9cher \u00e0 l&rsquo;air libre. Ne pas immerger dans l&rsquo;eau ni passer au lave-vaisselle.<\/p>\n<\/li>\n<\/ul>\n<p>Ce porte-savon ajoute non seulement une touche luxueuse \u00e0 votre salle de bains, mais il est aussi pratique et respectueux de votre savon.<\/p>\n<p><strong>Un v\u00e9ritable ajout de charme et de sophistication pour votre espace.<\/strong><\/p>\n","protected":false},"excerpt":{"rendered":"<p>Porte-Savon Classique en Bois de Naseberry &nbsp;Ovale &ndash; Design \u00e9l\u00e9gant et Fonctionnel Un porte-savon en bois de naseberry au design contemporain et pratique Ajoutez une touche de sophistication intemporelle \u00e0 votre salle de bains avec notre porte-savon classique. Ce mod\u00e8le ovale est con&ccedil;u avec des fentes et des trous de drainage pour assurer que votre [&hellip;]<\/p>\n","protected":false},"featured_media":293244,"comment_status":"closed","ping_status":"open","template":"","meta":{"_angie_page":false},"product_brand":[],"product_cat":[19443,20586],"product_tag":[],"class_list":{"0":"post-238568","1":"product","2":"type-product","3":"status-publish","4":"has-post-thumbnail","6":"product_cat-bain-et-corps","7":"product_cat-savons-bio-naturels","8":"pa_collection-classic-mahogany-soap-dishes-fr","9":"pa_made-in-indonesie","11":"first","12":"instock","13":"purchasable","14":"product-type-simple"},"supplier_id":null,"supplier_sku":"MSD-01","barcode":null,"atum_controlled":true,"out_stock_date":null,"out_stock_threshold":null,"inheritable":false,"inbound_stock":null,"stock_on_hold":0,"sold_today":0,"sales_last_days":0,"reserved_stock":null,"customer_returns":null,"warehouse_damage":null,"lost_in_post":null,"other_logs":null,"out_stock_days":0,"lost_sales":0,"has_location":null,"update_date":"2026-04-27T07:14:08","atum_locations":[],"atum_stock_status":"instock","restock_status":false,"low_stock_amount":"","sales_update_date":"2026-02-06T00:02:03","calc_backorders":null,"_links":{"self":[{"href":"https:\/\/aromasentia.com\/fr\/wp-json\/wp\/v2\/product\/238568","targetHints":{"allow":["GET"]}}],"collection":[{"href":"https:\/\/aromasentia.com\/fr\/wp-json\/wp\/v2\/product"}],"about":[{"href":"https:\/\/aromasentia.com\/fr\/wp-json\/wp\/v2\/types\/product"}],"replies":[{"embeddable":true,"href":"https:\/\/aromasentia.com\/fr\/wp-json\/wp\/v2\/comments?post=238568"}],"version-history":[{"count":0,"href":"https:\/\/aromasentia.com\/fr\/wp-json\/wp\/v2\/product\/238568\/revisions"}],"wp:featuredmedia":[{"embeddable":true,"href":"https:\/\/aromasentia.com\/fr\/wp-json\/wp\/v2\/media\/293244"}],"wp:attachment":[{"href":"https:\/\/aromasentia.com\/fr\/wp-json\/wp\/v2\/media?parent=238568"}],"wp:term":[{"taxonomy":"product_brand","embeddable":true,"href":"https:\/\/aromasentia.com\/fr\/wp-json\/wp\/v2\/product_brand?post=238568"},{"taxonomy":"product_cat","embeddable":true,"href":"https:\/\/aromasentia.com\/fr\/wp-json\/wp\/v2\/product_cat?post=238568"},{"taxonomy":"product_tag","embeddable":true,"href":"https:\/\/aromasentia.com\/fr\/wp-json\/wp\/v2\/product_tag?post=238568"}],"curies":[{"name":"wp","href":"https:\/\/api.w.org\/{rel}","templated":true}]}}