{"id":238544,"date":"2025-03-20T17:34:46","date_gmt":"2025-03-20T17:34:46","guid":{"rendered":"https:\/\/aromasentia.com\/product\/pebble-shape-mahogany-soap-dish\/"},"modified":"2025-06-23T19:07:32","modified_gmt":"2025-06-23T19:07:32","slug":"porte-savon-en-bois-de-naseberry-forme-galet","status":"publish","type":"product","link":"https:\/\/aromasentia.com\/fr\/porte-savon-en-bois-de-naseberry-forme-galet\/","title":{"rendered":"Porte-Savon en Bois de Naseberry \u2013 Forme Galet"},"content":{"rendered":"<h1>Porte-Savon en Bois de Naseberry &ndash; Forme Galet<\/h1>\n<p>Design organique et contemporain, fabriqu\u00e9 pour durer<\/p>\n<p>Apportez la beaut\u00e9 de la nature dans votre salle de bain avec notre porte-savon en bois de Naseberry en forme de galet. Inspir\u00e9 des formes organiques de la nature, ce porte-savon imite les courbes lisses d\u2019un galet de rivi\u00e8re. Con&ccedil;u avec soin, il ajoute une touche de tranquillit\u00e9 \u00e0 votre espace de bain, cr\u00e9ant une ambiance apaisante et \u00e9l\u00e9gante.<\/p>\n<p><strong>Caract\u00e9ristiques :<\/strong><\/p>\n<ul data-end=\"1087\" data-start=\"641\">\n<li data-end=\"746\" data-start=\"641\">\n<p><strong>Mat\u00e9riau :&nbsp;<\/strong>Bois de Naseberry (ou Zapota), reconnu pour sa solidit\u00e9 et sa r\u00e9sistance<\/p>\n<\/li>\n<li data-end=\"832\" data-start=\"747\">\n<p><strong>Design organique :<\/strong> Forme de galet aux courbes douces, inspir\u00e9e de la nature<\/p>\n<\/li>\n<li data-end=\"958\" data-start=\"833\">\n<p><strong>Drainage efficace :<\/strong> Fentes et trous permettant \u00e0 l&rsquo;humidit\u00e9 de s\u2019\u00e9chapper, pr\u00e9servant ainsi la long\u00e9vit\u00e9 de votre savon<\/p>\n<\/li>\n<li data-end=\"1087\" data-start=\"959\">\n<p><strong>Emballage \u00e9l\u00e9gant :&nbsp;<\/strong>Chaque porte-savon est \u00e9tiquet\u00e9 avec un code-barres individuel et emball\u00e9 dans du papier brun.<\/p>\n<\/li>\n<\/ul>\n<p><strong>Entretien Facile :<\/strong><\/p>\n<p>Pour garder votre porte-savon impeccable, frottez-le sous l&rsquo;eau chaude pour enlever les r\u00e9sidus de savon, puis laissez-le s\u00e9cher \u00e0 l&rsquo;air libre.&nbsp;<\/p>\n<p>Important : Ne jamais placer le porte-savon en bois au lave-vaisselle ni l&rsquo;immerger dans l\u2019\u00e9vier pour pr\u00e9server sa durabilit\u00e9.<\/p>\n<p><strong>Avec son design inspir\u00e9 des galets et son mat\u00e9riau durable, ce porte-savon est l\u2019accessoire id\u00e9al pour \u00e9lever le d\u00e9cor de votre salle de bain tout en apportant une touche de calme et de nature.<\/strong><\/p>\n","protected":false},"excerpt":{"rendered":"<p>Porte-Savon en Bois de Naseberry &ndash; Forme Galet Design organique et contemporain, fabriqu\u00e9 pour durer Apportez la beaut\u00e9 de la nature dans votre salle de bain avec notre porte-savon en bois de Naseberry en forme de galet. Inspir\u00e9 des formes organiques de la nature, ce porte-savon imite les courbes lisses d\u2019un galet de rivi\u00e8re. Con&ccedil;u [&hellip;]<\/p>\n","protected":false},"featured_media":293408,"comment_status":"closed","ping_status":"open","template":"","meta":[],"product_brand":[],"product_cat":[19443,20586],"product_tag":[],"class_list":{"0":"post-238544","1":"product","2":"type-product","3":"status-publish","4":"has-post-thumbnail","6":"product_cat-bain-et-corps","7":"product_cat-savons-bio-naturels","8":"pa_collection-classic-mahogany-soap-dishes-fr","9":"pa_made-in-indonesie","11":"first","12":"instock","13":"purchasable","14":"product-type-simple"},"supplier_id":null,"supplier_sku":"MSD-05","barcode":null,"atum_controlled":true,"out_stock_date":null,"out_stock_threshold":null,"inheritable":false,"inbound_stock":null,"stock_on_hold":0,"sold_today":0,"sales_last_days":0,"reserved_stock":null,"customer_returns":null,"warehouse_damage":null,"lost_in_post":null,"other_logs":null,"out_stock_days":0,"lost_sales":0,"has_location":null,"update_date":"2026-02-10T22:37:19","atum_locations":[],"atum_stock_status":"instock","restock_status":false,"low_stock_amount":"","sales_update_date":"2026-02-06T00:01:28","calc_backorders":null,"_links":{"self":[{"href":"https:\/\/aromasentia.com\/fr\/wp-json\/wp\/v2\/product\/238544","targetHints":{"allow":["GET"]}}],"collection":[{"href":"https:\/\/aromasentia.com\/fr\/wp-json\/wp\/v2\/product"}],"about":[{"href":"https:\/\/aromasentia.com\/fr\/wp-json\/wp\/v2\/types\/product"}],"replies":[{"embeddable":true,"href":"https:\/\/aromasentia.com\/fr\/wp-json\/wp\/v2\/comments?post=238544"}],"version-history":[{"count":0,"href":"https:\/\/aromasentia.com\/fr\/wp-json\/wp\/v2\/product\/238544\/revisions"}],"wp:featuredmedia":[{"embeddable":true,"href":"https:\/\/aromasentia.com\/fr\/wp-json\/wp\/v2\/media\/293408"}],"wp:attachment":[{"href":"https:\/\/aromasentia.com\/fr\/wp-json\/wp\/v2\/media?parent=238544"}],"wp:term":[{"taxonomy":"product_brand","embeddable":true,"href":"https:\/\/aromasentia.com\/fr\/wp-json\/wp\/v2\/product_brand?post=238544"},{"taxonomy":"product_cat","embeddable":true,"href":"https:\/\/aromasentia.com\/fr\/wp-json\/wp\/v2\/product_cat?post=238544"},{"taxonomy":"product_tag","embeddable":true,"href":"https:\/\/aromasentia.com\/fr\/wp-json\/wp\/v2\/product_tag?post=238544"}],"curies":[{"name":"wp","href":"https:\/\/api.w.org\/{rel}","templated":true}]}}