{"id":238540,"date":"2025-03-20T17:35:21","date_gmt":"2025-03-20T17:35:21","guid":{"rendered":"https:\/\/aromasentia.com\/product\/massage-soaps-spearmint-eucalyptus\/"},"modified":"2025-06-23T19:07:31","modified_gmt":"2025-06-23T19:07:31","slug":"savons-de-massage-menthe-verte-eucalyptus","status":"publish","type":"product","link":"https:\/\/aromasentia.com\/fr\/savons-de-massage-menthe-verte-eucalyptus\/","title":{"rendered":"Savons de massage &#8211; Menthe verte &#038; Eucalyptus"},"content":{"rendered":"<p>Les <strong><span style=\"color: rgb(97, 189, 109);\">Savons de massage Ancient Wisdom<\/span><\/strong> aident \u00e0 \u00e9liminer les huiles et les toxines obstruant les pores de la peau ainsi qu&rsquo;\u00e0 stimuler la circulation.&nbsp;<\/p>\n<p>Au fil du temps, il est connu que ces savons aident \u00e9galement \u00e0 r\u00e9duire et \u00e0 combattre la cellulite et \u00e0 rendre la peau plus ferme.&nbsp;<\/p>\n<p><strong>Comment stocker :<\/strong> Gardez-le au frais et au sec jusqu&rsquo;\u00e0 ce que vous soyez pr\u00eat \u00e0 vous offrir un soin de spa \u00e0 domicile ou que votre peau ait besoin d&rsquo;un regain d&rsquo;hydratation.&nbsp;<\/p>\n<p><strong>Comment utiliser:<\/strong> Faire mousser avec de l&rsquo;eau et masser sur le corps, rincer \u00e0 l&rsquo;eau claire.&nbsp;<\/p>\n<p><em>Taille du savon : 5x5x5 (cm)<\/em><\/p>\n","protected":false},"excerpt":{"rendered":"<p>Les Savons de massage Ancient Wisdom aident \u00e0 \u00e9liminer les huiles et les toxines obstruant les pores de la peau ainsi qu&rsquo;\u00e0 stimuler la circulation.&nbsp; Au fil du temps, il est connu que ces savons aident \u00e9galement \u00e0 r\u00e9duire et \u00e0 combattre la cellulite et \u00e0 rendre la peau plus ferme.&nbsp; Comment stocker : Gardez-le [&hellip;]<\/p>\n","protected":false},"featured_media":293665,"comment_status":"closed","ping_status":"open","template":"","meta":[],"product_brand":[],"product_cat":[19443,26180,26867,26391,26874,20586,25842],"product_tag":[],"class_list":{"0":"post-238540","1":"product","2":"type-product","3":"status-publish","4":"has-post-thumbnail","6":"product_cat-bain-et-corps","7":"product_cat-eucalyptus","8":"product_cat-medicinal-camphre","9":"product_cat-menthe-verte","10":"product_cat-menthole","11":"product_cat-savons-bio-naturels","12":"product_cat-senteurs-aromes","13":"pa_made-in-royaume-uni","15":"first","16":"instock","17":"purchasable","18":"product-type-simple"},"supplier_id":null,"supplier_sku":"MSP-01","barcode":null,"atum_controlled":true,"out_stock_date":null,"out_stock_threshold":null,"inheritable":false,"inbound_stock":null,"stock_on_hold":0,"sold_today":0,"sales_last_days":0,"reserved_stock":null,"customer_returns":null,"warehouse_damage":null,"lost_in_post":null,"other_logs":null,"out_stock_days":0,"lost_sales":0,"has_location":null,"update_date":"2026-02-04T10:27:48","atum_locations":[],"atum_stock_status":"instock","restock_status":false,"low_stock_amount":"","sales_update_date":"2025-09-05T00:20:12","calc_backorders":null,"_links":{"self":[{"href":"https:\/\/aromasentia.com\/fr\/wp-json\/wp\/v2\/product\/238540","targetHints":{"allow":["GET"]}}],"collection":[{"href":"https:\/\/aromasentia.com\/fr\/wp-json\/wp\/v2\/product"}],"about":[{"href":"https:\/\/aromasentia.com\/fr\/wp-json\/wp\/v2\/types\/product"}],"replies":[{"embeddable":true,"href":"https:\/\/aromasentia.com\/fr\/wp-json\/wp\/v2\/comments?post=238540"}],"version-history":[{"count":0,"href":"https:\/\/aromasentia.com\/fr\/wp-json\/wp\/v2\/product\/238540\/revisions"}],"wp:featuredmedia":[{"embeddable":true,"href":"https:\/\/aromasentia.com\/fr\/wp-json\/wp\/v2\/media\/293665"}],"wp:attachment":[{"href":"https:\/\/aromasentia.com\/fr\/wp-json\/wp\/v2\/media?parent=238540"}],"wp:term":[{"taxonomy":"product_brand","embeddable":true,"href":"https:\/\/aromasentia.com\/fr\/wp-json\/wp\/v2\/product_brand?post=238540"},{"taxonomy":"product_cat","embeddable":true,"href":"https:\/\/aromasentia.com\/fr\/wp-json\/wp\/v2\/product_cat?post=238540"},{"taxonomy":"product_tag","embeddable":true,"href":"https:\/\/aromasentia.com\/fr\/wp-json\/wp\/v2\/product_tag?post=238540"}],"curies":[{"name":"wp","href":"https:\/\/api.w.org\/{rel}","templated":true}]}}