{"id":238536,"date":"2025-03-20T17:35:21","date_gmt":"2025-03-20T17:35:21","guid":{"rendered":"https:\/\/aromasentia.com\/product\/massage-soaps-tea-tree-aloe-vera\/"},"modified":"2025-06-23T19:07:31","modified_gmt":"2025-06-23T19:07:31","slug":"savons-de-massage-tea-tree-aloe-vera","status":"publish","type":"product","link":"https:\/\/aromasentia.com\/fr\/savons-de-massage-tea-tree-aloe-vera\/","title":{"rendered":"Savons de Massage &#8211; Tea Tree &#038; Aloe Vera"},"content":{"rendered":"<p>Les<span style=\"color: rgb(255, 192, 203);\">&nbsp;<\/span><span style=\"color: rgb(61, 142, 185);\"><strong>Savons de massage Ancient Wisdom<\/strong> <\/span>aident \u00e0 \u00e9liminer les huiles et les toxines obstruant les pores de la peau ainsi qu&rsquo;\u00e0 stimuler la circulation.&nbsp;<\/p>\n<p>Au fil du temps, il est connu que ces savons aident \u00e9galement \u00e0 r\u00e9duire et \u00e0 combattre la cellulite et \u00e0 rendre la peau plus ferme.&nbsp;<\/p>\n<p><strong>Comment stocker :<\/strong> Gardez-le au frais et au sec jusqu&rsquo;\u00e0 ce que vous soyez pr\u00eat \u00e0 vous offrir un soin de spa \u00e0 domicile ou que votre peau ait besoin d&rsquo;un regain d&rsquo;hydratation.&nbsp;<\/p>\n<p><strong>Comment utiliser:<\/strong> Faire mousser avec de l&rsquo;eau et masser sur le corps, rincer \u00e0 l&rsquo;eau claire.&nbsp;<\/p>\n<p><em>Taille du savon : 5x5x5 (cm)<\/em><\/p>\n","protected":false},"excerpt":{"rendered":"<p>Les&nbsp;Savons de massage Ancient Wisdom aident \u00e0 \u00e9liminer les huiles et les toxines obstruant les pores de la peau ainsi qu&rsquo;\u00e0 stimuler la circulation.&nbsp; Au fil du temps, il est connu que ces savons aident \u00e9galement \u00e0 r\u00e9duire et \u00e0 combattre la cellulite et \u00e0 rendre la peau plus ferme.&nbsp; Comment stocker : Gardez-le au [&hellip;]<\/p>\n","protected":false},"featured_media":293640,"comment_status":"closed","ping_status":"open","template":"","meta":[],"product_brand":[],"product_cat":[26578,26409,19443,26839,26867,20586,25842],"product_tag":[],"class_list":{"0":"post-238536","1":"product","2":"type-product","3":"status-publish","4":"has-post-thumbnail","6":"product_cat-aloe-vera","7":"product_cat-arbre-a-the-tea-tree","8":"product_cat-bain-et-corps","9":"product_cat-frais-propre","10":"product_cat-medicinal-camphre","11":"product_cat-savons-bio-naturels","12":"product_cat-senteurs-aromes","13":"pa_made-in-royaume-uni","15":"first","16":"instock","17":"purchasable","18":"product-type-simple"},"supplier_id":null,"supplier_sku":"MSP-02","barcode":null,"atum_controlled":true,"out_stock_date":null,"out_stock_threshold":null,"inheritable":false,"inbound_stock":null,"stock_on_hold":0,"sold_today":0,"sales_last_days":0,"reserved_stock":null,"customer_returns":null,"warehouse_damage":null,"lost_in_post":null,"other_logs":null,"out_stock_days":0,"lost_sales":0,"has_location":null,"update_date":"2026-02-06T08:24:59","atum_locations":[],"atum_stock_status":"instock","restock_status":false,"low_stock_amount":"","sales_update_date":"2025-09-05T00:20:11","calc_backorders":null,"_links":{"self":[{"href":"https:\/\/aromasentia.com\/fr\/wp-json\/wp\/v2\/product\/238536","targetHints":{"allow":["GET"]}}],"collection":[{"href":"https:\/\/aromasentia.com\/fr\/wp-json\/wp\/v2\/product"}],"about":[{"href":"https:\/\/aromasentia.com\/fr\/wp-json\/wp\/v2\/types\/product"}],"replies":[{"embeddable":true,"href":"https:\/\/aromasentia.com\/fr\/wp-json\/wp\/v2\/comments?post=238536"}],"version-history":[{"count":0,"href":"https:\/\/aromasentia.com\/fr\/wp-json\/wp\/v2\/product\/238536\/revisions"}],"wp:featuredmedia":[{"embeddable":true,"href":"https:\/\/aromasentia.com\/fr\/wp-json\/wp\/v2\/media\/293640"}],"wp:attachment":[{"href":"https:\/\/aromasentia.com\/fr\/wp-json\/wp\/v2\/media?parent=238536"}],"wp:term":[{"taxonomy":"product_brand","embeddable":true,"href":"https:\/\/aromasentia.com\/fr\/wp-json\/wp\/v2\/product_brand?post=238536"},{"taxonomy":"product_cat","embeddable":true,"href":"https:\/\/aromasentia.com\/fr\/wp-json\/wp\/v2\/product_cat?post=238536"},{"taxonomy":"product_tag","embeddable":true,"href":"https:\/\/aromasentia.com\/fr\/wp-json\/wp\/v2\/product_tag?post=238536"}],"curies":[{"name":"wp","href":"https:\/\/api.w.org\/{rel}","templated":true}]}}