{"id":238508,"date":"2025-03-20T17:35:54","date_gmt":"2025-03-20T17:35:54","guid":{"rendered":"https:\/\/aromasentia.com\/product\/boxed-single-massage-soaps-lavender-lilac\/"},"modified":"2025-06-23T19:07:27","modified_gmt":"2025-06-23T19:07:27","slug":"savons-de-massage-emballes-dans-une-boite-lavande-et-lilas","status":"publish","type":"product","link":"https:\/\/aromasentia.com\/fr\/savons-de-massage-emballes-dans-une-boite-lavande-et-lilas\/","title":{"rendered":"Savons de Massage emball\u00e9s dans une bo\u00eete &#8211; Lavande et Lilas"},"content":{"rendered":"<p><strong><span style=\"color: rgb(75, 80, 88);\">Les Savons de Massage &nbsp;&#8211; Lavande &amp; Lila<\/span><\/strong> Ancient Wisdom sont maintenant disponibles emball\u00e9s dans des bo\u00eetes en carton &#8211; pr\u00eats \u00e0 \u00eatre affich\u00e9s sur les \u00e9tag\u00e8res de votre magasin.&nbsp;<\/p>\n<p>Des rubans color\u00e9s et de beaux parfums attireront s\u00fbrement l&rsquo;attention de vos clients. Les pains de savon de massage aident \u00e0 nettoyer les pores de la peau en \u00e9liminant les toxines qui les bloquent.&nbsp;<\/p>\n<p>Leur forme unique stimule la circulation pendant le massage, ce qui au fil du temps aide \u00e0 r\u00e9duire la cellulite et \u00e0 raffermir la peau.&nbsp;<\/p>\n<p>Comment stocker : Gardez le savon de massage au frais et au sec jusqu&rsquo;\u00e0 ce que vous soyez pr\u00eat \u00e0 vous adonner \u00e0 un traitement de spa \u00e0 domicile ou que votre peau ait besoin d&rsquo;un regain d&rsquo;hydratation.&nbsp;<\/p>\n<p><strong><span style=\"color: rgb(141, 186, 216);\">Comment utiliser: Faire mousser avec de l&rsquo;eau et masser sur le corps, rincer \u00e0 l&rsquo;eau claire. Taille du savon : 5x5x5 (cm), 170g<\/span><\/strong><\/p>\n","protected":false},"excerpt":{"rendered":"<p>Les Savons de Massage &nbsp;&#8211; Lavande &amp; Lila Ancient Wisdom sont maintenant disponibles emball\u00e9s dans des bo\u00eetes en carton &#8211; pr\u00eats \u00e0 \u00eatre affich\u00e9s sur les \u00e9tag\u00e8res de votre magasin.&nbsp; Des rubans color\u00e9s et de beaux parfums attireront s\u00fbrement l&rsquo;attention de vos clients. Les pains de savon de massage aident \u00e0 nettoyer les pores de [&hellip;]<\/p>\n","protected":false},"featured_media":293723,"comment_status":"closed","ping_status":"open","template":"","meta":[],"product_brand":[],"product_cat":[19443,26832,26233,20586,25842],"product_tag":[],"class_list":{"0":"post-238508","1":"product","2":"type-product","3":"status-publish","4":"has-post-thumbnail","6":"product_cat-bain-et-corps","7":"product_cat-floral","8":"product_cat-lavande","9":"product_cat-savons-bio-naturels","10":"product_cat-senteurs-aromes","11":"pa_collection-boxed-single-massage-soaps-fr","12":"pa_made-in-royaume-uni","14":"first","15":"instock","16":"purchasable","17":"product-type-simple"},"supplier_id":null,"supplier_sku":"MSPS-05","barcode":null,"atum_controlled":true,"out_stock_date":null,"out_stock_threshold":null,"inheritable":false,"inbound_stock":null,"stock_on_hold":0,"sold_today":0,"sales_last_days":0,"reserved_stock":null,"customer_returns":null,"warehouse_damage":null,"lost_in_post":null,"other_logs":null,"out_stock_days":0,"lost_sales":0,"has_location":null,"update_date":"2026-02-10T03:20:59","atum_locations":[],"atum_stock_status":"instock","restock_status":false,"low_stock_amount":"","sales_update_date":"2025-09-05T00:20:12","calc_backorders":null,"_links":{"self":[{"href":"https:\/\/aromasentia.com\/fr\/wp-json\/wp\/v2\/product\/238508","targetHints":{"allow":["GET"]}}],"collection":[{"href":"https:\/\/aromasentia.com\/fr\/wp-json\/wp\/v2\/product"}],"about":[{"href":"https:\/\/aromasentia.com\/fr\/wp-json\/wp\/v2\/types\/product"}],"replies":[{"embeddable":true,"href":"https:\/\/aromasentia.com\/fr\/wp-json\/wp\/v2\/comments?post=238508"}],"version-history":[{"count":0,"href":"https:\/\/aromasentia.com\/fr\/wp-json\/wp\/v2\/product\/238508\/revisions"}],"wp:featuredmedia":[{"embeddable":true,"href":"https:\/\/aromasentia.com\/fr\/wp-json\/wp\/v2\/media\/293723"}],"wp:attachment":[{"href":"https:\/\/aromasentia.com\/fr\/wp-json\/wp\/v2\/media?parent=238508"}],"wp:term":[{"taxonomy":"product_brand","embeddable":true,"href":"https:\/\/aromasentia.com\/fr\/wp-json\/wp\/v2\/product_brand?post=238508"},{"taxonomy":"product_cat","embeddable":true,"href":"https:\/\/aromasentia.com\/fr\/wp-json\/wp\/v2\/product_cat?post=238508"},{"taxonomy":"product_tag","embeddable":true,"href":"https:\/\/aromasentia.com\/fr\/wp-json\/wp\/v2\/product_tag?post=238508"}],"curies":[{"name":"wp","href":"https:\/\/api.w.org\/{rel}","templated":true}]}}