{"id":238448,"date":"2025-03-20T17:36:52","date_gmt":"2025-03-20T17:36:52","guid":{"rendered":"https:\/\/aromasentia.com\/product\/natural-loofah-body-scrubs-back-scrub\/"},"modified":"2025-06-23T19:07:18","modified_gmt":"2025-06-23T19:07:18","slug":"exfoliant-loofah-naturel-dos-double-face","status":"publish","type":"product","link":"https:\/\/aromasentia.com\/fr\/exfoliant-loofah-naturel-dos-double-face\/","title":{"rendered":"Exfoliant Loofah Naturel &#8211; Dos Double Face"},"content":{"rendered":"<p>Les gommages naturels Loofah sont enti\u00e8rement biod\u00e9gradables et donc respectueux de l&apos;environnement. Fabriqu\u00e9 en loofah et en coton avec des \u00e9tiquettes AW Earth.<\/p>\n<p>En usant de cette gamme exfoliante, votre peau restera assur\u00e9ment douce au toucher. Vos clients sauteront sur l&apos;occasion pour les obtenir.<\/p>\n<p>Ils feront un excellent produit de vente avec tous nos produits d&apos;aromath\u00e9rapie, de savon ou de beaut\u00e9 et rendront parfaits dans des paniers-cadeaux. Associez des tranches de savon avec un gommage au loofah pour faire un excellent cadeau \u00e0 valeur ajout\u00e9e.<\/p>\n<p><\/p>\n<p>Ces gommages naturels sont un produit naturellement SANS PLASTIQUE et de ce fait booster vos ventes, commandez les d\u00e8s aujourd&apos;hui!<\/p>\n","protected":false},"excerpt":{"rendered":"<p>Les gommages naturels Loofah sont enti\u00e8rement biod\u00e9gradables et donc respectueux de l&apos;environnement. Fabriqu\u00e9 en loofah et en coton avec des \u00e9tiquettes AW Earth. En usant de cette gamme exfoliante, votre peau restera assur\u00e9ment douce au toucher. Vos clients sauteront sur l&apos;occasion pour les obtenir. Ils feront un excellent produit de vente avec tous nos produits [&hellip;]<\/p>\n","protected":false},"featured_media":294058,"comment_status":"closed","ping_status":"open","template":"","meta":[],"product_brand":[],"product_cat":[19443],"product_tag":[],"class_list":{"0":"post-238448","1":"product","2":"type-product","3":"status-publish","4":"has-post-thumbnail","6":"product_cat-bain-et-corps","7":"pa_collection-natural-loofah-body-scrubs-fr","8":"pa_made-in-chine","10":"first","11":"instock","12":"purchasable","13":"product-type-simple"},"supplier_id":null,"supplier_sku":"NLBS-07","barcode":null,"atum_controlled":true,"out_stock_date":null,"out_stock_threshold":null,"inheritable":false,"inbound_stock":0,"stock_on_hold":0,"sold_today":0,"sales_last_days":0,"reserved_stock":0,"customer_returns":0,"warehouse_damage":0,"lost_in_post":0,"other_logs":0,"out_stock_days":0,"lost_sales":0,"has_location":false,"update_date":"2026-02-10T03:21:21","atum_locations":[],"atum_stock_status":"instock","restock_status":false,"low_stock_amount":"","sales_update_date":"2026-01-30T01:24:43","calc_backorders":null,"_links":{"self":[{"href":"https:\/\/aromasentia.com\/fr\/wp-json\/wp\/v2\/product\/238448","targetHints":{"allow":["GET"]}}],"collection":[{"href":"https:\/\/aromasentia.com\/fr\/wp-json\/wp\/v2\/product"}],"about":[{"href":"https:\/\/aromasentia.com\/fr\/wp-json\/wp\/v2\/types\/product"}],"replies":[{"embeddable":true,"href":"https:\/\/aromasentia.com\/fr\/wp-json\/wp\/v2\/comments?post=238448"}],"version-history":[{"count":0,"href":"https:\/\/aromasentia.com\/fr\/wp-json\/wp\/v2\/product\/238448\/revisions"}],"wp:featuredmedia":[{"embeddable":true,"href":"https:\/\/aromasentia.com\/fr\/wp-json\/wp\/v2\/media\/294058"}],"wp:attachment":[{"href":"https:\/\/aromasentia.com\/fr\/wp-json\/wp\/v2\/media?parent=238448"}],"wp:term":[{"taxonomy":"product_brand","embeddable":true,"href":"https:\/\/aromasentia.com\/fr\/wp-json\/wp\/v2\/product_brand?post=238448"},{"taxonomy":"product_cat","embeddable":true,"href":"https:\/\/aromasentia.com\/fr\/wp-json\/wp\/v2\/product_cat?post=238448"},{"taxonomy":"product_tag","embeddable":true,"href":"https:\/\/aromasentia.com\/fr\/wp-json\/wp\/v2\/product_tag?post=238448"}],"curies":[{"name":"wp","href":"https:\/\/api.w.org\/{rel}","templated":true}]}}