{"id":238392,"date":"2025-03-20T17:37:28","date_gmt":"2025-03-20T17:37:28","guid":{"rendered":"https:\/\/aromasentia.com\/product\/natural-coconut-soap-dispencer-150ml\/"},"modified":"2025-06-23T19:07:10","modified_gmt":"2025-06-23T19:07:10","slug":"distributeur-de-savon-en-noix-de-coco-environ-150ml","status":"publish","type":"product","link":"https:\/\/aromasentia.com\/fr\/distributeur-de-savon-en-noix-de-coco-environ-150ml\/","title":{"rendered":"Distributeur de Savon en Noix de Coco &#8211; Environ 150ml"},"content":{"rendered":"<p>Apportez une touche naturelle dans la maison de votre client avec ce magnifique <strong><span style=\"color: rgb(75, 80, 88);\">Distributeur de Savon en Noix de coco. <\/span><\/strong><\/p>\n<p>Ils sont fabriqu\u00e9s en coquille de noix de coco qui durera longtemps, m\u00eame lorsqu&rsquo;ils sont expos\u00e9s \u00e0 des conditions humides, comme la salle de bain.<\/p>\n<p>Ce distributeur de savon a une pompe robuste. Ils sont fabriqu\u00e9s \u00e0 partir d&rsquo;une coquille de noix de coco, corde d&rsquo;osier naturel. Ce distributeur de savon r\u00e9utilisable a une capacit\u00e9 d&rsquo;environ 150 ml.&nbsp;<\/p>\n<p>La pompe et la bouteille \u00e0 l&rsquo;int\u00e9rieur qui contiennent les savons liquides sont en plastique. Fabriqu\u00e9 au c\u0153ur des villages de Java, le distributeur de savon \u00e0 la noix de coco en gros fera un joli cadeau pour tous ceux qui aiment les produits \u00e9cologiques, naturels (et faits \u00e0 la main).&nbsp;<\/p>\n<p>Vous aimerez peut-\u00eatre aussi les ensembles de bols en feuilles de noix de coco. En raison de la nature artisanale de ces produits, chacun aura un motif ou une couleur diff\u00e9rente. Respectueux de l&rsquo;environnement &#8211; V\u00e9g\u00e9talien &#8211; Fait un excellent cadeau \u00e9cologique &#8211;&nbsp;<\/p>\n<p><strong><span style=\"color: rgb(141, 186, 216);\">Commandez maintenant et offrez \u00e0 vos clients une meilleure classe de distributeurs de savon.<\/span><\/strong><\/p>\n","protected":false},"excerpt":{"rendered":"<p>Apportez une touche naturelle dans la maison de votre client avec ce magnifique Distributeur de Savon en Noix de coco. Ils sont fabriqu\u00e9s en coquille de noix de coco qui durera longtemps, m\u00eame lorsqu&rsquo;ils sont expos\u00e9s \u00e0 des conditions humides, comme la salle de bain. Ce distributeur de savon a une pompe robuste. Ils sont [&hellip;]<\/p>\n","protected":false},"featured_media":294330,"comment_status":"closed","ping_status":"open","template":"","meta":{"_angie_page":false},"product_brand":[],"product_cat":[19443,20534],"product_tag":[],"class_list":{"0":"post-238392","1":"product","2":"type-product","3":"status-publish","4":"has-post-thumbnail","6":"product_cat-bain-et-corps","7":"product_cat-porte-savons-et-distributeurs-savon","8":"pa_collection-natural-teakwood-soap-dispensers-fr","9":"pa_made-in-indonesie","10":"pa_size-150ml","12":"first","13":"instock","14":"purchasable","15":"product-type-simple"},"supplier_id":null,"supplier_sku":"NSD-01","barcode":null,"atum_controlled":true,"out_stock_date":null,"out_stock_threshold":null,"inheritable":false,"inbound_stock":null,"stock_on_hold":0,"sold_today":0,"sales_last_days":0,"reserved_stock":null,"customer_returns":null,"warehouse_damage":null,"lost_in_post":null,"other_logs":null,"out_stock_days":0,"lost_sales":0,"has_location":null,"update_date":"2026-05-11T01:56:48","atum_locations":[],"atum_stock_status":"instock","restock_status":false,"low_stock_amount":"","sales_update_date":"2026-01-30T01:25:37","calc_backorders":null,"_links":{"self":[{"href":"https:\/\/aromasentia.com\/fr\/wp-json\/wp\/v2\/product\/238392","targetHints":{"allow":["GET"]}}],"collection":[{"href":"https:\/\/aromasentia.com\/fr\/wp-json\/wp\/v2\/product"}],"about":[{"href":"https:\/\/aromasentia.com\/fr\/wp-json\/wp\/v2\/types\/product"}],"replies":[{"embeddable":true,"href":"https:\/\/aromasentia.com\/fr\/wp-json\/wp\/v2\/comments?post=238392"}],"version-history":[{"count":0,"href":"https:\/\/aromasentia.com\/fr\/wp-json\/wp\/v2\/product\/238392\/revisions"}],"wp:featuredmedia":[{"embeddable":true,"href":"https:\/\/aromasentia.com\/fr\/wp-json\/wp\/v2\/media\/294330"}],"wp:attachment":[{"href":"https:\/\/aromasentia.com\/fr\/wp-json\/wp\/v2\/media?parent=238392"}],"wp:term":[{"taxonomy":"product_brand","embeddable":true,"href":"https:\/\/aromasentia.com\/fr\/wp-json\/wp\/v2\/product_brand?post=238392"},{"taxonomy":"product_cat","embeddable":true,"href":"https:\/\/aromasentia.com\/fr\/wp-json\/wp\/v2\/product_cat?post=238392"},{"taxonomy":"product_tag","embeddable":true,"href":"https:\/\/aromasentia.com\/fr\/wp-json\/wp\/v2\/product_tag?post=238392"}],"curies":[{"name":"wp","href":"https:\/\/api.w.org\/{rel}","templated":true}]}}