{"id":238336,"date":"2025-03-20T17:38:40","date_gmt":"2025-03-20T17:38:40","guid":{"rendered":"https:\/\/aromasentia.com\/product\/organic-hair-serum-30ml-lavender\/"},"modified":"2025-06-23T19:07:03","modified_gmt":"2025-06-23T19:07:03","slug":"serum-capillaire-bio-30ml-lavande","status":"publish","type":"product","link":"https:\/\/aromasentia.com\/fr\/serum-capillaire-bio-30ml-lavande\/","title":{"rendered":"S\u00e9rum Capillaire Bio 30ml &#8211; Lavande"},"content":{"rendered":"<p><strong><span style=\"color: rgb(147, 101, 184);\">Nourrir et apaiser : S\u00e9rum capillaire \u00e0 la Lavande Biologique <\/span><\/strong><\/p>\n<p>\u00e9largissez vos choix de soins capillaires avec notre s\u00e9rum capillaire biologique de qualit\u00e9 sup\u00e9rieure \u00e0 la lavande (30 ml). Cette formule polyvalente convient \u00e0 tous les types de cheveux tout en favorisant une croissance saine et une brillance radieuse.&nbsp;<\/p>\n<p><strong>Les ingr\u00e9dients principaux : <\/strong><\/p>\n<p>\u25aa\ufe0fHuile de ricin biologique : Nourrit les follicules pileux et assure des cheveux plus \u00e9pais et plus sains.&nbsp;<\/p>\n<p>\u25aa\ufe0fHuile d&rsquo;argan biologique : Fournit une hydratation intensive et donne une brillance radieuse.&nbsp;<\/p>\n<p>\u25aa\ufe0fHuile essentielle de lavande : Apaise le cuir chevelu et favorise un environnement de croissance sain des cheveux.&nbsp;<\/p>\n<p><strong>Avantages pour votre entreprise : <\/strong><\/p>\n<p>\u25aa\ufe0f Attirez de nouveaux clients : \u00e9largissez votre port\u00e9e aux clients \u00e0 la recherche de solutions de soins capillaires naturels.&nbsp;<\/p>\n<p>\u25aa\ufe0f Solution de soins capillaires polyvalente : traitez diff\u00e9rents types de cheveux avec un seul produit. Investissez dans la sant\u00e9 capillaire de vos clients !&nbsp;<\/p>\n<p><strong><span style=\"color: rgb(141, 186, 216);\">Achetez maintenant et ajoutez ce luxueux s\u00e9rum capillaire biologique \u00e0 votre s\u00e9lection.<\/span><\/strong><\/p>\n","protected":false},"excerpt":{"rendered":"<p>Nourrir et apaiser : S\u00e9rum capillaire \u00e0 la Lavande Biologique \u00e9largissez vos choix de soins capillaires avec notre s\u00e9rum capillaire biologique de qualit\u00e9 sup\u00e9rieure \u00e0 la lavande (30 ml). Cette formule polyvalente convient \u00e0 tous les types de cheveux tout en favorisant une croissance saine et une brillance radieuse.&nbsp; Les ingr\u00e9dients principaux : \u25aa\ufe0fHuile de [&hellip;]<\/p>\n","protected":false},"featured_media":294818,"comment_status":"closed","ping_status":"open","template":"","meta":{"_angie_page":false},"product_brand":[27075],"product_cat":[19443,26832,26233,25842,20550],"product_tag":[],"class_list":{"0":"post-238336","1":"product","2":"type-product","3":"status-publish","4":"has-post-thumbnail","6":"product_brand-aw-cosmetics","7":"product_cat-bain-et-corps","8":"product_cat-floral","9":"product_cat-lavande","10":"product_cat-senteurs-aromes","11":"product_cat-soin-cheveux","12":"pa_collection-organic-hair-serums-30ml-6-unique-formulas-fr","13":"pa_made-in-royaume-uni","14":"pa_size-30ml","16":"first","17":"instock","18":"purchasable","19":"product-type-simple"},"supplier_id":null,"supplier_sku":"OHS-06","barcode":null,"atum_controlled":true,"out_stock_date":null,"out_stock_threshold":null,"inheritable":false,"inbound_stock":0,"stock_on_hold":0,"sold_today":0,"sales_last_days":0,"reserved_stock":0,"customer_returns":0,"warehouse_damage":0,"lost_in_post":0,"other_logs":0,"out_stock_days":0,"lost_sales":0,"has_location":false,"update_date":"2026-05-11T01:56:48","atum_locations":[],"atum_stock_status":"instock","restock_status":false,"low_stock_amount":"","sales_update_date":"2025-09-05T00:20:22","calc_backorders":null,"_links":{"self":[{"href":"https:\/\/aromasentia.com\/fr\/wp-json\/wp\/v2\/product\/238336","targetHints":{"allow":["GET"]}}],"collection":[{"href":"https:\/\/aromasentia.com\/fr\/wp-json\/wp\/v2\/product"}],"about":[{"href":"https:\/\/aromasentia.com\/fr\/wp-json\/wp\/v2\/types\/product"}],"replies":[{"embeddable":true,"href":"https:\/\/aromasentia.com\/fr\/wp-json\/wp\/v2\/comments?post=238336"}],"version-history":[{"count":0,"href":"https:\/\/aromasentia.com\/fr\/wp-json\/wp\/v2\/product\/238336\/revisions"}],"wp:featuredmedia":[{"embeddable":true,"href":"https:\/\/aromasentia.com\/fr\/wp-json\/wp\/v2\/media\/294818"}],"wp:attachment":[{"href":"https:\/\/aromasentia.com\/fr\/wp-json\/wp\/v2\/media?parent=238336"}],"wp:term":[{"taxonomy":"product_brand","embeddable":true,"href":"https:\/\/aromasentia.com\/fr\/wp-json\/wp\/v2\/product_brand?post=238336"},{"taxonomy":"product_cat","embeddable":true,"href":"https:\/\/aromasentia.com\/fr\/wp-json\/wp\/v2\/product_cat?post=238336"},{"taxonomy":"product_tag","embeddable":true,"href":"https:\/\/aromasentia.com\/fr\/wp-json\/wp\/v2\/product_tag?post=238336"}],"curies":[{"name":"wp","href":"https:\/\/api.w.org\/{rel}","templated":true}]}}