{"id":238312,"date":"2025-03-20T17:38:59","date_gmt":"2025-03-20T17:38:59","guid":{"rendered":"https:\/\/aromasentia.com\/product\/organic-hair-serum-30ml-peppermint\/"},"modified":"2025-06-23T19:06:58","modified_gmt":"2025-06-23T19:06:58","slug":"serum-capillaire-bio-30ml-menthe-poivree","status":"publish","type":"product","link":"https:\/\/aromasentia.com\/fr\/serum-capillaire-bio-30ml-menthe-poivree\/","title":{"rendered":"S\u00e9rum Capillaire Bio 30ml &#8211; Menthe Poivr\u00e9e"},"content":{"rendered":"<p><strong><span style=\"color: rgb(26, 188, 156);\">Des cheveux prosp\u00e8res commencent ici : S\u00e9rum de croissance capillaire biologique &ndash; Menthe poivr\u00e9e&nbsp;<\/span><\/strong><\/p>\n<p>Donnez \u00e0 vos clients les moyens d\u2019atteindre leurs objectifs de croissance des cheveux avec notre s\u00e9rum capillaire biologique haut de gamme (30 ml) infus\u00e9 d\u2019huile essentielle de menthe poivr\u00e9e revigorante.&nbsp;<\/p>\n<p>Cette formule naturelle et sans cruaut\u00e9 envers les animaux s&rsquo;adresse aux personnes \u00e0 la recherche de solutions de soins capillaires efficaces et durables.&nbsp;<\/p>\n<p><strong>Les ingr\u00e9dients principaux: <\/strong><\/p>\n<p>\u25aa\ufe0fHuile de ricin biologique : Connue pour favoriser des cheveux plus \u00e9pais et plus sains en renfor&ccedil;ant les follicules.&nbsp;<\/p>\n<p>\u25aa\ufe0fHuile d&rsquo;argan bio : Cette &laquo; huile miracle &raquo; hydrate et nourrit pour plus de brillance, de coiffabilit\u00e9 et de souplesse.&nbsp;<\/p>\n<p>\u25aa\ufe0fHuile essentielle de menthe poivr\u00e9e : Tonifie le cuir chevelu, favorise une croissance saine et procure une sensation rafra\u00eechissante.&nbsp;<\/p>\n<p><strong>Avantages pour votre entreprise : <\/strong><\/p>\n<p>\u25aa\ufe0f \u00e9largissez votre port\u00e9e : attirez les clients \u00e0 la recherche de solutions naturelles pour la croissance des cheveux.&nbsp;<\/p>\n<p>\u25aa\ufe0f Solution de soins capillaires polyvalente : traitez diff\u00e9rents types de cheveux avec un seul produit.&nbsp;<\/p>\n<p><strong><span style=\"color: rgb(141, 186, 216);\">D\u00e9veloppez votre Gamme de soins capillaires et donnez \u00e0 vos clients le pouvoir de la nature. Acheter maintenant!<\/span><\/strong><\/p>\n","protected":false},"excerpt":{"rendered":"<p>Des cheveux prosp\u00e8res commencent ici : S\u00e9rum de croissance capillaire biologique &ndash; Menthe poivr\u00e9e&nbsp; Donnez \u00e0 vos clients les moyens d\u2019atteindre leurs objectifs de croissance des cheveux avec notre s\u00e9rum capillaire biologique haut de gamme (30 ml) infus\u00e9 d\u2019huile essentielle de menthe poivr\u00e9e revigorante.&nbsp; Cette formule naturelle et sans cruaut\u00e9 envers les animaux s&rsquo;adresse aux [&hellip;]<\/p>\n","protected":false},"featured_media":294918,"comment_status":"closed","ping_status":"open","template":"","meta":{"_angie_page":false},"product_brand":[27075],"product_cat":[19443,26338,26874,25842,20550],"product_tag":[],"class_list":{"0":"post-238312","1":"product","2":"type-product","3":"status-publish","4":"has-post-thumbnail","6":"product_brand-aw-cosmetics","7":"product_cat-bain-et-corps","8":"product_cat-menthe-poivree","9":"product_cat-menthole","10":"product_cat-senteurs-aromes","11":"product_cat-soin-cheveux","12":"pa_collection-organic-hair-serums-30ml-6-unique-formulas-fr","13":"pa_made-in-royaume-uni","14":"pa_size-30ml","16":"first","17":"instock","18":"purchasable","19":"product-type-simple"},"supplier_id":null,"supplier_sku":"OHS-02","barcode":null,"atum_controlled":true,"out_stock_date":null,"out_stock_threshold":null,"inheritable":false,"inbound_stock":null,"stock_on_hold":0,"sold_today":0,"sales_last_days":0,"reserved_stock":null,"customer_returns":null,"warehouse_damage":null,"lost_in_post":null,"other_logs":null,"out_stock_days":0,"lost_sales":0,"has_location":null,"update_date":"2026-05-08T05:15:41","atum_locations":[],"atum_stock_status":"instock","restock_status":false,"low_stock_amount":"","sales_update_date":"2025-09-05T00:20:22","calc_backorders":null,"_links":{"self":[{"href":"https:\/\/aromasentia.com\/fr\/wp-json\/wp\/v2\/product\/238312","targetHints":{"allow":["GET"]}}],"collection":[{"href":"https:\/\/aromasentia.com\/fr\/wp-json\/wp\/v2\/product"}],"about":[{"href":"https:\/\/aromasentia.com\/fr\/wp-json\/wp\/v2\/types\/product"}],"replies":[{"embeddable":true,"href":"https:\/\/aromasentia.com\/fr\/wp-json\/wp\/v2\/comments?post=238312"}],"version-history":[{"count":0,"href":"https:\/\/aromasentia.com\/fr\/wp-json\/wp\/v2\/product\/238312\/revisions"}],"wp:featuredmedia":[{"embeddable":true,"href":"https:\/\/aromasentia.com\/fr\/wp-json\/wp\/v2\/media\/294918"}],"wp:attachment":[{"href":"https:\/\/aromasentia.com\/fr\/wp-json\/wp\/v2\/media?parent=238312"}],"wp:term":[{"taxonomy":"product_brand","embeddable":true,"href":"https:\/\/aromasentia.com\/fr\/wp-json\/wp\/v2\/product_brand?post=238312"},{"taxonomy":"product_cat","embeddable":true,"href":"https:\/\/aromasentia.com\/fr\/wp-json\/wp\/v2\/product_cat?post=238312"},{"taxonomy":"product_tag","embeddable":true,"href":"https:\/\/aromasentia.com\/fr\/wp-json\/wp\/v2\/product_tag?post=238312"}],"curies":[{"name":"wp","href":"https:\/\/api.w.org\/{rel}","templated":true}]}}