{"id":238108,"date":"2025-03-20T17:44:02","date_gmt":"2025-03-20T17:44:02","guid":{"rendered":"https:\/\/aromasentia.com\/product\/pair-of-professional-treatment-socks\/"},"modified":"2025-06-23T19:06:31","modified_gmt":"2025-06-23T19:06:31","slug":"paire-de-chaussettes-pour-traitement-professionnels","status":"publish","type":"product","link":"https:\/\/aromasentia.com\/fr\/paire-de-chaussettes-pour-traitement-professionnels\/","title":{"rendered":"Paire de Chaussettes pour Traitement Professionnels"},"content":{"rendered":"<p>Jetez un coup d&rsquo;\u0153il \u00e0 nos luxueuses chaussettes de traitement professionnelles en gros vendues en deux couleurs diff\u00e9rentes en blanc et ivoire.&nbsp;<\/p>\n<p>Ils gardent les cr\u00e8mes et les lotions au chaud, leur permettant de fonctionner correctement sur les pieds pendant la nuit pendant que le porteur dort. Nos chaussettes de traitement professionnelles sont s\u00fbres d&rsquo;\u00eatre une excellente vente.&nbsp;<\/p>\n<p>Qui ne veut pas une peau luxueuse ?&nbsp;<\/p>\n<p><strong><span style=\"color: rgb(141, 186, 216);\">Commandez-en d\u00e8s aujourd&rsquo;hui pour donner \u00e0 votre magasin le luxe qu&rsquo;il m\u00e9rite.<\/span><\/strong><\/p>\n","protected":false},"excerpt":{"rendered":"<p>Jetez un coup d&rsquo;\u0153il \u00e0 nos luxueuses chaussettes de traitement professionnelles en gros vendues en deux couleurs diff\u00e9rentes en blanc et ivoire.&nbsp; Ils gardent les cr\u00e8mes et les lotions au chaud, leur permettant de fonctionner correctement sur les pieds pendant la nuit pendant que le porteur dort. Nos chaussettes de traitement professionnelles sont s\u00fbres d&rsquo;\u00eatre [&hellip;]<\/p>\n","protected":false},"featured_media":296719,"comment_status":"closed","ping_status":"open","template":"","meta":{"_angie_page":false},"product_brand":[],"product_cat":[19443,20610],"product_tag":[],"class_list":{"0":"post-238108","1":"product","2":"type-product","3":"status-publish","4":"has-post-thumbnail","6":"product_cat-bain-et-corps","7":"product_cat-brosses-et-pierre-ponce","8":"pa_collection-brush-scrub-scrape-fr","9":"pa_made-in-chine","11":"first","12":"instock","13":"purchasable","14":"product-type-simple"},"supplier_id":null,"supplier_sku":"Mitt-05","barcode":null,"atum_controlled":true,"out_stock_date":null,"out_stock_threshold":null,"inheritable":false,"inbound_stock":null,"stock_on_hold":0,"sold_today":0,"sales_last_days":0,"reserved_stock":null,"customer_returns":null,"warehouse_damage":null,"lost_in_post":null,"other_logs":null,"out_stock_days":0,"lost_sales":0,"has_location":null,"update_date":"2026-04-27T07:13:06","atum_locations":[],"atum_stock_status":"instock","restock_status":false,"low_stock_amount":"","sales_update_date":"2026-01-30T01:24:43","calc_backorders":null,"_links":{"self":[{"href":"https:\/\/aromasentia.com\/fr\/wp-json\/wp\/v2\/product\/238108","targetHints":{"allow":["GET"]}}],"collection":[{"href":"https:\/\/aromasentia.com\/fr\/wp-json\/wp\/v2\/product"}],"about":[{"href":"https:\/\/aromasentia.com\/fr\/wp-json\/wp\/v2\/types\/product"}],"replies":[{"embeddable":true,"href":"https:\/\/aromasentia.com\/fr\/wp-json\/wp\/v2\/comments?post=238108"}],"version-history":[{"count":0,"href":"https:\/\/aromasentia.com\/fr\/wp-json\/wp\/v2\/product\/238108\/revisions"}],"wp:featuredmedia":[{"embeddable":true,"href":"https:\/\/aromasentia.com\/fr\/wp-json\/wp\/v2\/media\/296719"}],"wp:attachment":[{"href":"https:\/\/aromasentia.com\/fr\/wp-json\/wp\/v2\/media?parent=238108"}],"wp:term":[{"taxonomy":"product_brand","embeddable":true,"href":"https:\/\/aromasentia.com\/fr\/wp-json\/wp\/v2\/product_brand?post=238108"},{"taxonomy":"product_cat","embeddable":true,"href":"https:\/\/aromasentia.com\/fr\/wp-json\/wp\/v2\/product_cat?post=238108"},{"taxonomy":"product_tag","embeddable":true,"href":"https:\/\/aromasentia.com\/fr\/wp-json\/wp\/v2\/product_tag?post=238108"}],"curies":[{"name":"wp","href":"https:\/\/api.w.org\/{rel}","templated":true}]}}