{"id":238104,"date":"2025-03-20T17:44:02","date_gmt":"2025-03-20T17:44:02","guid":{"rendered":"https:\/\/aromasentia.com\/product\/pair-of-professional-treatment-gloves\/"},"modified":"2025-06-23T19:06:30","modified_gmt":"2025-06-23T19:06:30","slug":"paire-de-gants-pour-traitement-professionnels","status":"publish","type":"product","link":"https:\/\/aromasentia.com\/fr\/paire-de-gants-pour-traitement-professionnels\/","title":{"rendered":"Paire de Gants pour Traitement Professionnels"},"content":{"rendered":"<p>Ces gants de traitement professionnels en gros sont souvent utilis\u00e9s pour am\u00e9liorer la peau s\u00e8che des mains et conviennent aux personnes souffrant d&rsquo;ecz\u00e9ma qui doivent appliquer r\u00e9guli\u00e8rement des cr\u00e8mes pour la peau.&nbsp;<\/p>\n<p>Pour de meilleurs r\u00e9sultats, appliquez une couche de cr\u00e8me pour les mains avant de vous coucher, puis mettez les gants pendant que vous dormez. Ces gants en coton blanc sont de taille unique et conviennent aux mains des femmes de petite\/moyenne taille.&nbsp;<\/p>\n<p>Ils sont fabriqu\u00e9s \u00e0 partir de coton avec une petite quantit\u00e9 de lycra, ils sont donc l\u00e9g\u00e8rement extensibles.&nbsp;<\/p>\n<p>Le gant n&rsquo;a pas de manchette serr\u00e9e, donc ils se sentent \u00e0 l&rsquo;aise lorsqu&rsquo;ils sont en place. Ils sont fabriqu\u00e9s \u00e0 partir de coton, ils peuvent \u00eatre lav\u00e9s entre les utilisations. Nos gants de traitement professionnels sont s\u00fbrs d&rsquo;\u00eatre une excellente vente.&nbsp;<\/p>\n<p>Qui ne veut pas une peau luxueuse ?&nbsp;<\/p>\n<p><strong><span style=\"color: rgb(141, 186, 216);\">Commandez-en d\u00e8s aujourd&rsquo;hui pour donner \u00e0 votre magasin le luxe qu&rsquo;il m\u00e9rite.<\/span><\/strong><\/p>\n","protected":false},"excerpt":{"rendered":"<p>Ces gants de traitement professionnels en gros sont souvent utilis\u00e9s pour am\u00e9liorer la peau s\u00e8che des mains et conviennent aux personnes souffrant d&rsquo;ecz\u00e9ma qui doivent appliquer r\u00e9guli\u00e8rement des cr\u00e8mes pour la peau.&nbsp; Pour de meilleurs r\u00e9sultats, appliquez une couche de cr\u00e8me pour les mains avant de vous coucher, puis mettez les gants pendant que vous [&hellip;]<\/p>\n","protected":false},"featured_media":296702,"comment_status":"closed","ping_status":"open","template":"","meta":{"_angie_page":false},"product_brand":[],"product_cat":[19443,20610],"product_tag":[],"class_list":{"0":"post-238104","1":"product","2":"type-product","3":"status-publish","4":"has-post-thumbnail","6":"product_cat-bain-et-corps","7":"product_cat-brosses-et-pierre-ponce","8":"pa_collection-brush-scrub-scrape-fr","9":"pa_made-in-chine","11":"first","12":"instock","13":"purchasable","14":"product-type-simple"},"supplier_id":null,"supplier_sku":"Mitt-04","barcode":null,"atum_controlled":true,"out_stock_date":null,"out_stock_threshold":null,"inheritable":false,"inbound_stock":null,"stock_on_hold":0,"sold_today":0,"sales_last_days":0,"reserved_stock":null,"customer_returns":null,"warehouse_damage":null,"lost_in_post":null,"other_logs":null,"out_stock_days":0,"lost_sales":0,"has_location":null,"update_date":"2026-04-27T07:13:06","atum_locations":[],"atum_stock_status":"instock","restock_status":false,"low_stock_amount":"","sales_update_date":"2026-01-30T01:24:41","calc_backorders":null,"_links":{"self":[{"href":"https:\/\/aromasentia.com\/fr\/wp-json\/wp\/v2\/product\/238104","targetHints":{"allow":["GET"]}}],"collection":[{"href":"https:\/\/aromasentia.com\/fr\/wp-json\/wp\/v2\/product"}],"about":[{"href":"https:\/\/aromasentia.com\/fr\/wp-json\/wp\/v2\/types\/product"}],"replies":[{"embeddable":true,"href":"https:\/\/aromasentia.com\/fr\/wp-json\/wp\/v2\/comments?post=238104"}],"version-history":[{"count":0,"href":"https:\/\/aromasentia.com\/fr\/wp-json\/wp\/v2\/product\/238104\/revisions"}],"wp:featuredmedia":[{"embeddable":true,"href":"https:\/\/aromasentia.com\/fr\/wp-json\/wp\/v2\/media\/296702"}],"wp:attachment":[{"href":"https:\/\/aromasentia.com\/fr\/wp-json\/wp\/v2\/media?parent=238104"}],"wp:term":[{"taxonomy":"product_brand","embeddable":true,"href":"https:\/\/aromasentia.com\/fr\/wp-json\/wp\/v2\/product_brand?post=238104"},{"taxonomy":"product_cat","embeddable":true,"href":"https:\/\/aromasentia.com\/fr\/wp-json\/wp\/v2\/product_cat?post=238104"},{"taxonomy":"product_tag","embeddable":true,"href":"https:\/\/aromasentia.com\/fr\/wp-json\/wp\/v2\/product_tag?post=238104"}],"curies":[{"name":"wp","href":"https:\/\/api.w.org\/{rel}","templated":true}]}}