{"id":238100,"date":"2025-03-20T17:44:22","date_gmt":"2025-03-20T17:44:22","guid":{"rendered":"https:\/\/aromasentia.com\/product\/standing-soap-flower-bouquet-orange\/"},"modified":"2025-06-23T19:06:30","modified_gmt":"2025-06-23T19:06:30","slug":"bouquet-de-fleurs-de-savon-orange","status":"publish","type":"product","link":"https:\/\/aromasentia.com\/fr\/bouquet-de-fleurs-de-savon-orange\/","title":{"rendered":"Bouquet de fleurs de savon- Orange"},"content":{"rendered":"<p><strong><span style=\"color: rgb(75, 80, 88);\">Les bouquets de fleurs de savon<\/span><\/strong> en gros joliment emball\u00e9s sont un cadeau parfait, des faveurs de mariage, un remplisseur de bas de No&euml;l ou juste une petite g\u00e2terie pour vous-m\u00eame. Vous allez adorer ces bouquets. On dirait presque de vraies fleurs !&nbsp;<\/p>\n<p>Les bouquets sont artistiquement arrang\u00e9s et joliment pr\u00e9sent\u00e9s. Il y a 6 bouquets th\u00e9matiques color\u00e9s.&nbsp;<\/p>\n<p>Chaque bouquet contient 6 roses de bain d\u00e9licatement parfum\u00e9es, 2 \u0153illets de bain, 2 zinnias et de jolies fleurs d&rsquo;hortensia. Ajoutez simplement une ou deux roses \u00e0 votre bain chaud, d\u00e9tendez-vous et regardez les jolies fleurs se dissoudre sous vos yeux.&nbsp;<\/p>\n<p><strong><span style=\"color: rgb(141, 186, 216);\">Vous appr\u00e9cierez s\u00fbrement l&rsquo;eau color\u00e9e et le parfum l\u00e9ger. Il laisse votre peau douce, soyeuse et sent merveilleusement fra\u00eeche.<\/span><\/strong><\/p>\n<p>&#8211; De la base \u00e0 la pointe de l&#8217;emballage jute: 30cm<\/p>\n<p>&#8211; De la base jusqu&rsquo;au fleurs: 21cm approx.<\/p>\n<p>&#8211; Largeur du bouquet: 20cm.<\/p>\n","protected":false},"excerpt":{"rendered":"<p>Les bouquets de fleurs de savon en gros joliment emball\u00e9s sont un cadeau parfait, des faveurs de mariage, un remplisseur de bas de No&euml;l ou juste une petite g\u00e2terie pour vous-m\u00eame. Vous allez adorer ces bouquets. On dirait presque de vraies fleurs !&nbsp; Les bouquets sont artistiquement arrang\u00e9s et joliment pr\u00e9sent\u00e9s. Il y a 6 [&hellip;]<\/p>\n","protected":false},"featured_media":296919,"comment_status":"closed","ping_status":"open","template":"","meta":{"_angie_page":false},"product_brand":[],"product_cat":[19443,26818,26307,20586,25842],"product_tag":[],"class_list":{"0":"post-238100","1":"product","2":"type-product","3":"status-publish","4":"has-post-thumbnail","6":"product_cat-bain-et-corps","7":"product_cat-hesperide-agrumes","8":"product_cat-orange","9":"product_cat-savons-bio-naturels","10":"product_cat-senteurs-aromes","11":"pa_collection-soap-flower-bouquets-fr","12":"pa_made-in-chine","14":"first","15":"instock","16":"purchasable","17":"product-type-simple"},"supplier_id":null,"supplier_sku":"SFB-01","barcode":null,"atum_controlled":true,"out_stock_date":null,"out_stock_threshold":null,"inheritable":false,"inbound_stock":null,"stock_on_hold":0,"sold_today":0,"sales_last_days":0,"reserved_stock":null,"customer_returns":null,"warehouse_damage":null,"lost_in_post":null,"other_logs":null,"out_stock_days":0,"lost_sales":0,"has_location":null,"update_date":"2026-05-08T05:19:07","atum_locations":[],"atum_stock_status":"instock","restock_status":false,"low_stock_amount":"","sales_update_date":"2025-09-05T00:20:36","calc_backorders":null,"_links":{"self":[{"href":"https:\/\/aromasentia.com\/fr\/wp-json\/wp\/v2\/product\/238100","targetHints":{"allow":["GET"]}}],"collection":[{"href":"https:\/\/aromasentia.com\/fr\/wp-json\/wp\/v2\/product"}],"about":[{"href":"https:\/\/aromasentia.com\/fr\/wp-json\/wp\/v2\/types\/product"}],"replies":[{"embeddable":true,"href":"https:\/\/aromasentia.com\/fr\/wp-json\/wp\/v2\/comments?post=238100"}],"version-history":[{"count":0,"href":"https:\/\/aromasentia.com\/fr\/wp-json\/wp\/v2\/product\/238100\/revisions"}],"wp:featuredmedia":[{"embeddable":true,"href":"https:\/\/aromasentia.com\/fr\/wp-json\/wp\/v2\/media\/296919"}],"wp:attachment":[{"href":"https:\/\/aromasentia.com\/fr\/wp-json\/wp\/v2\/media?parent=238100"}],"wp:term":[{"taxonomy":"product_brand","embeddable":true,"href":"https:\/\/aromasentia.com\/fr\/wp-json\/wp\/v2\/product_brand?post=238100"},{"taxonomy":"product_cat","embeddable":true,"href":"https:\/\/aromasentia.com\/fr\/wp-json\/wp\/v2\/product_cat?post=238100"},{"taxonomy":"product_tag","embeddable":true,"href":"https:\/\/aromasentia.com\/fr\/wp-json\/wp\/v2\/product_tag?post=238100"}],"curies":[{"name":"wp","href":"https:\/\/api.w.org\/{rel}","templated":true}]}}