{"id":238088,"date":"2025-03-20T17:44:22","date_gmt":"2025-03-20T17:44:22","guid":{"rendered":"https:\/\/aromasentia.com\/product\/vitamin-c-face-serum\/"},"modified":"2025-06-23T19:06:29","modified_gmt":"2025-06-23T19:06:29","slug":"serum-visage-vitamine-c","status":"publish","type":"product","link":"https:\/\/aromasentia.com\/fr\/serum-visage-vitamine-c\/","title":{"rendered":"S\u00e9rum Visage Vitamine C"},"content":{"rendered":"<p>Ancient Wisdom Wholesale Face Serum est une \u00e9tape suppl\u00e9mentaire apr\u00e8s le nettoyage de la peau. Le s\u00e9rum visage est plus intense que la cr\u00e8me. Il a une concentration plus \u00e9lev\u00e9e de substances actives et une consistance plus l\u00e9g\u00e8re.&nbsp;<\/p>\n<p>Les s\u00e9rums servent \u00e0 renforcer et intensifier les soins quotidiens. Ils sont vendus en flacon de 30 ml. Les s\u00e9rums sont rapidement absorb\u00e9s par la peau et peuvent \u00eatre utilis\u00e9s comme base de maquillage. Selon le type, les s\u00e9rums ont des utilisations diff\u00e9rentes ; ils peuvent \u00e9claircir et hydrater la peau et \u00e9galement agir contre les rides. <strong><span style=\"color: rgb(75, 80, 88);\">CLAIR ET SAIN <\/span><\/strong>Le s\u00e9rum visage \u00e0 l&rsquo;aloe vera et \u00e0 l&rsquo;hamam\u00e9lis stimule la production de collag\u00e8ne. Convient \u00e0 tous les types de peau. &#8211;&nbsp;<\/p>\n<p><strong><span style=\"color: rgb(141, 186, 216);\">Fabriqu\u00e9 au Royaume-Uni &#8211; Convient aux v\u00e9g\u00e9taliens<\/span><\/strong><\/p>\n","protected":false},"excerpt":{"rendered":"<p>Ancient Wisdom Wholesale Face Serum est une \u00e9tape suppl\u00e9mentaire apr\u00e8s le nettoyage de la peau. Le s\u00e9rum visage est plus intense que la cr\u00e8me. Il a une concentration plus \u00e9lev\u00e9e de substances actives et une consistance plus l\u00e9g\u00e8re.&nbsp; Les s\u00e9rums servent \u00e0 renforcer et intensifier les soins quotidiens. Ils sont vendus en flacon de 30 [&hellip;]<\/p>\n","protected":false},"featured_media":296836,"comment_status":"closed","ping_status":"open","template":"","meta":{"_angie_page":false},"product_brand":[27075],"product_cat":[19443,20882],"product_tag":[],"class_list":{"0":"post-238088","1":"product","2":"type-product","3":"status-publish","4":"has-post-thumbnail","6":"product_brand-aw-cosmetics","7":"product_cat-bain-et-corps","8":"product_cat-soins-pour-la-peau","9":"pa_collection-facial-serum-30ml-fr","10":"pa_made-in-royaume-uni","11":"pa_size-30ml","13":"first","14":"instock","15":"purchasable","16":"product-type-simple"},"supplier_id":null,"supplier_sku":"SerF-03","barcode":null,"atum_controlled":true,"out_stock_date":null,"out_stock_threshold":null,"inheritable":false,"inbound_stock":null,"stock_on_hold":0,"sold_today":0,"sales_last_days":0,"reserved_stock":null,"customer_returns":null,"warehouse_damage":null,"lost_in_post":null,"other_logs":null,"out_stock_days":0,"lost_sales":0,"has_location":null,"update_date":"2026-04-27T07:21:08","atum_locations":[],"atum_stock_status":"instock","restock_status":false,"low_stock_amount":"","sales_update_date":"2025-09-05T00:20:35","calc_backorders":null,"_links":{"self":[{"href":"https:\/\/aromasentia.com\/fr\/wp-json\/wp\/v2\/product\/238088","targetHints":{"allow":["GET"]}}],"collection":[{"href":"https:\/\/aromasentia.com\/fr\/wp-json\/wp\/v2\/product"}],"about":[{"href":"https:\/\/aromasentia.com\/fr\/wp-json\/wp\/v2\/types\/product"}],"replies":[{"embeddable":true,"href":"https:\/\/aromasentia.com\/fr\/wp-json\/wp\/v2\/comments?post=238088"}],"version-history":[{"count":0,"href":"https:\/\/aromasentia.com\/fr\/wp-json\/wp\/v2\/product\/238088\/revisions"}],"wp:featuredmedia":[{"embeddable":true,"href":"https:\/\/aromasentia.com\/fr\/wp-json\/wp\/v2\/media\/296836"}],"wp:attachment":[{"href":"https:\/\/aromasentia.com\/fr\/wp-json\/wp\/v2\/media?parent=238088"}],"wp:term":[{"taxonomy":"product_brand","embeddable":true,"href":"https:\/\/aromasentia.com\/fr\/wp-json\/wp\/v2\/product_brand?post=238088"},{"taxonomy":"product_cat","embeddable":true,"href":"https:\/\/aromasentia.com\/fr\/wp-json\/wp\/v2\/product_cat?post=238088"},{"taxonomy":"product_tag","embeddable":true,"href":"https:\/\/aromasentia.com\/fr\/wp-json\/wp\/v2\/product_tag?post=238088"}],"curies":[{"name":"wp","href":"https:\/\/api.w.org\/{rel}","templated":true}]}}