{"id":238004,"date":"2025-03-20T17:46:00","date_gmt":"2025-03-20T17:46:00","guid":{"rendered":"https:\/\/aromasentia.com\/product\/large-orange-bouquet-in-wicker-basket\/"},"modified":"2025-06-23T19:06:15","modified_gmt":"2025-06-23T19:06:15","slug":"bouquet-panier-en-osier-large-orange","status":"publish","type":"product","link":"https:\/\/aromasentia.com\/fr\/bouquet-panier-en-osier-large-orange\/","title":{"rendered":"Bouquet Panier en Osier Large &#8211; Orange"},"content":{"rendered":"<p><strong><span style=\"color: rgb(75, 80, 88);\">Les bouquets de fleurs de savon <\/span><\/strong>en gros joliment emball\u00e9s sont un cadeau parfait, des faveurs de mariage, un remplisseur de bas de No&euml;l ou juste une petite g\u00e2terie pour vous-m\u00eame.&nbsp;<\/p>\n<p>Vous allez adorer ce bouquet dans un panier en osier.&nbsp;<\/p>\n<p>On dirait presque de vraies fleurs ! Le bouquet est artistiquement arrang\u00e9 et joliment pr\u00e9sent\u00e9.&nbsp;<\/p>\n<p>Le bouquet est compos\u00e9 de 10 roses, 2 jacinthes, 1 tournesol.<\/p>\n","protected":false},"excerpt":{"rendered":"<p>Les bouquets de fleurs de savon en gros joliment emball\u00e9s sont un cadeau parfait, des faveurs de mariage, un remplisseur de bas de No&euml;l ou juste une petite g\u00e2terie pour vous-m\u00eame.&nbsp; Vous allez adorer ce bouquet dans un panier en osier.&nbsp; On dirait presque de vraies fleurs ! Le bouquet est artistiquement arrang\u00e9 et joliment [&hellip;]<\/p>\n","protected":false},"featured_media":297407,"comment_status":"closed","ping_status":"open","template":"","meta":{"_angie_page":false},"product_brand":[],"product_cat":[19443,26818,26307,25842],"product_tag":[],"class_list":{"0":"post-238004","1":"product","2":"type-product","3":"status-publish","4":"has-post-thumbnail","6":"product_cat-bain-et-corps","7":"product_cat-hesperide-agrumes","8":"product_cat-orange","9":"product_cat-senteurs-aromes","10":"pa_collection-soap-flower-bouquets-fr","11":"pa_made-in-chine","13":"first","14":"instock","15":"purchasable","16":"product-type-simple"},"supplier_id":null,"supplier_sku":"SFB-21","barcode":null,"atum_controlled":true,"out_stock_date":null,"out_stock_threshold":null,"inheritable":false,"inbound_stock":null,"stock_on_hold":0,"sold_today":0,"sales_last_days":0,"reserved_stock":null,"customer_returns":null,"warehouse_damage":null,"lost_in_post":null,"other_logs":null,"out_stock_days":0,"lost_sales":0,"has_location":null,"update_date":"2026-04-27T07:21:14","atum_locations":[],"atum_stock_status":"instock","restock_status":false,"low_stock_amount":"","sales_update_date":"2026-01-30T01:24:53","calc_backorders":null,"_links":{"self":[{"href":"https:\/\/aromasentia.com\/fr\/wp-json\/wp\/v2\/product\/238004","targetHints":{"allow":["GET"]}}],"collection":[{"href":"https:\/\/aromasentia.com\/fr\/wp-json\/wp\/v2\/product"}],"about":[{"href":"https:\/\/aromasentia.com\/fr\/wp-json\/wp\/v2\/types\/product"}],"replies":[{"embeddable":true,"href":"https:\/\/aromasentia.com\/fr\/wp-json\/wp\/v2\/comments?post=238004"}],"version-history":[{"count":0,"href":"https:\/\/aromasentia.com\/fr\/wp-json\/wp\/v2\/product\/238004\/revisions"}],"wp:featuredmedia":[{"embeddable":true,"href":"https:\/\/aromasentia.com\/fr\/wp-json\/wp\/v2\/media\/297407"}],"wp:attachment":[{"href":"https:\/\/aromasentia.com\/fr\/wp-json\/wp\/v2\/media?parent=238004"}],"wp:term":[{"taxonomy":"product_brand","embeddable":true,"href":"https:\/\/aromasentia.com\/fr\/wp-json\/wp\/v2\/product_brand?post=238004"},{"taxonomy":"product_cat","embeddable":true,"href":"https:\/\/aromasentia.com\/fr\/wp-json\/wp\/v2\/product_cat?post=238004"},{"taxonomy":"product_tag","embeddable":true,"href":"https:\/\/aromasentia.com\/fr\/wp-json\/wp\/v2\/product_tag?post=238004"}],"curies":[{"name":"wp","href":"https:\/\/api.w.org\/{rel}","templated":true}]}}