{"id":237940,"date":"2025-03-20T17:49:22","date_gmt":"2025-03-20T17:49:22","guid":{"rendered":"https:\/\/aromasentia.com\/product\/long-box-lavender-rose-carnation\/"},"modified":"2025-06-23T19:06:08","modified_gmt":"2025-06-23T19:06:08","slug":"boite-longue-lavande-rose-oeillet","status":"publish","type":"product","link":"https:\/\/aromasentia.com\/fr\/boite-longue-lavande-rose-oeillet\/","title":{"rendered":"Bo\u00eete Longue &#8211; Lavande Rose &#038; Oeillet"},"content":{"rendered":"<p>Ces bo\u00eetes cadeaux exquises sont pr\u00eates \u00e0 \u00eatre pr\u00e9sent\u00e9es dans votre magasin. Chaque bo\u00eete est soigneusement fabriqu\u00e9e pour mettre en valeur les fleurs de savon complexes qu&rsquo;elle contient, cr\u00e9ant ainsi une pr\u00e9sentation attrayante et irr\u00e9sistible.&nbsp;<\/p>\n<p>Vous pouvez ajouter ces bo\u00eetes \u00e0 votre inventaire sans effort, pour une mise en place rapide et sans souci.&nbsp;<\/p>\n<p><strong><span style=\"color: rgb(147, 101, 184);\">La Bo\u00eete Longue &#8211; Lavande Rose &amp; Oeillet m\u00e9lange harmonieusement la tranquillit\u00e9 et l&rsquo;admiration.<\/span><\/strong> La lavande repr\u00e9sente la s\u00e9r\u00e9nit\u00e9, tandis que les \u0153illets rose fonc\u00e9 expriment la reconnaissance. C&rsquo;est le<strong><span style=\"color: rgb(75, 80, 88);\">&nbsp;choix id\u00e9al pour exprimer sa gratitude en toute occasion.&nbsp;<\/span><\/strong><\/p>\n<p>Dans un monde o\u00f9la premi\u00e8re impression compte, nos bo\u00eetes-cadeaux de fleurs de savon sont un symbole d&rsquo;\u00e9l\u00e9gance et de pr\u00e9venance. Am\u00e9liorez l&rsquo;exp\u00e9rience de vos clients en leur offrant ces bo\u00eetes modernes, simples et polyvalentes qui laisseront \u00e0 coup s\u00fbr une impression durable.&nbsp;<\/p>\n<p><strong><span style=\"color: rgb(141, 186, 216);\">Faites-vous remarquer avec nos bo\u00eetes-cadeaux de fleurs de savon d\u00e8s aujourd&rsquo;hui !<\/span><\/strong><\/p>\n","protected":false},"excerpt":{"rendered":"<p>Ces bo\u00eetes cadeaux exquises sont pr\u00eates \u00e0 \u00eatre pr\u00e9sent\u00e9es dans votre magasin. Chaque bo\u00eete est soigneusement fabriqu\u00e9e pour mettre en valeur les fleurs de savon complexes qu&rsquo;elle contient, cr\u00e9ant ainsi une pr\u00e9sentation attrayante et irr\u00e9sistible.&nbsp; Vous pouvez ajouter ces bo\u00eetes \u00e0 votre inventaire sans effort, pour une mise en place rapide et sans souci.&nbsp; La [&hellip;]<\/p>\n","protected":false},"featured_media":298351,"comment_status":"closed","ping_status":"open","template":"","meta":{"_angie_page":false},"product_brand":[],"product_cat":[19443,26832,26233,26369,25842],"product_tag":[],"class_list":{"0":"post-237940","1":"product","2":"type-product","3":"status-publish","4":"has-post-thumbnail","6":"product_cat-bain-et-corps","7":"product_cat-floral","8":"product_cat-lavande","9":"product_cat-rose","10":"product_cat-senteurs-aromes","11":"pa_collection-soap-flowers-gift-boxes-fr","12":"pa_made-in-chine","14":"first","15":"instock","16":"purchasable","17":"product-type-simple"},"supplier_id":null,"supplier_sku":"SFBX-21","barcode":null,"atum_controlled":true,"out_stock_date":null,"out_stock_threshold":null,"inheritable":false,"inbound_stock":null,"stock_on_hold":0,"sold_today":0,"sales_last_days":0,"reserved_stock":null,"customer_returns":null,"warehouse_damage":null,"lost_in_post":null,"other_logs":null,"out_stock_days":0,"lost_sales":0,"has_location":null,"update_date":"2026-04-27T07:21:21","atum_locations":[],"atum_stock_status":"instock","restock_status":false,"low_stock_amount":"","sales_update_date":"2026-01-30T01:24:53","calc_backorders":null,"_links":{"self":[{"href":"https:\/\/aromasentia.com\/fr\/wp-json\/wp\/v2\/product\/237940","targetHints":{"allow":["GET"]}}],"collection":[{"href":"https:\/\/aromasentia.com\/fr\/wp-json\/wp\/v2\/product"}],"about":[{"href":"https:\/\/aromasentia.com\/fr\/wp-json\/wp\/v2\/types\/product"}],"replies":[{"embeddable":true,"href":"https:\/\/aromasentia.com\/fr\/wp-json\/wp\/v2\/comments?post=237940"}],"version-history":[{"count":0,"href":"https:\/\/aromasentia.com\/fr\/wp-json\/wp\/v2\/product\/237940\/revisions"}],"wp:featuredmedia":[{"embeddable":true,"href":"https:\/\/aromasentia.com\/fr\/wp-json\/wp\/v2\/media\/298351"}],"wp:attachment":[{"href":"https:\/\/aromasentia.com\/fr\/wp-json\/wp\/v2\/media?parent=237940"}],"wp:term":[{"taxonomy":"product_brand","embeddable":true,"href":"https:\/\/aromasentia.com\/fr\/wp-json\/wp\/v2\/product_brand?post=237940"},{"taxonomy":"product_cat","embeddable":true,"href":"https:\/\/aromasentia.com\/fr\/wp-json\/wp\/v2\/product_cat?post=237940"},{"taxonomy":"product_tag","embeddable":true,"href":"https:\/\/aromasentia.com\/fr\/wp-json\/wp\/v2\/product_tag?post=237940"}],"curies":[{"name":"wp","href":"https:\/\/api.w.org\/{rel}","templated":true}]}}