{"id":237900,"date":"2025-03-20T17:51:16","date_gmt":"2025-03-20T17:51:16","guid":{"rendered":"https:\/\/aromasentia.com\/product\/shea-body-butter-180g-sexy\/"},"modified":"2025-06-23T19:06:01","modified_gmt":"2025-06-23T19:06:01","slug":"beurre-corporel-au-karite-180g-sexy","status":"publish","type":"product","link":"https:\/\/aromasentia.com\/fr\/beurre-corporel-au-karite-180g-sexy\/","title":{"rendered":"Beurre Corporel au Karit\u00e9 180g &#8211; Sexy"},"content":{"rendered":"<p>L\u00e9g\u00e8rement parfum\u00e9s, nos beurre au Karit\u00e9 conviennent pour un usage quotidien, apr\u00e8s un bain, une douche ou pour un massage. &nbsp;Richement hydratante, cette gamme de beurre corporel au karit\u00e9 est le r\u00e9gal id\u00e9al pour chouchouter les peaux s\u00e8ches.<\/p>\n<p>Offrant les bienfaits naturels nourrissants du beurre de karit\u00e9, ce beurre corporel riche et indulgent et laissera votre peau parfaitement hydrat\u00e9et douce.&nbsp;<\/p>\n<p><strong>Conseils d&rsquo;utilisation:&nbsp;<\/strong>Avant utilisation, nettoyer la peau avec de l&rsquo;eau chaude pour ouvrir les pores. Massez d\u00e9licatement une noisette de beurre sur la peau. Attendre quelques minutes que le beurre p\u00e9n\u00e8tre avant de s&rsquo;habiller.&nbsp;<\/p>\n","protected":false},"excerpt":{"rendered":"<p>L\u00e9g\u00e8rement parfum\u00e9s, nos beurre au Karit\u00e9 conviennent pour un usage quotidien, apr\u00e8s un bain, une douche ou pour un massage. &nbsp;Richement hydratante, cette gamme de beurre corporel au karit\u00e9 est le r\u00e9gal id\u00e9al pour chouchouter les peaux s\u00e8ches. Offrant les bienfaits naturels nourrissants du beurre de karit\u00e9, ce beurre corporel riche et indulgent et laissera [&hellip;]<\/p>\n","protected":false},"featured_media":298721,"comment_status":"closed","ping_status":"open","template":"","meta":{"_angie_page":false},"product_brand":[],"product_cat":[19443],"product_tag":[],"class_list":{"0":"post-237900","1":"product","2":"type-product","3":"status-publish","4":"has-post-thumbnail","6":"product_cat-bain-et-corps","7":"pa_made-in-lettonie","8":"pa_size-180g","10":"first","11":"outofstock","12":"purchasable","13":"product-type-simple"},"supplier_id":null,"supplier_sku":"SHB-04","barcode":null,"atum_controlled":true,"out_stock_date":"2025-09-05 16:06:09","out_stock_threshold":null,"inheritable":false,"inbound_stock":null,"stock_on_hold":0,"sold_today":0,"sales_last_days":0,"reserved_stock":null,"customer_returns":null,"warehouse_damage":null,"lost_in_post":null,"other_logs":null,"out_stock_days":0,"lost_sales":0,"has_location":null,"update_date":"2026-04-27T07:21:33","atum_locations":[],"atum_stock_status":"outofstock","restock_status":false,"low_stock_amount":"","sales_update_date":"2025-09-05T00:20:49","calc_backorders":null,"_links":{"self":[{"href":"https:\/\/aromasentia.com\/fr\/wp-json\/wp\/v2\/product\/237900","targetHints":{"allow":["GET"]}}],"collection":[{"href":"https:\/\/aromasentia.com\/fr\/wp-json\/wp\/v2\/product"}],"about":[{"href":"https:\/\/aromasentia.com\/fr\/wp-json\/wp\/v2\/types\/product"}],"replies":[{"embeddable":true,"href":"https:\/\/aromasentia.com\/fr\/wp-json\/wp\/v2\/comments?post=237900"}],"version-history":[{"count":0,"href":"https:\/\/aromasentia.com\/fr\/wp-json\/wp\/v2\/product\/237900\/revisions"}],"wp:featuredmedia":[{"embeddable":true,"href":"https:\/\/aromasentia.com\/fr\/wp-json\/wp\/v2\/media\/298721"}],"wp:attachment":[{"href":"https:\/\/aromasentia.com\/fr\/wp-json\/wp\/v2\/media?parent=237900"}],"wp:term":[{"taxonomy":"product_brand","embeddable":true,"href":"https:\/\/aromasentia.com\/fr\/wp-json\/wp\/v2\/product_brand?post=237900"},{"taxonomy":"product_cat","embeddable":true,"href":"https:\/\/aromasentia.com\/fr\/wp-json\/wp\/v2\/product_cat?post=237900"},{"taxonomy":"product_tag","embeddable":true,"href":"https:\/\/aromasentia.com\/fr\/wp-json\/wp\/v2\/product_tag?post=237900"}],"curies":[{"name":"wp","href":"https:\/\/api.w.org\/{rel}","templated":true}]}}