{"id":237824,"date":"2025-03-20T17:52:41","date_gmt":"2025-03-20T17:52:41","guid":{"rendered":"https:\/\/aromasentia.com\/product\/monkey-bathbomb-90g-guava-strawberry\/"},"modified":"2025-06-23T19:05:50","modified_gmt":"2025-06-23T19:05:50","slug":"bombe-de-bain-singe-90g","status":"publish","type":"product","link":"https:\/\/aromasentia.com\/fr\/bombe-de-bain-singe-90g\/","title":{"rendered":"Bombe de Bain Singe  90g"},"content":{"rendered":"<p>Pr\u00e9sentation de notre <strong><span style=\"color: rgb(75, 80, 88);\">Bombe de Bain en forme de Singe<\/span><\/strong> pesant 90 g et infus\u00e9e de la d\u00e9licieuse fusion de goyave et de fraise.&nbsp;<\/p>\n<p>Cette Bombe de Bain en vrac est parfaite pour les d\u00e9taillants, les spas ou tous ceux qui cherchent \u00e0 ajouter une touche de parfum amusant et tropical \u00e0 leurs produits pour le bain et le corps.&nbsp;<\/p>\n<p>Chaque bombe de bain est m\u00e9ticuleusement con&ccedil;ue en une adorable forme de singe, apportant une touche de fantaisie et d&rsquo;espi\u00e8glerie \u00e0 toute routine de bain. L&rsquo;attention port\u00e9e aux d\u00e9tails et les couleurs vives rendent ces bombes de bain visuellement attrayantes et irr\u00e9sistibles pour les clients de tous \u00e2ges.&nbsp;<\/p>\n<p><strong><span style=\"color: rgb(75, 80, 88);\">Le parfum rafra\u00eechissant de goyave et fraise est comme un paradis tropical dans un bain<\/span><\/strong>. Les notes juteuses et tropicales de la goyave se marient harmonieusement avec l&rsquo;ar\u00f4me sucr\u00e9 et succulent des fraises m\u00fbres, cr\u00e9ant un parfum captivant qui transporte les baigneurs vers une oasis ensoleill\u00e9e et exotique.&nbsp;<\/p>\n<p>Faites le plein de nos bombes de bain en forme de singe en gros &#8211; \u00e9dition goyave et fraise et offrez \u00e0 vos clients une exp\u00e9rience de bain ludique et aromatique.&nbsp;<\/p>\n<p><strong><span style=\"color: rgb(141, 186, 216);\">Avec leur charmante forme de singe et leur parfum irr\u00e9sistible, ces bombes de bain sont vou\u00e9es \u00e0 devenir les pr\u00e9f\u00e9r\u00e9es des clients, faisant de l&rsquo;heure du bain une aventure d\u00e9licieuse et rajeunissante.<\/span><\/strong>&nbsp;<\/p>\n<p><strong><em>Emball\u00e9 individuellement<\/em><\/strong><\/p>\n","protected":false},"excerpt":{"rendered":"<p>Pr\u00e9sentation de notre Bombe de Bain en forme de Singe pesant 90 g et infus\u00e9e de la d\u00e9licieuse fusion de goyave et de fraise.&nbsp; Cette Bombe de Bain en vrac est parfaite pour les d\u00e9taillants, les spas ou tous ceux qui cherchent \u00e0 ajouter une touche de parfum amusant et tropical \u00e0 leurs produits pour [&hellip;]<\/p>\n","protected":false},"featured_media":299052,"comment_status":"closed","ping_status":"open","template":"","meta":{"_angie_page":false},"product_brand":[],"product_cat":[19443,26534,26846,26564,25842],"product_tag":[],"class_list":{"0":"post-237824","1":"product","2":"type-product","3":"status-publish","4":"has-post-thumbnail","6":"product_cat-bain-et-corps","7":"product_cat-fraise","8":"product_cat-fruite","9":"product_cat-goyave","10":"product_cat-senteurs-aromes","11":"pa_collection-shaped-bath-bombs-for-kids-fr","12":"pa_made-in-royaume-uni","13":"pa_size-90g","15":"first","16":"instock","17":"purchasable","18":"product-type-simple"},"supplier_id":null,"supplier_sku":"SKB-07","barcode":null,"atum_controlled":true,"out_stock_date":null,"out_stock_threshold":null,"inheritable":false,"inbound_stock":null,"stock_on_hold":0,"sold_today":0,"sales_last_days":0,"reserved_stock":null,"customer_returns":null,"warehouse_damage":null,"lost_in_post":null,"other_logs":null,"out_stock_days":0,"lost_sales":0,"has_location":null,"update_date":"2026-04-27T07:21:33","atum_locations":[],"atum_stock_status":"instock","restock_status":false,"low_stock_amount":"","sales_update_date":"2025-09-05T00:20:56","calc_backorders":null,"_links":{"self":[{"href":"https:\/\/aromasentia.com\/fr\/wp-json\/wp\/v2\/product\/237824","targetHints":{"allow":["GET"]}}],"collection":[{"href":"https:\/\/aromasentia.com\/fr\/wp-json\/wp\/v2\/product"}],"about":[{"href":"https:\/\/aromasentia.com\/fr\/wp-json\/wp\/v2\/types\/product"}],"replies":[{"embeddable":true,"href":"https:\/\/aromasentia.com\/fr\/wp-json\/wp\/v2\/comments?post=237824"}],"version-history":[{"count":0,"href":"https:\/\/aromasentia.com\/fr\/wp-json\/wp\/v2\/product\/237824\/revisions"}],"wp:featuredmedia":[{"embeddable":true,"href":"https:\/\/aromasentia.com\/fr\/wp-json\/wp\/v2\/media\/299052"}],"wp:attachment":[{"href":"https:\/\/aromasentia.com\/fr\/wp-json\/wp\/v2\/media?parent=237824"}],"wp:term":[{"taxonomy":"product_brand","embeddable":true,"href":"https:\/\/aromasentia.com\/fr\/wp-json\/wp\/v2\/product_brand?post=237824"},{"taxonomy":"product_cat","embeddable":true,"href":"https:\/\/aromasentia.com\/fr\/wp-json\/wp\/v2\/product_cat?post=237824"},{"taxonomy":"product_tag","embeddable":true,"href":"https:\/\/aromasentia.com\/fr\/wp-json\/wp\/v2\/product_tag?post=237824"}],"curies":[{"name":"wp","href":"https:\/\/api.w.org\/{rel}","templated":true}]}}