{"id":237776,"date":"2025-03-20T17:53:50","date_gmt":"2025-03-20T17:53:50","guid":{"rendered":"https:\/\/aromasentia.com\/product\/round-honey-marble-rounded-soap-dish\/"},"modified":"2025-06-23T19:05:45","modified_gmt":"2025-06-23T19:05:45","slug":"porte-savon-rond-miel-marbre","status":"publish","type":"product","link":"https:\/\/aromasentia.com\/fr\/porte-savon-rond-miel-marbre\/","title":{"rendered":"Porte-savon Rond Miel Marbre"},"content":{"rendered":"<p><strong><span style=\"color: rgb(75, 80, 88);\">Ce porte-savon en pierre rare et magnifique &#8211; Rond Miel Marbre Arrondi<\/span><\/strong> est un ajout unique aux salles de bains de vos clients. Ils serviront vos clients pendant des ann\u00e9es.&nbsp;<\/p>\n<p>Une collection unique faite de mati\u00e8res nobles, aux formes classiques ou plus fantaisistes. Les porte-savons en pierre ont un aspect sp\u00e9cial, \u00e9l\u00e9gant et naturellement fonctionnel. Convient aux personnes \u00e0 la recherche de choses exceptionnelles avec une \u00e2me.&nbsp;<\/p>\n<p>Fabriqu\u00e9 \u00e0 la main en Indon\u00e9sie avec le plus grand soin, unique en son genre.&nbsp;<\/p>\n<p>Ressentez le pouvoir sublime des Pierres Naturelles. Admirez la beaut\u00e9 d\u00e9licate des v\u00e9ritables pi\u00e8ces d&rsquo;Onyx.&nbsp;<\/p>\n<p><strong><span style=\"color: rgb(75, 80, 88);\">VEUILLEZ NOTER : Les couleurs et les formes peuvent varier car chaque pi\u00e8ce a \u00e9t\u00e9 fabriqu\u00e9e \u00e0 partir de pierre naturelle.&nbsp;<\/span><\/strong><\/p>\n<p><strong><span style=\"color: rgb(141, 186, 216);\">Commandez maintenant et offrez \u00e0 vos clients des porte-savons uniques.<\/span><\/strong><\/p>\n","protected":false},"excerpt":{"rendered":"<p>Ce porte-savon en pierre rare et magnifique &#8211; Rond Miel Marbre Arrondi est un ajout unique aux salles de bains de vos clients. Ils serviront vos clients pendant des ann\u00e9es.&nbsp; Une collection unique faite de mati\u00e8res nobles, aux formes classiques ou plus fantaisistes. Les porte-savons en pierre ont un aspect sp\u00e9cial, \u00e9l\u00e9gant et naturellement fonctionnel. [&hellip;]<\/p>\n","protected":false},"featured_media":299502,"comment_status":"closed","ping_status":"open","template":"","meta":{"_angie_page":false},"product_brand":[],"product_cat":[19443,20534],"product_tag":[],"class_list":{"0":"post-237776","1":"product","2":"type-product","3":"status-publish","4":"has-post-thumbnail","6":"product_cat-bain-et-corps","7":"product_cat-porte-savons-et-distributeurs-savon","8":"pa_collection-stone-soap-dishes-fr","9":"pa_made-in-indonesie","11":"first","12":"instock","13":"purchasable","14":"product-type-simple"},"supplier_id":null,"supplier_sku":"SSD-07","barcode":null,"atum_controlled":true,"out_stock_date":null,"out_stock_threshold":null,"inheritable":false,"inbound_stock":null,"stock_on_hold":0,"sold_today":0,"sales_last_days":0,"reserved_stock":null,"customer_returns":null,"warehouse_damage":null,"lost_in_post":null,"other_logs":null,"out_stock_days":70,"lost_sales":0,"has_location":null,"update_date":"2026-04-27T07:23:10","atum_locations":[],"atum_stock_status":"instock","restock_status":false,"low_stock_amount":"","sales_update_date":"2026-02-06T00:01:05","calc_backorders":null,"_links":{"self":[{"href":"https:\/\/aromasentia.com\/fr\/wp-json\/wp\/v2\/product\/237776","targetHints":{"allow":["GET"]}}],"collection":[{"href":"https:\/\/aromasentia.com\/fr\/wp-json\/wp\/v2\/product"}],"about":[{"href":"https:\/\/aromasentia.com\/fr\/wp-json\/wp\/v2\/types\/product"}],"replies":[{"embeddable":true,"href":"https:\/\/aromasentia.com\/fr\/wp-json\/wp\/v2\/comments?post=237776"}],"version-history":[{"count":0,"href":"https:\/\/aromasentia.com\/fr\/wp-json\/wp\/v2\/product\/237776\/revisions"}],"wp:featuredmedia":[{"embeddable":true,"href":"https:\/\/aromasentia.com\/fr\/wp-json\/wp\/v2\/media\/299502"}],"wp:attachment":[{"href":"https:\/\/aromasentia.com\/fr\/wp-json\/wp\/v2\/media?parent=237776"}],"wp:term":[{"taxonomy":"product_brand","embeddable":true,"href":"https:\/\/aromasentia.com\/fr\/wp-json\/wp\/v2\/product_brand?post=237776"},{"taxonomy":"product_cat","embeddable":true,"href":"https:\/\/aromasentia.com\/fr\/wp-json\/wp\/v2\/product_cat?post=237776"},{"taxonomy":"product_tag","embeddable":true,"href":"https:\/\/aromasentia.com\/fr\/wp-json\/wp\/v2\/product_tag?post=237776"}],"curies":[{"name":"wp","href":"https:\/\/api.w.org\/{rel}","templated":true}]}}