{"id":237724,"date":"2025-03-20T17:54:28","date_gmt":"2025-03-20T17:54:28","guid":{"rendered":"https:\/\/aromasentia.com\/product\/petrified-wood-black-soap-dish\/"},"modified":"2025-06-23T19:05:37","modified_gmt":"2025-06-23T19:05:37","slug":"porte-savon-noir-en-bois-petrifie","status":"publish","type":"product","link":"https:\/\/aromasentia.com\/fr\/porte-savon-noir-en-bois-petrifie\/","title":{"rendered":"Porte-savon Noir en Bois P\u00e9trifi\u00e9"},"content":{"rendered":"<p><strong><span style=\"color: rgb(75, 80, 88);\">Ce porte-savon en bois rare et magnifique Noir &#8211; bois p\u00e9trifi\u00e9&nbsp;<\/span><\/strong>est un ajout unique \u00e0 la salle de bain de vos clients. Ils serviront vos clients pendant des ann\u00e9es.&nbsp;<\/p>\n<p>Une collection unique faite de mati\u00e8res nobles, aux formes classiques ou plus fantaisistes. Les porte-savons en bois ont un aspect sp\u00e9cial, \u00e9l\u00e9gant et naturellement fonctionnel. Convient aux personnes \u00e0 la recherche de choses exceptionnelles avec une \u00e2me. Fabriqu\u00e9 \u00e0 la main en Indon\u00e9sie avec le plus grand soin, unique, unique en son genre.&nbsp;<\/p>\n<p>D\u00e9couvrez le porte-savon en bois p\u00e9trifi\u00e9 &#8211; fabriqu\u00e9 \u00e0 partir de bois vieux de plus de 20 millions d&rsquo;ann\u00e9es. Ou ressentez le pouvoir sublime du Riverstone Dish. Admirez la beaut\u00e9 d\u00e9licate des v\u00e9ritables pi\u00e8ces d&rsquo;Onyx.&nbsp;<\/p>\n<p><strong><span style=\"color: rgb(75, 80, 88);\">VEUILLEZ NOTER : Les couleurs et les formes peuvent varier car chaque pi\u00e8ce a \u00e9t\u00e9 fabriqu\u00e9e \u00e0 partir de pierre naturelle.&nbsp;<\/span><\/strong><\/p>\n<p><strong><span style=\"color: rgb(141, 186, 216);\">Commandez maintenant et offrez \u00e0 vos clients des porte-savons uniques.<\/span><\/strong><\/p>\n","protected":false},"excerpt":{"rendered":"<p>Ce porte-savon en bois rare et magnifique Noir &#8211; bois p\u00e9trifi\u00e9&nbsp;est un ajout unique \u00e0 la salle de bain de vos clients. Ils serviront vos clients pendant des ann\u00e9es.&nbsp; Une collection unique faite de mati\u00e8res nobles, aux formes classiques ou plus fantaisistes. Les porte-savons en bois ont un aspect sp\u00e9cial, \u00e9l\u00e9gant et naturellement fonctionnel. Convient [&hellip;]<\/p>\n","protected":false},"featured_media":299621,"comment_status":"closed","ping_status":"open","template":"","meta":{"_angie_page":false},"product_brand":[],"product_cat":[19443,25716,25226,20534],"product_tag":[],"class_list":{"0":"post-237724","1":"product","2":"type-product","3":"status-publish","4":"has-post-thumbnail","6":"product_cat-bain-et-corps","7":"product_cat-bois-petrifie","8":"product_cat-pierres-et-mineraux","9":"product_cat-porte-savons-et-distributeurs-savon","10":"pa_collection-stone-soap-dishes-fr","11":"pa_made-in-indonesie","13":"first","14":"instock","15":"purchasable","16":"product-type-simple"},"supplier_id":null,"supplier_sku":"SSD-14","barcode":null,"atum_controlled":true,"out_stock_date":null,"out_stock_threshold":null,"inheritable":false,"inbound_stock":null,"stock_on_hold":0,"sold_today":0,"sales_last_days":0,"reserved_stock":null,"customer_returns":null,"warehouse_damage":null,"lost_in_post":null,"other_logs":null,"out_stock_days":0,"lost_sales":0,"has_location":null,"update_date":"2026-05-04T00:04:59","atum_locations":[],"atum_stock_status":"instock","restock_status":false,"low_stock_amount":"","sales_update_date":"2026-01-30T01:24:53","calc_backorders":null,"_links":{"self":[{"href":"https:\/\/aromasentia.com\/fr\/wp-json\/wp\/v2\/product\/237724","targetHints":{"allow":["GET"]}}],"collection":[{"href":"https:\/\/aromasentia.com\/fr\/wp-json\/wp\/v2\/product"}],"about":[{"href":"https:\/\/aromasentia.com\/fr\/wp-json\/wp\/v2\/types\/product"}],"replies":[{"embeddable":true,"href":"https:\/\/aromasentia.com\/fr\/wp-json\/wp\/v2\/comments?post=237724"}],"version-history":[{"count":0,"href":"https:\/\/aromasentia.com\/fr\/wp-json\/wp\/v2\/product\/237724\/revisions"}],"wp:featuredmedia":[{"embeddable":true,"href":"https:\/\/aromasentia.com\/fr\/wp-json\/wp\/v2\/media\/299621"}],"wp:attachment":[{"href":"https:\/\/aromasentia.com\/fr\/wp-json\/wp\/v2\/media?parent=237724"}],"wp:term":[{"taxonomy":"product_brand","embeddable":true,"href":"https:\/\/aromasentia.com\/fr\/wp-json\/wp\/v2\/product_brand?post=237724"},{"taxonomy":"product_cat","embeddable":true,"href":"https:\/\/aromasentia.com\/fr\/wp-json\/wp\/v2\/product_cat?post=237724"},{"taxonomy":"product_tag","embeddable":true,"href":"https:\/\/aromasentia.com\/fr\/wp-json\/wp\/v2\/product_tag?post=237724"}],"curies":[{"name":"wp","href":"https:\/\/api.w.org\/{rel}","templated":true}]}}