{"id":237720,"date":"2025-03-20T17:55:01","date_gmt":"2025-03-20T17:55:01","guid":{"rendered":"https:\/\/aromasentia.com\/product\/wild-hare-salt-flowers-set-passion\/"},"modified":"2025-06-23T19:05:36","modified_gmt":"2025-06-23T19:05:36","slug":"ensemble-sel-fleurs-hop-hare-passion","status":"publish","type":"product","link":"https:\/\/aromasentia.com\/fr\/ensemble-sel-fleurs-hop-hare-passion\/","title":{"rendered":"Ensemble Sel &#038; Fleurs Hop Hare &#8211; Passion"},"content":{"rendered":"<p>Transformez la salle de bain de vos clients en un petit SPA tous les soirs avec<strong><span style=\"color: rgb(255, 192, 203);\">&nbsp;<\/span><\/strong><strong><span style=\"color: rgb(255, 192, 203);\"><strong>l&rsquo;Ensemble de Sel &amp; Fleurs Hop Hare &#8211; Passion&nbsp;<\/strong><\/span><\/strong>en gros.&nbsp;<\/p>\n<p>Un bain ordinaire deviendra un rituel extraordinaire pour le corps et l&rsquo;esprit. Dans d&rsquo;\u00e9l\u00e9gants coffrets cadeaux, vous trouverez des couleurs assorties :&nbsp;<\/p>\n<p>&#8211; Sel de bain 350g (Ylang Ylang, Citron &amp; Orange)&nbsp;<\/p>\n<p>&#8211; 8 roses de savon&nbsp;<\/p>\n<p>&#8211; 8 tournesols en savon&nbsp;<\/p>\n<p>La combinaison de sel naturel et d&rsquo;huiles essentielles offrira une exp\u00e9rience aromath\u00e9rapeutique exceptionnelle.&nbsp;<\/p>\n<p>Des m\u00e9langes d&rsquo;ar\u00f4mes uniques ont un effet stimulant, relaxant, d\u00e9toxifiant ou r\u00e9chauffant. Les p\u00e9tales de fleurs de savon luxueux, fondant d\u00e9licatement dans l&rsquo;eau chaude, seront une vraie cerise sur le g\u00e2teau.<\/p>\n<p>Ensemble Sel &amp; Fleurs Hop Hare &#8211; Passion sont des produits pr\u00eats \u00e0 l&#8217;emploi et faciles \u00e0 vendre pour toute boutique de cadeaux. Convient pour de nombreuses occasions, comme les anniversaires, les vacances, les anniversaires.&nbsp;<\/p>\n<p>Belles et pratiques, elles deviendront peut-\u00eatre vos best-sellers !&nbsp;<\/p>\n<p><strong><span style=\"color: rgb(141, 186, 216);\">Laissez vos clients apaiser les corps et les esprits fatigu\u00e9s &#8211; commandez maintenant.<\/span><\/strong><\/p>\n","protected":false},"excerpt":{"rendered":"<p>Transformez la salle de bain de vos clients en un petit SPA tous les soirs avec&nbsp;l&rsquo;Ensemble de Sel &amp; Fleurs Hop Hare &#8211; Passion&nbsp;en gros.&nbsp; Un bain ordinaire deviendra un rituel extraordinaire pour le corps et l&rsquo;esprit. Dans d&rsquo;\u00e9l\u00e9gants coffrets cadeaux, vous trouverez des couleurs assorties :&nbsp; &#8211; Sel de bain 350g (Ylang Ylang, Citron [&hellip;]<\/p>\n","protected":false},"featured_media":299862,"comment_status":"closed","ping_status":"open","template":"","meta":[],"product_brand":[27163],"product_cat":[19443,20508,20681],"product_tag":[],"class_list":{"0":"post-237720","1":"product","2":"type-product","3":"status-publish","4":"has-post-thumbnail","6":"product_brand-wild-hare","7":"product_cat-bain-et-corps","8":"product_cat-coffrets-cadeaux","9":"product_cat-sels-de-bain","10":"pa_collection-wild-hare-salt-flowers-set-fr","11":"pa_made-in-royaume-uni","13":"first","14":"outofstock","15":"purchasable","16":"product-type-simple"},"supplier_id":null,"supplier_sku":"SSSet-03","barcode":null,"atum_controlled":true,"out_stock_date":"2025-11-18 13:51:03","out_stock_threshold":null,"inheritable":false,"inbound_stock":null,"stock_on_hold":0,"sold_today":0,"sales_last_days":0,"reserved_stock":null,"customer_returns":null,"warehouse_damage":null,"lost_in_post":null,"other_logs":null,"out_stock_days":79,"lost_sales":0,"has_location":null,"update_date":"2026-02-06T00:01:05","atum_locations":[],"atum_stock_status":"outofstock","restock_status":false,"low_stock_amount":"","sales_update_date":"2026-02-06T00:01:05","calc_backorders":null,"_links":{"self":[{"href":"https:\/\/aromasentia.com\/fr\/wp-json\/wp\/v2\/product\/237720","targetHints":{"allow":["GET"]}}],"collection":[{"href":"https:\/\/aromasentia.com\/fr\/wp-json\/wp\/v2\/product"}],"about":[{"href":"https:\/\/aromasentia.com\/fr\/wp-json\/wp\/v2\/types\/product"}],"replies":[{"embeddable":true,"href":"https:\/\/aromasentia.com\/fr\/wp-json\/wp\/v2\/comments?post=237720"}],"version-history":[{"count":0,"href":"https:\/\/aromasentia.com\/fr\/wp-json\/wp\/v2\/product\/237720\/revisions"}],"wp:featuredmedia":[{"embeddable":true,"href":"https:\/\/aromasentia.com\/fr\/wp-json\/wp\/v2\/media\/299862"}],"wp:attachment":[{"href":"https:\/\/aromasentia.com\/fr\/wp-json\/wp\/v2\/media?parent=237720"}],"wp:term":[{"taxonomy":"product_brand","embeddable":true,"href":"https:\/\/aromasentia.com\/fr\/wp-json\/wp\/v2\/product_brand?post=237720"},{"taxonomy":"product_cat","embeddable":true,"href":"https:\/\/aromasentia.com\/fr\/wp-json\/wp\/v2\/product_cat?post=237720"},{"taxonomy":"product_tag","embeddable":true,"href":"https:\/\/aromasentia.com\/fr\/wp-json\/wp\/v2\/product_tag?post=237720"}],"curies":[{"name":"wp","href":"https:\/\/api.w.org\/{rel}","templated":true}]}}