{"id":237716,"date":"2025-03-20T17:55:01","date_gmt":"2025-03-20T17:55:01","guid":{"rendered":"https:\/\/aromasentia.com\/product\/wild-hare-salt-flowers-set-total-detox\/"},"modified":"2025-06-23T19:05:36","modified_gmt":"2025-06-23T19:05:36","slug":"ensemble-sel-fleurs-hop-hare-total-detox","status":"publish","type":"product","link":"https:\/\/aromasentia.com\/fr\/ensemble-sel-fleurs-hop-hare-total-detox\/","title":{"rendered":"Ensemble Sel &#038; Fleurs Hop Hare &#8211; Total Detox"},"content":{"rendered":"<p>Transformez la salle de bain de vos clients en un petit SPA tous les soirs avec l&rsquo;<strong><span style=\"color: rgb(243, 121, 52);\">Ensemble de Sel &amp; Fleurs Hop Hare<\/span><\/strong> en gros.&nbsp;<\/p>\n<p>Un bain ordinaire deviendra un rituel extraordinaire pour le corps et l&rsquo;esprit.&nbsp;<\/p>\n<p>Dans d&rsquo;\u00e9l\u00e9gants coffrets cadeaux, vous trouverez de couleurs assorties :&nbsp;<\/p>\n<p>&#8211; Sel de bain 350g (May Chang, Tea Tree &amp; Juniper)&nbsp;<\/p>\n<p>&#8211; 8 roses de savon&nbsp;<\/p>\n<p>&#8211; 8 tournesols en savon&nbsp;<\/p>\n<p>La combinaison de sel naturel et d&rsquo;huiles essentielles offrira une exp\u00e9rience aromath\u00e9rapeutique exceptionnelle. Des m\u00e9langes d&rsquo;ar\u00f4mes uniques ont un effet stimulant, relaxant, d\u00e9toxifiant ou r\u00e9chauffant. Les p\u00e9tales de fleurs de savon luxueux, fondant d\u00e9licatement dans l&rsquo;eau chaude, seront une vraie cerise sur le g\u00e2teau.&nbsp;<\/p>\n<p>l&rsquo;ensemble de sel et de fleurs Hop Hare &nbsp;&#8211; Total Detox sont des produits pr\u00eats \u00e0 l&#8217;emploi et faciles \u00e0 vendre pour toute boutique de cadeaux. Convient pour de nombreuses occasions, comme les anniversaires, les vacances, les anniversaires.&nbsp;<\/p>\n<p><strong><span style=\"color: rgb(141, 186, 216);\">Belles et pratiques, elles deviendront peut-\u00eatre vos best-sellers !<\/span><\/strong><\/p>\n<p><strong><span style=\"color: rgb(141, 186, 216);\">Laissez vos clients apaiser les corps et les esprits fatigu\u00e9s &#8211; commandez maintenant.<\/span><\/strong><\/p>\n","protected":false},"excerpt":{"rendered":"<p>Transformez la salle de bain de vos clients en un petit SPA tous les soirs avec l&rsquo;Ensemble de Sel &amp; Fleurs Hop Hare en gros.&nbsp; Un bain ordinaire deviendra un rituel extraordinaire pour le corps et l&rsquo;esprit.&nbsp; Dans d&rsquo;\u00e9l\u00e9gants coffrets cadeaux, vous trouverez de couleurs assorties :&nbsp; &#8211; Sel de bain 350g (May Chang, Tea [&hellip;]<\/p>\n","protected":false},"featured_media":299853,"comment_status":"closed","ping_status":"open","template":"","meta":{"_angie_page":false},"product_brand":[27163],"product_cat":[19443,20508,20681],"product_tag":[],"class_list":{"0":"post-237716","1":"product","2":"type-product","3":"status-publish","4":"has-post-thumbnail","6":"product_brand-wild-hare","7":"product_cat-bain-et-corps","8":"product_cat-coffrets-cadeaux","9":"product_cat-sels-de-bain","10":"pa_collection-wild-hare-salt-flowers-set-fr","11":"pa_made-in-royaume-uni","13":"first","14":"instock","15":"purchasable","16":"product-type-simple"},"supplier_id":null,"supplier_sku":"SSSet-02","barcode":null,"atum_controlled":true,"out_stock_date":null,"out_stock_threshold":null,"inheritable":false,"inbound_stock":null,"stock_on_hold":0,"sold_today":0,"sales_last_days":0,"reserved_stock":null,"customer_returns":null,"warehouse_damage":null,"lost_in_post":null,"other_logs":null,"out_stock_days":0,"lost_sales":0,"has_location":null,"update_date":"2026-04-27T07:23:19","atum_locations":[],"atum_stock_status":"instock","restock_status":false,"low_stock_amount":"","sales_update_date":"2025-09-05T00:21:08","calc_backorders":null,"_links":{"self":[{"href":"https:\/\/aromasentia.com\/fr\/wp-json\/wp\/v2\/product\/237716","targetHints":{"allow":["GET"]}}],"collection":[{"href":"https:\/\/aromasentia.com\/fr\/wp-json\/wp\/v2\/product"}],"about":[{"href":"https:\/\/aromasentia.com\/fr\/wp-json\/wp\/v2\/types\/product"}],"replies":[{"embeddable":true,"href":"https:\/\/aromasentia.com\/fr\/wp-json\/wp\/v2\/comments?post=237716"}],"version-history":[{"count":0,"href":"https:\/\/aromasentia.com\/fr\/wp-json\/wp\/v2\/product\/237716\/revisions"}],"wp:featuredmedia":[{"embeddable":true,"href":"https:\/\/aromasentia.com\/fr\/wp-json\/wp\/v2\/media\/299853"}],"wp:attachment":[{"href":"https:\/\/aromasentia.com\/fr\/wp-json\/wp\/v2\/media?parent=237716"}],"wp:term":[{"taxonomy":"product_brand","embeddable":true,"href":"https:\/\/aromasentia.com\/fr\/wp-json\/wp\/v2\/product_brand?post=237716"},{"taxonomy":"product_cat","embeddable":true,"href":"https:\/\/aromasentia.com\/fr\/wp-json\/wp\/v2\/product_cat?post=237716"},{"taxonomy":"product_tag","embeddable":true,"href":"https:\/\/aromasentia.com\/fr\/wp-json\/wp\/v2\/product_tag?post=237716"}],"curies":[{"name":"wp","href":"https:\/\/api.w.org\/{rel}","templated":true}]}}