{"id":237708,"date":"2025-03-20T17:55:01","date_gmt":"2025-03-20T17:55:01","guid":{"rendered":"https:\/\/aromasentia.com\/product\/soapstone-soap-dish-drainer-11x8cm-classic-oval\/"},"modified":"2025-06-23T19:05:35","modified_gmt":"2025-06-23T19:05:35","slug":"porte-savon-et-egouttoir-en-pierre-ollaire-11x8cm-ovale-classique","status":"publish","type":"product","link":"https:\/\/aromasentia.com\/fr\/porte-savon-et-egouttoir-en-pierre-ollaire-11x8cm-ovale-classique\/","title":{"rendered":"Porte-Savon et \u00c9gouttoir en Pierre Ollaire 11x8cm &#8211; Ovale Classique"},"content":{"rendered":"<p><strong>D\u00e9couvrez le Porte-Savon et \u00e9gouttoir en Pierre Ollaire 11&#215;8 cm<\/strong> &ndash; un accessoire chic et durable qui allie design intemporel et fonctionnalit\u00e9.&nbsp;<\/p>\n<p>Offrez \u00e0 vos clients un produit de qualit\u00e9, id\u00e9al pour sublimer leurs espaces tout en pr\u00e9servant leurs savons.&nbsp;<\/p>\n<p>Ajoutez-le d\u00e8s aujourd&rsquo;hui \u00e0 votre collection et r\u00e9pondez \u00e0 la demande croissante pour des articles \u00e9l\u00e9gants et pratiques.&nbsp;<\/p>\n<p><strong>Ne manquez pas cette opportunit\u00e9 de faire la diff\u00e9rence dans vos rayons !<\/strong><\/p>\n","protected":false},"excerpt":{"rendered":"<p>D\u00e9couvrez le Porte-Savon et \u00e9gouttoir en Pierre Ollaire 11&#215;8 cm &ndash; un accessoire chic et durable qui allie design intemporel et fonctionnalit\u00e9.&nbsp; Offrez \u00e0 vos clients un produit de qualit\u00e9, id\u00e9al pour sublimer leurs espaces tout en pr\u00e9servant leurs savons.&nbsp; Ajoutez-le d\u00e8s aujourd&rsquo;hui \u00e0 votre collection et r\u00e9pondez \u00e0 la demande croissante pour des articles [&hellip;]<\/p>\n","protected":false},"featured_media":299811,"comment_status":"closed","ping_status":"open","template":"","meta":{"_angie_page":false},"product_brand":[],"product_cat":[19443,20534],"product_tag":[],"class_list":{"0":"post-237708","1":"product","2":"type-product","3":"status-publish","4":"has-post-thumbnail","6":"product_cat-bain-et-corps","7":"product_cat-porte-savons-et-distributeurs-savon","8":"pa_collection-stone-soap-dishes-fr","9":"pa_made-in-inde","11":"first","12":"instock","13":"purchasable","14":"product-type-simple"},"supplier_id":null,"supplier_sku":"SSD-20","barcode":null,"atum_controlled":true,"out_stock_date":null,"out_stock_threshold":null,"inheritable":false,"inbound_stock":null,"stock_on_hold":0,"sold_today":0,"sales_last_days":0,"reserved_stock":null,"customer_returns":null,"warehouse_damage":null,"lost_in_post":null,"other_logs":null,"out_stock_days":0,"lost_sales":0,"has_location":null,"update_date":"2026-04-27T07:23:15","atum_locations":[],"atum_stock_status":"instock","restock_status":false,"low_stock_amount":"","sales_update_date":"2025-09-05T00:21:08","calc_backorders":null,"_links":{"self":[{"href":"https:\/\/aromasentia.com\/fr\/wp-json\/wp\/v2\/product\/237708","targetHints":{"allow":["GET"]}}],"collection":[{"href":"https:\/\/aromasentia.com\/fr\/wp-json\/wp\/v2\/product"}],"about":[{"href":"https:\/\/aromasentia.com\/fr\/wp-json\/wp\/v2\/types\/product"}],"replies":[{"embeddable":true,"href":"https:\/\/aromasentia.com\/fr\/wp-json\/wp\/v2\/comments?post=237708"}],"version-history":[{"count":0,"href":"https:\/\/aromasentia.com\/fr\/wp-json\/wp\/v2\/product\/237708\/revisions"}],"wp:featuredmedia":[{"embeddable":true,"href":"https:\/\/aromasentia.com\/fr\/wp-json\/wp\/v2\/media\/299811"}],"wp:attachment":[{"href":"https:\/\/aromasentia.com\/fr\/wp-json\/wp\/v2\/media?parent=237708"}],"wp:term":[{"taxonomy":"product_brand","embeddable":true,"href":"https:\/\/aromasentia.com\/fr\/wp-json\/wp\/v2\/product_brand?post=237708"},{"taxonomy":"product_cat","embeddable":true,"href":"https:\/\/aromasentia.com\/fr\/wp-json\/wp\/v2\/product_cat?post=237708"},{"taxonomy":"product_tag","embeddable":true,"href":"https:\/\/aromasentia.com\/fr\/wp-json\/wp\/v2\/product_tag?post=237708"}],"curies":[{"name":"wp","href":"https:\/\/api.w.org\/{rel}","templated":true}]}}