{"id":237556,"date":"2025-03-20T17:58:52","date_gmt":"2025-03-20T17:58:52","guid":{"rendered":"https:\/\/aromasentia.com\/product\/aromatherapy-body-wash-with-vitamin-c-orange-lemon\/"},"modified":"2025-06-23T19:05:12","modified_gmt":"2025-06-23T19:05:12","slug":"gel-douche-aromatherapie-a-la-vitamine-c-orange-citron","status":"publish","type":"product","link":"https:\/\/aromasentia.com\/fr\/gel-douche-aromatherapie-a-la-vitamine-c-orange-citron\/","title":{"rendered":"Gel Douche Aromath\u00e9rapie \u00e0 la Vitamine C \u2013 Orange &#038; Citron"},"content":{"rendered":"<h1>Gel Douche Aromath\u00e9rapique en Gros avec Vitamine C &#8211; Orange &amp; Citron<\/h1>\n<p>Offrez \u00e0 vos clients une exp\u00e9rience revitalisante et rafra\u00eechissante avec notre gel douche aromath\u00e9rapique enrichi en vitamine C &#8211; orange et citron. Ce gel douche de 300 ml (10,56 oz) combine un m\u00e9lange d&rsquo;huiles essentielles et de vitamine C pour une exp\u00e9rience de nettoyage luxueuse qui nourrit et revitalise la peau.&nbsp;<\/p>\n<p>Un ajout indispensable \u00e0 votre gamme de soins de la peau de qualit\u00e9 sup\u00e9rieure. Pr\u00e9sent\u00e9 dans un flacon-pompe \u00e9l\u00e9gant et facile \u00e0 utiliser, ce gel douche assure une application hygi\u00e9nique et pratique. Son design attrayant en fait un \u00e9l\u00e9ment remarquable de la gamme de produits de soins de la peau de votre boutique.&nbsp;<\/p>\n<h2>Caract\u00e9ristiques Principales :&nbsp;<\/h2>\n<p><strong>&#8211; Vitamine C enrichie :&nbsp;<\/strong>Ce gel douche, infus\u00e9 de vitamine C, aide \u00e0 \u00e9claircir la peau, \u00e0 lui donner un \u00e9clat radieux et offre une protection antioxydante contre les agressions ext\u00e9rieures.&nbsp;<\/p>\n<p><strong>&#8211; M\u00e9lange d&rsquo;huiles essentielles :&nbsp;<\/strong>Formul\u00e9 avec de l&rsquo;huile d&rsquo;\u00e9corce de citron et de l&rsquo;huile d&rsquo;\u00e9corce d&rsquo;orange, ce gel douche d\u00e9gage un ar\u00f4me d&rsquo;agrumes d\u00e9licieux qui rafra\u00eechit et revigore les sens.&nbsp;<\/p>\n<p><strong>&#8211; Nettoyage profond : <\/strong>Contenant des tensioactifs doux qui produisent une mousse riche, il \u00e9limine efficacement la salet\u00e9 et les impuret\u00e9s sans priver la peau de ses huiles naturelles.<\/p>\n<p><strong>&#8211; Hydratant et nourrissant :<\/strong> Enrichi de glyc\u00e9rine pour aider \u00e0 retenir l&rsquo;humidit\u00e9, il maintient la peau douce, lisse et hydrat\u00e9e tout au long de la journ\u00e9e.&nbsp;<\/p>\n<p><strong>&#8211; Bienfaits de l&rsquo;aromath\u00e9rapie : <\/strong>Infus\u00e9 de compos\u00e9s naturels comme le limon\u00e8ne, le linalol et le citral, ce gel douche offre des effets aromath\u00e9rapeutiques apaisants et stimulants qui am\u00e9liorent le bien-\u00eatre de la peau.&nbsp;<\/p>\n<p><strong>Ajoutez ce gel douche essentiel \u00e0 votre gamme de produits pour r\u00e9pondre \u00e0 la demande croissante de soins de la peau naturels et luxueux.<\/strong><\/p>\n","protected":false},"excerpt":{"rendered":"<p>Gel Douche Aromath\u00e9rapique en Gros avec Vitamine C &#8211; Orange &amp; Citron Offrez \u00e0 vos clients une exp\u00e9rience revitalisante et rafra\u00eechissante avec notre gel douche aromath\u00e9rapique enrichi en vitamine C &#8211; orange et citron. Ce gel douche de 300 ml (10,56 oz) combine un m\u00e9lange d&rsquo;huiles essentielles et de vitamine C pour une exp\u00e9rience de [&hellip;]<\/p>\n","protected":false},"featured_media":300997,"comment_status":"closed","ping_status":"open","template":"","meta":{"_angie_page":false},"product_brand":[27075],"product_cat":[19443,26237,26818,26307,25842],"product_tag":[],"class_list":{"0":"post-237556","1":"product","2":"type-product","3":"status-publish","4":"has-post-thumbnail","6":"product_brand-aw-cosmetics","7":"product_cat-bain-et-corps","8":"product_cat-citron","9":"product_cat-hesperide-agrumes","10":"product_cat-orange","11":"product_cat-senteurs-aromes","12":"pa_collection-vitamin-c-skincare-line-fr","13":"pa_made-in-royaume-uni","15":"first","16":"instock","17":"purchasable","18":"product-type-simple"},"supplier_id":null,"supplier_sku":"Vitc-04","barcode":null,"atum_controlled":true,"out_stock_date":null,"out_stock_threshold":null,"inheritable":false,"inbound_stock":0,"stock_on_hold":0,"sold_today":0,"sales_last_days":0,"reserved_stock":0,"customer_returns":0,"warehouse_damage":0,"lost_in_post":0,"other_logs":0,"out_stock_days":0,"lost_sales":0,"has_location":false,"update_date":"2026-05-08T05:21:29","atum_locations":[],"atum_stock_status":"instock","restock_status":false,"low_stock_amount":"","sales_update_date":"2026-01-30T01:24:33","calc_backorders":null,"_links":{"self":[{"href":"https:\/\/aromasentia.com\/fr\/wp-json\/wp\/v2\/product\/237556","targetHints":{"allow":["GET"]}}],"collection":[{"href":"https:\/\/aromasentia.com\/fr\/wp-json\/wp\/v2\/product"}],"about":[{"href":"https:\/\/aromasentia.com\/fr\/wp-json\/wp\/v2\/types\/product"}],"replies":[{"embeddable":true,"href":"https:\/\/aromasentia.com\/fr\/wp-json\/wp\/v2\/comments?post=237556"}],"version-history":[{"count":0,"href":"https:\/\/aromasentia.com\/fr\/wp-json\/wp\/v2\/product\/237556\/revisions"}],"wp:featuredmedia":[{"embeddable":true,"href":"https:\/\/aromasentia.com\/fr\/wp-json\/wp\/v2\/media\/300997"}],"wp:attachment":[{"href":"https:\/\/aromasentia.com\/fr\/wp-json\/wp\/v2\/media?parent=237556"}],"wp:term":[{"taxonomy":"product_brand","embeddable":true,"href":"https:\/\/aromasentia.com\/fr\/wp-json\/wp\/v2\/product_brand?post=237556"},{"taxonomy":"product_cat","embeddable":true,"href":"https:\/\/aromasentia.com\/fr\/wp-json\/wp\/v2\/product_cat?post=237556"},{"taxonomy":"product_tag","embeddable":true,"href":"https:\/\/aromasentia.com\/fr\/wp-json\/wp\/v2\/product_tag?post=237556"}],"curies":[{"name":"wp","href":"https:\/\/api.w.org\/{rel}","templated":true}]}}