{"id":237528,"date":"2025-03-20T17:59:32","date_gmt":"2025-03-20T17:59:32","guid":{"rendered":"https:\/\/aromasentia.com\/product\/goddesss-glow-face-serum-with-vitamin-c\/"},"modified":"2025-06-23T19:05:09","modified_gmt":"2025-06-23T19:05:09","slug":"serum-pour-le-visage-a-la-vitamine-c-leclat-de-la-deesse","status":"publish","type":"product","link":"https:\/\/aromasentia.com\/fr\/serum-pour-le-visage-a-la-vitamine-c-leclat-de-la-deesse\/","title":{"rendered":"S\u00e9rum pour le Visage \u00e0 la Vitamine C &#8211; L&rsquo;\u00c9clat de la D\u00e9esse"},"content":{"rendered":"<h1>S\u00e9rum Visage Avec Vitamine C&nbsp;<\/h1>\n<p>Le s\u00e9rum pour le visage avec vitamine C, d&rsquo;une contenance de 30 ml (1,01 fl oz), est soigneusement formul\u00e9 pour hydrater, \u00e9claircir et rajeunir la peau.&nbsp;<\/p>\n<p>Ce s\u00e9rum est un incontournable pour toute routine de soins de la peau, offrant des traitements efficaces et luxueux que vos clients rechercheront activement.&nbsp;<\/p>\n<p>Pr\u00e9sent\u00e9 dans un flacon en verre ambr\u00e9 \u00e9l\u00e9gant avec un compte-gouttes pour une application pr\u00e9cise, ce s\u00e9rum conserve la fra\u00eecheur et l&rsquo;efficacit\u00e9 de ses ingr\u00e9dients. Son design visuellement attrayant en fait un ajout remarquable \u00e0 votre gamme de produits de soins de la peau.&nbsp;<\/p>\n<h2>Caract\u00e9ristiques principales :&nbsp;<\/h2>\n<p><strong>Vitamine C enrichie :&nbsp;<\/strong>Ce s\u00e9rum, infus\u00e9 de vitamine C, aide \u00e0 \u00e9claircir le teint, \u00e0 r\u00e9duire les taches brunes et \u00e0 uniformiser la peau.&nbsp;<\/p>\n<p><strong>Astringent naturel :&nbsp;<\/strong>L&rsquo;hamam\u00e9lis contenu dans ce s\u00e9rum resserre les pores, contr\u00f4le la production de s\u00e9bum et r\u00e9duit l&rsquo;inflammation, procurant un teint plus clair.&nbsp;<\/p>\n<p><strong>Hydratation et apaisement :&nbsp;<\/strong>Formul\u00e9 avec de la glyc\u00e9rine et de la poudre de feuilles d&rsquo;Aloe Barbadensis, ce s\u00e9rum offre une hydratation en profondeur et des bienfaits apaisants, laissant la peau douce et rafra\u00eechie.&nbsp;<\/p>\n<p><strong>Antioxydants puissants :<\/strong> Les extraits de fruits de canneberge et de myrtille sont riches en antioxydants, prot\u00e9geant la peau des agressions ext\u00e9rieures.&nbsp;<\/p>\n<p><strong>Extrait d&rsquo;agrumes rafra\u00eechissant :&nbsp;<\/strong>L&rsquo;extrait de pamplemousse, connu pour ses propri\u00e9t\u00e9s \u00e9claircissantes et revitalisantes, am\u00e9liore l&rsquo;\u00e9clat naturel de la peau.&nbsp;<\/p>\n<p><strong>Application douce :&nbsp;<\/strong>Gr\u00e2ce \u00e0 sa formule l\u00e9g\u00e8re, ce s\u00e9rum s&rsquo;applique facilement sans laisser de r\u00e9sidu gras, rendant son utilisation agr\u00e9able.&nbsp;<\/p>\n<p><strong>Ajoutez ce s\u00e9rum de qualit\u00e9 \u00e0 votre ligne de produits de soins de la peau et r\u00e9pondez \u00e0 la demande croissante pour des soins de la peau efficaces et luxueux.<\/strong><\/p>\n","protected":false},"excerpt":{"rendered":"<p>S\u00e9rum Visage Avec Vitamine C&nbsp; Le s\u00e9rum pour le visage avec vitamine C, d&rsquo;une contenance de 30 ml (1,01 fl oz), est soigneusement formul\u00e9 pour hydrater, \u00e9claircir et rajeunir la peau.&nbsp; Ce s\u00e9rum est un incontournable pour toute routine de soins de la peau, offrant des traitements efficaces et luxueux que vos clients rechercheront activement.&nbsp; [&hellip;]<\/p>\n","protected":false},"featured_media":301120,"comment_status":"closed","ping_status":"open","template":"","meta":{"_angie_page":false},"product_brand":[27075],"product_cat":[19443],"product_tag":[],"class_list":{"0":"post-237528","1":"product","2":"type-product","3":"status-publish","4":"has-post-thumbnail","6":"product_brand-aw-cosmetics","7":"product_cat-bain-et-corps","8":"pa_collection-vitamin-c-skincare-line-fr","9":"pa_made-in-royaume-uni","10":"pa_size-30ml","12":"first","13":"instock","14":"purchasable","15":"product-type-simple"},"supplier_id":null,"supplier_sku":"Vitc-08","barcode":null,"atum_controlled":true,"out_stock_date":null,"out_stock_threshold":null,"inheritable":false,"inbound_stock":null,"stock_on_hold":0,"sold_today":0,"sales_last_days":0,"reserved_stock":null,"customer_returns":null,"warehouse_damage":null,"lost_in_post":null,"other_logs":null,"out_stock_days":0,"lost_sales":0,"has_location":null,"update_date":"2026-05-04T00:05:00","atum_locations":[],"atum_stock_status":"instock","restock_status":false,"low_stock_amount":"","sales_update_date":"2025-09-05T00:21:18","calc_backorders":null,"_links":{"self":[{"href":"https:\/\/aromasentia.com\/fr\/wp-json\/wp\/v2\/product\/237528","targetHints":{"allow":["GET"]}}],"collection":[{"href":"https:\/\/aromasentia.com\/fr\/wp-json\/wp\/v2\/product"}],"about":[{"href":"https:\/\/aromasentia.com\/fr\/wp-json\/wp\/v2\/types\/product"}],"replies":[{"embeddable":true,"href":"https:\/\/aromasentia.com\/fr\/wp-json\/wp\/v2\/comments?post=237528"}],"version-history":[{"count":0,"href":"https:\/\/aromasentia.com\/fr\/wp-json\/wp\/v2\/product\/237528\/revisions"}],"wp:featuredmedia":[{"embeddable":true,"href":"https:\/\/aromasentia.com\/fr\/wp-json\/wp\/v2\/media\/301120"}],"wp:attachment":[{"href":"https:\/\/aromasentia.com\/fr\/wp-json\/wp\/v2\/media?parent=237528"}],"wp:term":[{"taxonomy":"product_brand","embeddable":true,"href":"https:\/\/aromasentia.com\/fr\/wp-json\/wp\/v2\/product_brand?post=237528"},{"taxonomy":"product_cat","embeddable":true,"href":"https:\/\/aromasentia.com\/fr\/wp-json\/wp\/v2\/product_cat?post=237528"},{"taxonomy":"product_tag","embeddable":true,"href":"https:\/\/aromasentia.com\/fr\/wp-json\/wp\/v2\/product_tag?post=237528"}],"curies":[{"name":"wp","href":"https:\/\/api.w.org\/{rel}","templated":true}]}}