{"id":237496,"date":"2025-03-21T00:55:00","date_gmt":"2025-03-21T00:55:00","guid":{"rendered":"https:\/\/aromasentia.com\/product\/mango-lime-whipped-cream-soap-120g\/"},"modified":"2025-06-23T19:05:03","modified_gmt":"2025-06-23T19:05:03","slug":"savon-fouette-mangue-citron-vert-120g","status":"publish","type":"product","link":"https:\/\/aromasentia.com\/fr\/savon-fouette-mangue-citron-vert-120g\/","title":{"rendered":"Savon Fouett\u00e9 Mangue &#038; Citron Vert 120g"},"content":{"rendered":"<p>Ce <strong><span style=\"color: rgb(251, 160, 38);\">Savon Cr\u00e8me Fouett\u00e9e Mangue &amp; Citron Vert&nbsp;<\/span><\/strong>est le compl\u00e9ment id\u00e9al de votre collection de produits pour le bain et le corps.&nbsp;<\/p>\n<p>Fabriqu\u00e9 avec soin et <strong><span style=\"color: rgb(75, 80, 88);\">impr\u00e9gn\u00e9 du parfum irr\u00e9sistible du citron vert et de la mangue<\/span><\/strong>, ce savon est un r\u00e9gal sensoriel qui laissera votre peau rafra\u00eechie, nourrie et magnifiquement parfum\u00e9e.&nbsp;<\/p>\n<p>La <strong><span style=\"color: rgb(75, 80, 88);\">texture cr\u00e9meuse<\/span><\/strong> de ce savon glisse sans effort sur votre peau, cr\u00e9ant une mousse riche qui nettoie en douceur les impuret\u00e9s tout en hydratant votre peau. Il contient des propri\u00e9t\u00e9s nourrissantes qui aident \u00e0 adoucir et \u00e0 lisser votre peau, la laissant souple et velout\u00e9e au toucher.&nbsp;<\/p>\n<p>Ces savons sont non seulement un d\u00e9lice sensoriel, mais ils sont \u00e9galement <strong><span style=\"color: rgb(75, 80, 88);\">sans cruaut\u00e9, sans parab\u00e8ne, sans SLS et respectueux de l&rsquo;environnement. <\/span><\/strong><\/p>\n<p>Que vous cherchiez \u00e0 approvisionner votre magasin, votre boutique de cadeaux ou votre spa, il s&rsquo;agit d&rsquo;un excellent choix. Il allie qualit\u00e9, indulgence et prix abordable, ce qui en fait un produit incontournable pour tous ceux qui souhaitent se faire dorloter.<\/p>\n","protected":false},"excerpt":{"rendered":"<p>Ce Savon Cr\u00e8me Fouett\u00e9e Mangue &amp; Citron Vert&nbsp;est le compl\u00e9ment id\u00e9al de votre collection de produits pour le bain et le corps.&nbsp; Fabriqu\u00e9 avec soin et impr\u00e9gn\u00e9 du parfum irr\u00e9sistible du citron vert et de la mangue, ce savon est un r\u00e9gal sensoriel qui laissera votre peau rafra\u00eechie, nourrie et magnifiquement parfum\u00e9e.&nbsp; La texture cr\u00e9meuse [&hellip;]<\/p>\n","protected":false},"featured_media":301572,"comment_status":"closed","ping_status":"open","template":"","meta":[],"product_brand":[],"product_cat":[19443,26259,26818,20586,25842],"product_tag":[],"class_list":{"0":"post-237496","1":"product","2":"type-product","3":"status-publish","4":"has-post-thumbnail","6":"product_cat-bain-et-corps","7":"product_cat-citron-vert","8":"product_cat-hesperide-agrumes","9":"product_cat-savons-bio-naturels","10":"product_cat-senteurs-aromes","11":"pa_collection-whipped-cream-soap-fr","12":"pa_made-in-royaume-uni","14":"first","15":"instock","16":"purchasable","17":"product-type-simple"},"supplier_id":null,"supplier_sku":"WCS-08","barcode":null,"atum_controlled":true,"out_stock_date":null,"out_stock_threshold":null,"inheritable":false,"inbound_stock":null,"stock_on_hold":0,"sold_today":0,"sales_last_days":0,"reserved_stock":null,"customer_returns":null,"warehouse_damage":null,"lost_in_post":null,"other_logs":null,"out_stock_days":0,"lost_sales":0,"has_location":null,"update_date":"2026-02-10T06:32:31","atum_locations":[],"atum_stock_status":"instock","restock_status":false,"low_stock_amount":"","sales_update_date":"2025-09-05T00:21:22","calc_backorders":null,"_links":{"self":[{"href":"https:\/\/aromasentia.com\/fr\/wp-json\/wp\/v2\/product\/237496","targetHints":{"allow":["GET"]}}],"collection":[{"href":"https:\/\/aromasentia.com\/fr\/wp-json\/wp\/v2\/product"}],"about":[{"href":"https:\/\/aromasentia.com\/fr\/wp-json\/wp\/v2\/types\/product"}],"replies":[{"embeddable":true,"href":"https:\/\/aromasentia.com\/fr\/wp-json\/wp\/v2\/comments?post=237496"}],"version-history":[{"count":0,"href":"https:\/\/aromasentia.com\/fr\/wp-json\/wp\/v2\/product\/237496\/revisions"}],"wp:featuredmedia":[{"embeddable":true,"href":"https:\/\/aromasentia.com\/fr\/wp-json\/wp\/v2\/media\/301572"}],"wp:attachment":[{"href":"https:\/\/aromasentia.com\/fr\/wp-json\/wp\/v2\/media?parent=237496"}],"wp:term":[{"taxonomy":"product_brand","embeddable":true,"href":"https:\/\/aromasentia.com\/fr\/wp-json\/wp\/v2\/product_brand?post=237496"},{"taxonomy":"product_cat","embeddable":true,"href":"https:\/\/aromasentia.com\/fr\/wp-json\/wp\/v2\/product_cat?post=237496"},{"taxonomy":"product_tag","embeddable":true,"href":"https:\/\/aromasentia.com\/fr\/wp-json\/wp\/v2\/product_tag?post=237496"}],"curies":[{"name":"wp","href":"https:\/\/api.w.org\/{rel}","templated":true}]}}