{"id":237476,"date":"2025-03-21T00:55:53","date_gmt":"2025-03-21T00:55:53","guid":{"rendered":"https:\/\/aromasentia.com\/product\/warm-gingerbread-whipped-cream-soap-120g\/"},"modified":"2025-06-23T19:05:00","modified_gmt":"2025-06-23T19:05:00","slug":"savon-fouette-pain-depices-chaud-120g","status":"publish","type":"product","link":"https:\/\/aromasentia.com\/fr\/savon-fouette-pain-depices-chaud-120g\/","title":{"rendered":"Savon Fouett\u00e9 Pain d&rsquo;\u00c9pices Chaud 120g"},"content":{"rendered":"<p>Laissez-vous s\u00e9duire par l&rsquo;\u00e9treinte r\u00e9confortante du <font color=\"#a38f84\"><b>Savon Cr\u00e8me Fouett\u00e9e Pain d&rsquo;\u00e9pices Chaud&nbsp;<\/b><\/font>(120 g).&nbsp;<\/p>\n<p>Plongez dans l&rsquo;ar\u00f4me riche et \u00e9pic\u00e9 du pain d&rsquo;\u00e9pices fra\u00eechement cuit, \u00e9voquant des sentiments de confort et de nostalgie.&nbsp;<\/p>\n<p>Ce luxueux savon fouett\u00e9 nettoie en douceur et dorlote votre peau, la laissant douce et hydrat\u00e9e. Enrichi d&rsquo;une touche de paillettes, il ajoute un \u00e9clat subtil \u00e0 votre routine de nettoyage, faisant de chaque lavage une exp\u00e9rience sensorielle d\u00e9licieuse.&nbsp;<\/p>\n<p>Offrez-vous la chaleur du pain d&rsquo;\u00e9pices et une touche d&rsquo;\u00e9l\u00e9gance avec le savon cr\u00e8me fouett\u00e9e infus\u00e9 de paillettes.&nbsp;<\/p>\n<p><strong><span style=\"color: rgb(163, 143, 132);\">Profil du parfum : <\/span><\/strong><\/p>\n<p><strong><span style=\"color: rgb(75, 80, 88);\">Notes de t\u00eate :<\/span><\/strong> Orange &#8211; Cannelle&nbsp;<\/p>\n<p><strong><span style=\"color: rgb(75, 80, 88);\">Notes de c\u0153ur :<\/span><\/strong> Epices de gingembre&nbsp;<\/p>\n<p><strong><span style=\"color: rgb(75, 80, 88);\">Notes de fond :<\/span><\/strong> Biscuit au beurre &#8211; Sucre &#8211; Vanille<\/p>\n","protected":false},"excerpt":{"rendered":"<p>Laissez-vous s\u00e9duire par l&rsquo;\u00e9treinte r\u00e9confortante du Savon Cr\u00e8me Fouett\u00e9e Pain d&rsquo;\u00e9pices Chaud&nbsp;(120 g).&nbsp; Plongez dans l&rsquo;ar\u00f4me riche et \u00e9pic\u00e9 du pain d&rsquo;\u00e9pices fra\u00eechement cuit, \u00e9voquant des sentiments de confort et de nostalgie.&nbsp; Ce luxueux savon fouett\u00e9 nettoie en douceur et dorlote votre peau, la laissant douce et hydrat\u00e9e. Enrichi d&rsquo;une touche de paillettes, il ajoute [&hellip;]<\/p>\n","protected":false},"featured_media":668574,"comment_status":"closed","ping_status":"open","template":"","meta":{"_angie_page":false},"product_brand":[],"product_cat":[19443,26888,26191,20586,25842],"product_tag":[],"class_list":{"0":"post-237476","1":"product","2":"type-product","3":"status-publish","4":"has-post-thumbnail","6":"product_cat-bain-et-corps","7":"product_cat-epice","8":"product_cat-gingembre-senteurs-aromes","9":"product_cat-savons-bio-naturels","10":"product_cat-senteurs-aromes","11":"pa_collection-whipped-cream-soap-fr","12":"pa_made-in-royaume-uni","14":"first","15":"instock","16":"purchasable","17":"product-type-simple"},"supplier_id":null,"supplier_sku":"WCS-10","barcode":null,"atum_controlled":true,"out_stock_date":null,"out_stock_threshold":null,"inheritable":false,"inbound_stock":null,"stock_on_hold":0,"sold_today":0,"sales_last_days":0,"reserved_stock":null,"customer_returns":null,"warehouse_damage":null,"lost_in_post":null,"other_logs":null,"out_stock_days":0,"lost_sales":0,"has_location":null,"update_date":"2026-04-27T07:26:52","atum_locations":[],"atum_stock_status":"instock","restock_status":false,"low_stock_amount":"","sales_update_date":"2026-01-30T01:24:59","calc_backorders":null,"_links":{"self":[{"href":"https:\/\/aromasentia.com\/fr\/wp-json\/wp\/v2\/product\/237476","targetHints":{"allow":["GET"]}}],"collection":[{"href":"https:\/\/aromasentia.com\/fr\/wp-json\/wp\/v2\/product"}],"about":[{"href":"https:\/\/aromasentia.com\/fr\/wp-json\/wp\/v2\/types\/product"}],"replies":[{"embeddable":true,"href":"https:\/\/aromasentia.com\/fr\/wp-json\/wp\/v2\/comments?post=237476"}],"version-history":[{"count":0,"href":"https:\/\/aromasentia.com\/fr\/wp-json\/wp\/v2\/product\/237476\/revisions"}],"wp:featuredmedia":[{"embeddable":true,"href":"https:\/\/aromasentia.com\/fr\/wp-json\/wp\/v2\/media\/668574"}],"wp:attachment":[{"href":"https:\/\/aromasentia.com\/fr\/wp-json\/wp\/v2\/media?parent=237476"}],"wp:term":[{"taxonomy":"product_brand","embeddable":true,"href":"https:\/\/aromasentia.com\/fr\/wp-json\/wp\/v2\/product_brand?post=237476"},{"taxonomy":"product_cat","embeddable":true,"href":"https:\/\/aromasentia.com\/fr\/wp-json\/wp\/v2\/product_cat?post=237476"},{"taxonomy":"product_tag","embeddable":true,"href":"https:\/\/aromasentia.com\/fr\/wp-json\/wp\/v2\/product_tag?post=237476"}],"curies":[{"name":"wp","href":"https:\/\/api.w.org\/{rel}","templated":true}]}}