{"id":237468,"date":"2025-03-21T00:55:53","date_gmt":"2025-03-21T00:55:53","guid":{"rendered":"https:\/\/aromasentia.com\/product\/festive-morning-whipped-cream-soap-120g\/"},"modified":"2025-06-23T19:04:59","modified_gmt":"2025-06-23T19:04:59","slug":"savon-fouette-matin-de-fete-120g","status":"publish","type":"product","link":"https:\/\/aromasentia.com\/fr\/savon-fouette-matin-de-fete-120g\/","title":{"rendered":"Savon Fouett\u00e9 Matin de F\u00eate 120g"},"content":{"rendered":"<p>Vivez l&rsquo;enchantement d&rsquo;un matin de f\u00eate avec notre luxueux savon \u00e0 la cr\u00e8me fouett\u00e9e (120 g).&nbsp;<\/p>\n<p>Plongez dans une sensation de douche sans pareille en vous laissant s\u00e9duire par la texture velout\u00e9e qui nettoie et hydrate. Infus\u00e9 d&rsquo;une touche de magie scintillante et orn\u00e9 de d\u00e9licats sapins de No&euml;l en sucre, ce savon fouett\u00e9 ajoute une touche p\u00e9tillante \u00e0 votre routine matinale.<\/p>\n<p>Laissez le parfum d\u00e9licat et l&rsquo;ambiance festive transformer votre rituel de bain en une joyeuse c\u00e9l\u00e9bration.&nbsp;<\/p>\n<p><strong><span style=\"color: rgb(65, 168, 95);\">Profil de parfum : <\/span><\/strong><\/p>\n<p><strong><span style=\"color: rgb(75, 80, 88);\">Notes de t\u00eate :<\/span><\/strong> Daim &#8211; Poivre rose &#8211; Feuilles de violette &#8211; Safran&nbsp;<\/p>\n<p><strong><span style=\"color: rgb(75, 80, 88);\">Notes de c\u0153ur :<\/span><\/strong> Lys &#8211; Jasmin &#8211; Orris &#8211; Cannelle&nbsp;<\/p>\n<p><strong><span style=\"color: rgb(75, 80, 88);\">Notes de fond : <\/span><\/strong>Cuir &#8211; Patchouli &#8211; Bois de santal &#8211; Ambre &#8211; Bois de velours &#8211; Bois d&rsquo;agar<\/p>\n","protected":false},"excerpt":{"rendered":"<p>Vivez l&rsquo;enchantement d&rsquo;un matin de f\u00eate avec notre luxueux savon \u00e0 la cr\u00e8me fouett\u00e9e (120 g).&nbsp; Plongez dans une sensation de douche sans pareille en vous laissant s\u00e9duire par la texture velout\u00e9e qui nettoie et hydrate. Infus\u00e9 d&rsquo;une touche de magie scintillante et orn\u00e9 de d\u00e9licats sapins de No&euml;l en sucre, ce savon fouett\u00e9 ajoute [&hellip;]<\/p>\n","protected":false},"featured_media":301692,"comment_status":"closed","ping_status":"open","template":"","meta":{"_angie_page":false},"product_brand":[],"product_cat":[19443,20586],"product_tag":[],"class_list":{"0":"post-237468","1":"product","2":"type-product","3":"status-publish","4":"has-post-thumbnail","6":"product_cat-bain-et-corps","7":"product_cat-savons-bio-naturels","8":"pa_collection-whipped-cream-soap-fr","9":"pa_made-in-royaume-uni","11":"first","12":"instock","13":"purchasable","14":"product-type-simple"},"supplier_id":null,"supplier_sku":"WCS-12","barcode":null,"atum_controlled":true,"out_stock_date":null,"out_stock_threshold":null,"inheritable":false,"inbound_stock":null,"stock_on_hold":0,"sold_today":0,"sales_last_days":0,"reserved_stock":null,"customer_returns":null,"warehouse_damage":null,"lost_in_post":null,"other_logs":null,"out_stock_days":0,"lost_sales":0,"has_location":null,"update_date":"2026-05-08T05:21:30","atum_locations":[],"atum_stock_status":"instock","restock_status":false,"low_stock_amount":"","sales_update_date":"2025-09-05T00:21:22","calc_backorders":null,"_links":{"self":[{"href":"https:\/\/aromasentia.com\/fr\/wp-json\/wp\/v2\/product\/237468","targetHints":{"allow":["GET"]}}],"collection":[{"href":"https:\/\/aromasentia.com\/fr\/wp-json\/wp\/v2\/product"}],"about":[{"href":"https:\/\/aromasentia.com\/fr\/wp-json\/wp\/v2\/types\/product"}],"replies":[{"embeddable":true,"href":"https:\/\/aromasentia.com\/fr\/wp-json\/wp\/v2\/comments?post=237468"}],"version-history":[{"count":0,"href":"https:\/\/aromasentia.com\/fr\/wp-json\/wp\/v2\/product\/237468\/revisions"}],"wp:featuredmedia":[{"embeddable":true,"href":"https:\/\/aromasentia.com\/fr\/wp-json\/wp\/v2\/media\/301692"}],"wp:attachment":[{"href":"https:\/\/aromasentia.com\/fr\/wp-json\/wp\/v2\/media?parent=237468"}],"wp:term":[{"taxonomy":"product_brand","embeddable":true,"href":"https:\/\/aromasentia.com\/fr\/wp-json\/wp\/v2\/product_brand?post=237468"},{"taxonomy":"product_cat","embeddable":true,"href":"https:\/\/aromasentia.com\/fr\/wp-json\/wp\/v2\/product_cat?post=237468"},{"taxonomy":"product_tag","embeddable":true,"href":"https:\/\/aromasentia.com\/fr\/wp-json\/wp\/v2\/product_tag?post=237468"}],"curies":[{"name":"wp","href":"https:\/\/api.w.org\/{rel}","templated":true}]}}