{"id":237464,"date":"2025-03-21T00:55:53","date_gmt":"2025-03-21T00:55:53","guid":{"rendered":"https:\/\/aromasentia.com\/product\/cosy-winter-nights-whipped-cream-soap-120g\/"},"modified":"2025-06-23T19:04:59","modified_gmt":"2025-06-23T19:04:59","slug":"savon-fouette-nuits-dhiver-douillettes-120g","status":"publish","type":"product","link":"https:\/\/aromasentia.com\/fr\/savon-fouette-nuits-dhiver-douillettes-120g\/","title":{"rendered":"Savon Fouett\u00e9 Nuits d&rsquo;Hiver Douillettes 120g"},"content":{"rendered":"<p>Laissez-vous s\u00e9duire par l&rsquo;ambiance enchanteresse d&rsquo;une <strong><span style=\"color: rgb(75, 80, 88);\">nuit d&rsquo;hiver avec notre Savon Cr\u00e8me Fouett\u00e9e (120 g). <\/span><\/strong><\/p>\n<p>Ce savon luxueux est d\u00e9licatement fabriqu\u00e9 pour offrir une exp\u00e9rience de nettoyage apaisante, laissant votre peau nourrie et velout\u00e9e.&nbsp;<\/p>\n<p>Orn\u00e9 d&rsquo;une touche de paillettes scintillantes et de d\u00e9licates \u00e9toiles en sucre, il transforme votre routine de bain en une \u00e9vasion p\u00e9tillante et sereine, parfaite pour embrasser la magie de l&rsquo;hiver.&nbsp;<\/p>\n<p><strong><span style=\"color: rgb(250, 197, 28);\">Profil du parfum :<\/span><\/strong>&nbsp;<\/p>\n<p><strong><span style=\"color: rgb(75, 80, 88);\">Notes de t\u00eate :<\/span><\/strong> Cannelle &#8211; Clou de girofle&nbsp;<\/p>\n<p><strong><span style=\"color: rgb(75, 80, 88);\">Notes de c\u0153ur : <\/span><\/strong>Jasmin &#8211; Violette &#8211; Rose&nbsp;<\/p>\n<p><span style=\"color: rgb(75, 80, 88);\"><strong>Notes de fond :<\/strong><\/span><strong><span style=\"color: rgb(75, 80, 88);\">&nbsp;<\/span><\/strong>Cachemire &#8211; Bois &#8211; Musc &#8211; Vanille &#8211; Safran<\/p>\n","protected":false},"excerpt":{"rendered":"<p>Laissez-vous s\u00e9duire par l&rsquo;ambiance enchanteresse d&rsquo;une nuit d&rsquo;hiver avec notre Savon Cr\u00e8me Fouett\u00e9e (120 g). Ce savon luxueux est d\u00e9licatement fabriqu\u00e9 pour offrir une exp\u00e9rience de nettoyage apaisante, laissant votre peau nourrie et velout\u00e9e.&nbsp; Orn\u00e9 d&rsquo;une touche de paillettes scintillantes et de d\u00e9licates \u00e9toiles en sucre, il transforme votre routine de bain en une \u00e9vasion [&hellip;]<\/p>\n","protected":false},"featured_media":668504,"comment_status":"closed","ping_status":"open","template":"","meta":{"_angie_page":false},"product_brand":[],"product_cat":[19443,20586],"product_tag":[],"class_list":{"0":"post-237464","1":"product","2":"type-product","3":"status-publish","4":"has-post-thumbnail","6":"product_cat-bain-et-corps","7":"product_cat-savons-bio-naturels","8":"pa_collection-whipped-cream-soap-fr","9":"pa_made-in-royaume-uni","11":"first","12":"instock","13":"purchasable","14":"product-type-simple"},"supplier_id":null,"supplier_sku":"WCS-13","barcode":null,"atum_controlled":true,"out_stock_date":null,"out_stock_threshold":null,"inheritable":false,"inbound_stock":null,"stock_on_hold":0,"sold_today":0,"sales_last_days":0,"reserved_stock":null,"customer_returns":null,"warehouse_damage":null,"lost_in_post":null,"other_logs":null,"out_stock_days":0,"lost_sales":0,"has_location":null,"update_date":"2026-05-08T05:21:30","atum_locations":[],"atum_stock_status":"instock","restock_status":false,"low_stock_amount":"","sales_update_date":"2025-09-05T00:21:21","calc_backorders":null,"_links":{"self":[{"href":"https:\/\/aromasentia.com\/fr\/wp-json\/wp\/v2\/product\/237464","targetHints":{"allow":["GET"]}}],"collection":[{"href":"https:\/\/aromasentia.com\/fr\/wp-json\/wp\/v2\/product"}],"about":[{"href":"https:\/\/aromasentia.com\/fr\/wp-json\/wp\/v2\/types\/product"}],"replies":[{"embeddable":true,"href":"https:\/\/aromasentia.com\/fr\/wp-json\/wp\/v2\/comments?post=237464"}],"version-history":[{"count":0,"href":"https:\/\/aromasentia.com\/fr\/wp-json\/wp\/v2\/product\/237464\/revisions"}],"wp:featuredmedia":[{"embeddable":true,"href":"https:\/\/aromasentia.com\/fr\/wp-json\/wp\/v2\/media\/668504"}],"wp:attachment":[{"href":"https:\/\/aromasentia.com\/fr\/wp-json\/wp\/v2\/media?parent=237464"}],"wp:term":[{"taxonomy":"product_brand","embeddable":true,"href":"https:\/\/aromasentia.com\/fr\/wp-json\/wp\/v2\/product_brand?post=237464"},{"taxonomy":"product_cat","embeddable":true,"href":"https:\/\/aromasentia.com\/fr\/wp-json\/wp\/v2\/product_cat?post=237464"},{"taxonomy":"product_tag","embeddable":true,"href":"https:\/\/aromasentia.com\/fr\/wp-json\/wp\/v2\/product_tag?post=237464"}],"curies":[{"name":"wp","href":"https:\/\/api.w.org\/{rel}","templated":true}]}}