{"id":237428,"date":"2025-03-21T00:56:52","date_gmt":"2025-03-21T00:56:52","guid":{"rendered":"https:\/\/aromasentia.com\/product\/wild-hare-solid-shampoo-60g-orchid\/"},"modified":"2025-06-23T19:04:53","modified_gmt":"2025-06-23T19:04:53","slug":"shampoing-solide-wild-hare-60g-orchidee","status":"publish","type":"product","link":"https:\/\/aromasentia.com\/fr\/shampoing-solide-wild-hare-60g-orchidee\/","title":{"rendered":"Shampoing Solide Wild Hare 60g &#8211; Orchid\u00e9e"},"content":{"rendered":"<p>Dites adieu \u00e0 la mauvaise journ\u00e9e des cheveux avec le<strong><span style=\"color: rgb(75, 80, 88);\">&nbsp;Shampoing solide en gros Wild Hare &#8211; Orchid\u00e9e<\/span><\/strong>.&nbsp;<\/p>\n<p>Les barres de shampoing Wild Hare conviennent \u00e9galement aux v\u00e9g\u00e9tariens et aux v\u00e9g\u00e9taliens, elles sont sans plastique, SLS, SLES et sans paraben.&nbsp;<\/p>\n<p>N&rsquo;h\u00e9sitez pas \u00e0 jeter un \u0153il au <a href=\"https:\/\/aromasentia.com\/bbeo\">Beurre Corporel de Karit\u00e9<\/a> d&rsquo;Aromath\u00e9rapie, peut-\u00eatre aimeriez-vous cr\u00e9er un coffret cadeau &#8211; Bain, Corps et Cheveux.&nbsp;<\/p>\n<p><strong><span style=\"color: rgb(75, 80, 88);\">Comment l&rsquo;utiliser :<\/span><\/strong> Humidifiez le shampoing solide entre vos mains. Frottez-le dans vos mains ou sur votre cuir chevelu. Le shampoing solide moussera avec des senteurs irr\u00e9sistibles.&nbsp;<\/p>\n<p><strong><span style=\"color: rgb(75, 80, 88);\">Comment stocker :&nbsp;<\/span><\/strong>Conserver dans un endroit frais et sec, de pr\u00e9f\u00e9rence dans un porte-savon bien \u00e9goutt\u00e9.&nbsp;<\/p>\n<p>Taille du pain de shampoing : 6x2cm&nbsp;<\/p>\n<p>NB : Les tailles peuvent varier l\u00e9g\u00e8rement en raison des caract\u00e9ristiques des produits faits \u00e0 la main.&nbsp;<\/p>\n<p>* Fabriqu\u00e9 au Royaume-Uni * Voyage amical 60g * Environ 40 \u00e0 60 lavages chacun * V\u00e9g\u00e9talien *&nbsp;<\/p>\n<p><strong><span style=\"color: rgb(141, 186, 216);\">Ne laissez pas ces incroyables barres de shampoing glisser entre vos mains. Faites le plein maintenant.<\/span><\/strong><\/p>\n","protected":false},"excerpt":{"rendered":"<p>Dites adieu \u00e0 la mauvaise journ\u00e9e des cheveux avec le&nbsp;Shampoing solide en gros Wild Hare &#8211; Orchid\u00e9e.&nbsp; Les barres de shampoing Wild Hare conviennent \u00e9galement aux v\u00e9g\u00e9tariens et aux v\u00e9g\u00e9taliens, elles sont sans plastique, SLS, SLES et sans paraben.&nbsp; N&rsquo;h\u00e9sitez pas \u00e0 jeter un \u0153il au Beurre Corporel de Karit\u00e9 d&rsquo;Aromath\u00e9rapie, peut-\u00eatre aimeriez-vous cr\u00e9er un [&hellip;]<\/p>\n","protected":false},"featured_media":302025,"comment_status":"closed","ping_status":"open","template":"","meta":[],"product_brand":[27163],"product_cat":[19443,20550],"product_tag":[],"class_list":{"0":"post-237428","1":"product","2":"type-product","3":"status-publish","4":"has-post-thumbnail","6":"product_brand-wild-hare","7":"product_cat-bain-et-corps","8":"product_cat-soin-cheveux","9":"pa_collection-wild-hare-solid-shampoo-60g-fr","10":"pa_made-in-royaume-uni","11":"pa_size-60g","13":"first","14":"instock","15":"purchasable","16":"product-type-simple"},"supplier_id":null,"supplier_sku":"WHSS-01","barcode":null,"atum_controlled":true,"out_stock_date":null,"out_stock_threshold":null,"inheritable":false,"inbound_stock":0,"stock_on_hold":0,"sold_today":0,"sales_last_days":0,"reserved_stock":0,"customer_returns":0,"warehouse_damage":0,"lost_in_post":0,"other_logs":0,"out_stock_days":0,"lost_sales":0,"has_location":false,"update_date":"2026-02-10T10:27:39","atum_locations":[],"atum_stock_status":"instock","restock_status":false,"low_stock_amount":"","sales_update_date":"2025-09-05T00:21:26","calc_backorders":null,"_links":{"self":[{"href":"https:\/\/aromasentia.com\/fr\/wp-json\/wp\/v2\/product\/237428","targetHints":{"allow":["GET"]}}],"collection":[{"href":"https:\/\/aromasentia.com\/fr\/wp-json\/wp\/v2\/product"}],"about":[{"href":"https:\/\/aromasentia.com\/fr\/wp-json\/wp\/v2\/types\/product"}],"replies":[{"embeddable":true,"href":"https:\/\/aromasentia.com\/fr\/wp-json\/wp\/v2\/comments?post=237428"}],"version-history":[{"count":0,"href":"https:\/\/aromasentia.com\/fr\/wp-json\/wp\/v2\/product\/237428\/revisions"}],"wp:featuredmedia":[{"embeddable":true,"href":"https:\/\/aromasentia.com\/fr\/wp-json\/wp\/v2\/media\/302025"}],"wp:attachment":[{"href":"https:\/\/aromasentia.com\/fr\/wp-json\/wp\/v2\/media?parent=237428"}],"wp:term":[{"taxonomy":"product_brand","embeddable":true,"href":"https:\/\/aromasentia.com\/fr\/wp-json\/wp\/v2\/product_brand?post=237428"},{"taxonomy":"product_cat","embeddable":true,"href":"https:\/\/aromasentia.com\/fr\/wp-json\/wp\/v2\/product_cat?post=237428"},{"taxonomy":"product_tag","embeddable":true,"href":"https:\/\/aromasentia.com\/fr\/wp-json\/wp\/v2\/product_tag?post=237428"}],"curies":[{"name":"wp","href":"https:\/\/api.w.org\/{rel}","templated":true}]}}