{"id":237416,"date":"2025-03-21T00:57:13","date_gmt":"2025-03-21T00:57:13","guid":{"rendered":"https:\/\/aromasentia.com\/product\/christmas-wish-list-christmas-bath-bomb-gift-pack\/"},"modified":"2025-06-23T19:04:52","modified_gmt":"2025-06-23T19:04:52","slug":"coffret-cadeau-de-bombes-de-bain-de-noel-liste-de-souhaits","status":"publish","type":"product","link":"https:\/\/aromasentia.com\/fr\/coffret-cadeau-de-bombes-de-bain-de-noel-liste-de-souhaits\/","title":{"rendered":"Coffret Cadeau de Bombes de Bain de No\u00ebl &#8211; Liste de Souhaits"},"content":{"rendered":"<p>Pr\u00e9parez-vous \u00e0 \u00e9lever l&rsquo;esprit des f\u00eates et \u00e0 diffuser de s\u00e9rieuses vibrations festives avec ce fantastique <strong><span style=\"color: rgb(209, 72, 65);\">Coffret Cadeau de Bombes de Bain de No&euml;l &#8211; Liste de Souhaits<\/span><\/strong><\/p>\n<p>Que vous soyez un d\u00e9taillant souhaitant remplir vos \u00e9tag\u00e8res de magie des f\u00eates ou un propri\u00e9taire d&rsquo;entreprise planifiant des cadeaux d&rsquo;entreprise inoubliables, notre coffret cadeau de bombes de bain de No&euml;l est votre choix incontournable.&nbsp;<\/p>\n<p>Cet ensemble contient :&nbsp;<\/p>\n<p>* 1x Bombe de bain Flocon de neige (80g ) au parfum : No&euml;l blanc&nbsp;<\/p>\n<p><strong><span style=\"color: rgb(141, 186, 216);\">Notes de t\u00eate : Eucalyptus &#8211; Menthe Orange&nbsp;<\/span><\/strong><\/p>\n<p><span style=\"color: rgb(141, 186, 216);\"><strong>Notes de c\u0153ur : Lys &ndash; Jacinthe &ndash; Orchid\u00e9e &ndash; Rose &ndash; Terre &ndash; Framboise &ndash; Fraise &ndash; M\u00fbre Cassis &ndash; Ananas &ndash; Lilas &ndash; Vin&nbsp;<\/strong><\/span><\/p>\n<p><strong><span style=\"color: rgb(141, 186, 216);\">Notes de fond : C\u00e8dre &ndash; Ambre &ndash; Musc &ndash; Sucre br\u00fbl\u00e9 &ndash; Vanille <\/span><\/strong><\/p>\n<p>* 1x Bombes de bain \u00e9toiles (50g ) au parfum : Cosy Winter Nights&nbsp;<\/p>\n<p><strong><span style=\"color: rgb(141, 186, 216);\">Notes de t\u00eate : Cannelle &#8211; Girofle&nbsp;<\/span><\/strong><\/p>\n<p><span style=\"color: rgb(141, 186, 216);\"><strong>Notes de c\u0153ur : Jasmin &#8211; Violette &#8211; Rose&nbsp;<\/strong><\/span><\/p>\n<p><strong><span style=\"color: rgb(141, 186, 216);\">Notes de fond : Cachemire &ndash; Bois &ndash; Musc &ndash; Vanille &ndash; Safran <\/span><\/strong><\/p>\n<p>*1x Bombe de bain Sapin de No&euml;l (75g ) au parfum : Matin festif&nbsp;<\/p>\n<p><strong><span style=\"color: rgb(141, 186, 216);\">Notes de t\u00eate : Daim &ndash; Poivre rose &ndash; Feuilles de violette &ndash; Safran&nbsp;<\/span><\/strong><\/p>\n<p><span style=\"color: rgb(141, 186, 216);\"><strong>Notes de c\u0153ur : Lys &ndash; Jasmin &ndash; Iris &ndash; Cannelle&nbsp;<\/strong><\/span><\/p>\n<p><strong><span style=\"color: rgb(141, 186, 216);\">Notes de fond : Cuir &ndash; Patchouli &ndash; Bois de santal &ndash; Ambre &ndash; Bois de velours &ndash; Bois d&rsquo;agar <\/span><\/strong><\/p>\n<p>* 1x Bombe de bain Gingerbread House (80g ) au parfum : Pain d&rsquo;\u00e9pices chaud&nbsp;<\/p>\n<p><strong><span style=\"color: rgb(141, 186, 216);\">Notes de t\u00eate : Orange &#8211; Cannelle&nbsp;<\/span><\/strong><\/p>\n<p><span style=\"color: rgb(141, 186, 216);\"><strong>Notes de c\u0153ur : Gingembre \u00e9pices&nbsp;<\/strong><\/span><\/p>\n<p><strong><span style=\"color: rgb(141, 186, 216);\">Notes de fond : Biscuit au Beurre &#8211; Sucre &#8211; Vanille. <\/span><\/strong><\/p>\n<p>Emball\u00e9 individuellement sous film r\u00e9tractable<\/p>\n","protected":false},"excerpt":{"rendered":"<p>Pr\u00e9parez-vous \u00e0 \u00e9lever l&rsquo;esprit des f\u00eates et \u00e0 diffuser de s\u00e9rieuses vibrations festives avec ce fantastique Coffret Cadeau de Bombes de Bain de No&euml;l &#8211; Liste de Souhaits Que vous soyez un d\u00e9taillant souhaitant remplir vos \u00e9tag\u00e8res de magie des f\u00eates ou un propri\u00e9taire d&rsquo;entreprise planifiant des cadeaux d&rsquo;entreprise inoubliables, notre coffret cadeau de bombes [&hellip;]<\/p>\n","protected":false},"featured_media":668490,"comment_status":"closed","ping_status":"open","template":"","meta":{"_angie_page":false},"product_brand":[],"product_cat":[19443,20507,20508,27384],"product_tag":[],"class_list":{"0":"post-237416","1":"product","2":"type-product","3":"status-publish","4":"has-post-thumbnail","6":"product_cat-bain-et-corps","7":"product_cat-boules-bombes-de-bain","8":"product_cat-coffrets-cadeaux","9":"product_cat-parfums-de-noel","10":"pa_collection-christmas-bath-bomb-gift-pack-fr","11":"pa_made-in-royaume-uni","13":"first","14":"instock","15":"purchasable","16":"product-type-simple"},"supplier_id":null,"supplier_sku":"XBB-05","barcode":null,"atum_controlled":true,"out_stock_date":null,"out_stock_threshold":null,"inheritable":false,"inbound_stock":0,"stock_on_hold":0,"sold_today":0,"sales_last_days":0,"reserved_stock":0,"customer_returns":0,"warehouse_damage":0,"lost_in_post":0,"other_logs":0,"out_stock_days":0,"lost_sales":0,"has_location":false,"update_date":"2026-04-27T07:27:23","atum_locations":[],"atum_stock_status":"instock","restock_status":false,"low_stock_amount":"","sales_update_date":"2026-01-30T01:26:35","calc_backorders":null,"_links":{"self":[{"href":"https:\/\/aromasentia.com\/fr\/wp-json\/wp\/v2\/product\/237416","targetHints":{"allow":["GET"]}}],"collection":[{"href":"https:\/\/aromasentia.com\/fr\/wp-json\/wp\/v2\/product"}],"about":[{"href":"https:\/\/aromasentia.com\/fr\/wp-json\/wp\/v2\/types\/product"}],"replies":[{"embeddable":true,"href":"https:\/\/aromasentia.com\/fr\/wp-json\/wp\/v2\/comments?post=237416"}],"version-history":[{"count":0,"href":"https:\/\/aromasentia.com\/fr\/wp-json\/wp\/v2\/product\/237416\/revisions"}],"wp:featuredmedia":[{"embeddable":true,"href":"https:\/\/aromasentia.com\/fr\/wp-json\/wp\/v2\/media\/668490"}],"wp:attachment":[{"href":"https:\/\/aromasentia.com\/fr\/wp-json\/wp\/v2\/media?parent=237416"}],"wp:term":[{"taxonomy":"product_brand","embeddable":true,"href":"https:\/\/aromasentia.com\/fr\/wp-json\/wp\/v2\/product_brand?post=237416"},{"taxonomy":"product_cat","embeddable":true,"href":"https:\/\/aromasentia.com\/fr\/wp-json\/wp\/v2\/product_cat?post=237416"},{"taxonomy":"product_tag","embeddable":true,"href":"https:\/\/aromasentia.com\/fr\/wp-json\/wp\/v2\/product_tag?post=237416"}],"curies":[{"name":"wp","href":"https:\/\/api.w.org\/{rel}","templated":true}]}}