{"id":237404,"date":"2025-03-21T00:57:13","date_gmt":"2025-03-21T00:57:13","guid":{"rendered":"https:\/\/aromasentia.com\/product\/hemu-wood-soap-dish-box\/"},"modified":"2025-06-23T19:04:50","modified_gmt":"2025-06-23T19:04:50","slug":"porte-savon-en-bois-dhemu-boite","status":"publish","type":"product","link":"https:\/\/aromasentia.com\/fr\/porte-savon-en-bois-dhemu-boite\/","title":{"rendered":"Porte-savon en Bois d&rsquo;Hemu &#8211; Bo\u00eete"},"content":{"rendered":"<p>Ces porte-savons beaux et modernes sont individuellement emball\u00e9es dans un <strong>emballage papier avec barre-code.<\/strong><\/p>\n<p>Ils vous aideront \u00e0 garder vos savons au sec entre les utilisations, permettant de prolonger au maximum la dur\u00e9e de vie de vos savons.<\/p>\n<p><strong>Fabriqu\u00e9 \u00e0 partir de bois d\u2019Hemu.<\/strong><\/p>\n<p><strong>Dimensions : 10.5&#215;8.5&#215;2 (cm)&nbsp;<\/strong><\/p>\n","protected":false},"excerpt":{"rendered":"<p>Ces porte-savons beaux et modernes sont individuellement emball\u00e9es dans un emballage papier avec barre-code. Ils vous aideront \u00e0 garder vos savons au sec entre les utilisations, permettant de prolonger au maximum la dur\u00e9e de vie de vos savons. Fabriqu\u00e9 \u00e0 partir de bois d\u2019Hemu. Dimensions : 10.5&#215;8.5&#215;2 (cm)&nbsp;<\/p>\n","protected":false},"featured_media":302141,"comment_status":"closed","ping_status":"open","template":"","meta":{"_angie_page":false},"product_brand":[],"product_cat":[19443,20534],"product_tag":[],"class_list":{"0":"post-237404","1":"product","2":"type-product","3":"status-publish","4":"has-post-thumbnail","6":"product_cat-bain-et-corps","7":"product_cat-porte-savons-et-distributeurs-savon","8":"pa_collection-wooden-soap-dishes-fr","9":"pa_made-in-chine","11":"first","12":"instock","13":"purchasable","14":"product-type-simple"},"supplier_id":null,"supplier_sku":"WSoapD-13","barcode":null,"atum_controlled":true,"out_stock_date":null,"out_stock_threshold":null,"inheritable":false,"inbound_stock":0,"stock_on_hold":0,"sold_today":0,"sales_last_days":0,"reserved_stock":0,"customer_returns":0,"warehouse_damage":0,"lost_in_post":0,"other_logs":0,"out_stock_days":0,"lost_sales":0,"has_location":false,"update_date":"2026-04-27T07:27:13","atum_locations":[],"atum_stock_status":"instock","restock_status":false,"low_stock_amount":"","sales_update_date":"2025-09-05T00:21:25","calc_backorders":null,"_links":{"self":[{"href":"https:\/\/aromasentia.com\/fr\/wp-json\/wp\/v2\/product\/237404","targetHints":{"allow":["GET"]}}],"collection":[{"href":"https:\/\/aromasentia.com\/fr\/wp-json\/wp\/v2\/product"}],"about":[{"href":"https:\/\/aromasentia.com\/fr\/wp-json\/wp\/v2\/types\/product"}],"replies":[{"embeddable":true,"href":"https:\/\/aromasentia.com\/fr\/wp-json\/wp\/v2\/comments?post=237404"}],"version-history":[{"count":0,"href":"https:\/\/aromasentia.com\/fr\/wp-json\/wp\/v2\/product\/237404\/revisions"}],"wp:featuredmedia":[{"embeddable":true,"href":"https:\/\/aromasentia.com\/fr\/wp-json\/wp\/v2\/media\/302141"}],"wp:attachment":[{"href":"https:\/\/aromasentia.com\/fr\/wp-json\/wp\/v2\/media?parent=237404"}],"wp:term":[{"taxonomy":"product_brand","embeddable":true,"href":"https:\/\/aromasentia.com\/fr\/wp-json\/wp\/v2\/product_brand?post=237404"},{"taxonomy":"product_cat","embeddable":true,"href":"https:\/\/aromasentia.com\/fr\/wp-json\/wp\/v2\/product_cat?post=237404"},{"taxonomy":"product_tag","embeddable":true,"href":"https:\/\/aromasentia.com\/fr\/wp-json\/wp\/v2\/product_tag?post=237404"}],"curies":[{"name":"wp","href":"https:\/\/api.w.org\/{rel}","templated":true}]}}