{"id":237396,"date":"2025-03-21T00:57:40","date_gmt":"2025-03-21T00:57:40","guid":{"rendered":"https:\/\/aromasentia.com\/product\/christmas-fun-bath-bomb-gift-pack\/"},"modified":"2025-06-23T19:04:50","modified_gmt":"2025-06-23T19:04:50","slug":"boite-de-bombes-de-bain-de-noel","status":"publish","type":"product","link":"https:\/\/aromasentia.com\/fr\/boite-de-bombes-de-bain-de-noel\/","title":{"rendered":"Bo\u00eete de Bombes de Bain de No\u00ebl"},"content":{"rendered":"<p><strong><span style=\"color: rgb(75, 80, 88);\">Pr\u00e9parez-vous \u00e0 r\u00e9pandre de s\u00e9rieuses vibrations festives avec ce fantastique pack de bombes de bain de No&euml;l. <\/span><\/strong><\/p>\n<p>Que vous soyez un d\u00e9taillant d\u00e9sireux de remplir ses rayons de la magie des f\u00eates ou un chef d&rsquo;entreprise pr\u00e9parant des cadeaux d&rsquo;entreprise inoubliables, notre coffret de bombes de bain de No&euml;l est votre meilleur choix.&nbsp;<\/p>\n<p><strong><span style=\"color: rgb(75, 80, 88);\">Ce coffret contient :<\/span><\/strong><\/p>\n<p><strong><span style=\"color: rgb(75, 80, 88);\">1x Bombe de bain pain d&rsquo;\u00e9pices (80g) avec le parfum : Pain d&rsquo;\u00e9pices chaud : <\/span><\/strong><\/p>\n<p><span style=\"color: rgb(97, 189, 109);\">Notes de t\u00eate : Orange &#8211; Cannelle&nbsp;<\/span><\/p>\n<p><font color=\"#61bd6d\">Notes de c\u0153ur : \u00e9pices&nbsp;de gingembre&nbsp;<\/font><\/p>\n<p><span style=\"color: rgb(97, 189, 109);\">Notes de fond : Biscuit au beurre &#8211; Sucre &#8211; Vanille <\/span><\/p>\n<p><strong><span style=\"color: rgb(75, 80, 88);\">1x bombes de bain Ice Skate (80g) avec la fragrance : Prunes Sucr\u00e9\u00e9 Givr\u00e9\u00e9<\/span><\/strong><\/p>\n<p><span style=\"color: rgb(97, 189, 109);\">Notes de t\u00eate : Prune &#8211; Baies d&rsquo;hiver&nbsp;<\/span><\/p>\n<p><span style=\"color: rgb(97, 189, 109);\">Notes de c\u0153ur : Sucre&nbsp;<\/span><\/p>\n<p><span style=\"color: rgb(97, 189, 109);\">Notes de fond : Vanille&nbsp;<\/span><\/p>\n<p><strong><span style=\"color: rgb(75, 80, 88);\">1x Bombe de bain Bonhomme de neige (80g) avec la fragrance : Houx &amp; Lierre :<\/span><\/strong><\/p>\n<p><span style=\"color: rgb(97, 189, 109);\">Notes de t\u00eate : Romarin &#8211; Feuilles vertes&nbsp;<\/span><\/p>\n<p><span style=\"color: rgb(97, 189, 109);\">Notes de c\u0153ur : Bois de c\u00e8dre&nbsp;<\/span><\/p>\n<p><span style=\"color: rgb(97, 189, 109);\">Notes de fond : Musc &#8211; Ambergris (alternative synth\u00e9tique)&nbsp;<\/span><\/p>\n<p><strong><span style=\"color: rgb(75, 80, 88);\">1x Bombe de bain Renne (80g) avec la fragrance : Chocolat chaud :&nbsp;<\/span><\/strong><\/p>\n<p><span style=\"color: rgb(97, 189, 109);\">Notes de t\u00eate : &nbsp;Chocolat&nbsp;<\/span><\/p>\n<p><span style=\"color: rgb(97, 189, 109);\">Notes de coeur : Miel&nbsp;<\/span><\/p>\n<p><span style=\"color: rgb(97, 189, 109);\">Notes de fond : Vanille&nbsp;<\/span><\/p>\n<p><strong><span style=\"color: rgb(141, 186, 216);\">Emballage individuel.<\/span><\/strong><\/p>\n","protected":false},"excerpt":{"rendered":"<p>Pr\u00e9parez-vous \u00e0 r\u00e9pandre de s\u00e9rieuses vibrations festives avec ce fantastique pack de bombes de bain de No&euml;l. Que vous soyez un d\u00e9taillant d\u00e9sireux de remplir ses rayons de la magie des f\u00eates ou un chef d&rsquo;entreprise pr\u00e9parant des cadeaux d&rsquo;entreprise inoubliables, notre coffret de bombes de bain de No&euml;l est votre meilleur choix.&nbsp; Ce coffret [&hellip;]<\/p>\n","protected":false},"featured_media":668518,"comment_status":"closed","ping_status":"open","template":"","meta":{"_angie_page":false},"product_brand":[],"product_cat":[19443,20507,20508,27384],"product_tag":[],"class_list":{"0":"post-237396","1":"product","2":"type-product","3":"status-publish","4":"has-post-thumbnail","6":"product_cat-bain-et-corps","7":"product_cat-boules-bombes-de-bain","8":"product_cat-coffrets-cadeaux","9":"product_cat-parfums-de-noel","10":"pa_collection-christmas-bath-bomb-gift-pack-fr","11":"pa_made-in-royaume-uni","13":"first","14":"instock","15":"purchasable","16":"product-type-simple"},"supplier_id":null,"supplier_sku":"XBB-06","barcode":null,"atum_controlled":true,"out_stock_date":null,"out_stock_threshold":null,"inheritable":false,"inbound_stock":0,"stock_on_hold":0,"sold_today":0,"sales_last_days":0,"reserved_stock":0,"customer_returns":0,"warehouse_damage":0,"lost_in_post":0,"other_logs":0,"out_stock_days":0,"lost_sales":0,"has_location":false,"update_date":"2026-04-27T07:27:23","atum_locations":[],"atum_stock_status":"instock","restock_status":false,"low_stock_amount":"","sales_update_date":"2026-02-06T00:00:49","calc_backorders":null,"_links":{"self":[{"href":"https:\/\/aromasentia.com\/fr\/wp-json\/wp\/v2\/product\/237396","targetHints":{"allow":["GET"]}}],"collection":[{"href":"https:\/\/aromasentia.com\/fr\/wp-json\/wp\/v2\/product"}],"about":[{"href":"https:\/\/aromasentia.com\/fr\/wp-json\/wp\/v2\/types\/product"}],"replies":[{"embeddable":true,"href":"https:\/\/aromasentia.com\/fr\/wp-json\/wp\/v2\/comments?post=237396"}],"version-history":[{"count":0,"href":"https:\/\/aromasentia.com\/fr\/wp-json\/wp\/v2\/product\/237396\/revisions"}],"wp:featuredmedia":[{"embeddable":true,"href":"https:\/\/aromasentia.com\/fr\/wp-json\/wp\/v2\/media\/668518"}],"wp:attachment":[{"href":"https:\/\/aromasentia.com\/fr\/wp-json\/wp\/v2\/media?parent=237396"}],"wp:term":[{"taxonomy":"product_brand","embeddable":true,"href":"https:\/\/aromasentia.com\/fr\/wp-json\/wp\/v2\/product_brand?post=237396"},{"taxonomy":"product_cat","embeddable":true,"href":"https:\/\/aromasentia.com\/fr\/wp-json\/wp\/v2\/product_cat?post=237396"},{"taxonomy":"product_tag","embeddable":true,"href":"https:\/\/aromasentia.com\/fr\/wp-json\/wp\/v2\/product_tag?post=237396"}],"curies":[{"name":"wp","href":"https:\/\/api.w.org\/{rel}","templated":true}]}}