{"id":237388,"date":"2025-03-21T00:57:40","date_gmt":"2025-03-21T00:57:40","guid":{"rendered":"https:\/\/aromasentia.com\/product\/silent-night-christmas-bath-bomb-gift-pack\/"},"modified":"2025-06-23T19:04:49","modified_gmt":"2025-06-23T19:04:49","slug":"coffret-cadeau-de-bombes-de-bain-de-noel-nuit-silencieuse-de-noel","status":"publish","type":"product","link":"https:\/\/aromasentia.com\/fr\/coffret-cadeau-de-bombes-de-bain-de-noel-nuit-silencieuse-de-noel\/","title":{"rendered":"Coffret Cadeau de Bombes de Bain de No\u00ebl &#8211; Nuit Silencieuse de No\u00ebl"},"content":{"rendered":"<p>Pr\u00e9parez-vous \u00e0 \u00e9lever l&rsquo;esprit des f\u00eates et \u00e0 diffuser de s\u00e9rieuses vibrations festives avec ce fantastique <strong><span style=\"color: rgb(41, 105, 176);\">Coffret Cadeau de Bombes de Bain de No&euml;l &#8211; Nuit Silencieuse de No&euml;l<\/span><\/strong><\/p>\n<p>Que vous soyez un d\u00e9taillant souhaitant remplir vos \u00e9tag\u00e8res de magie des f\u00eates ou un propri\u00e9taire d&rsquo;entreprise planifiant des cadeaux d&rsquo;entreprise inoubliables, notre coffret cadeau de bombes de bain de No&euml;l est votre choix incontournable.&nbsp;<\/p>\n<p>Cet ensemble contient :&nbsp;<\/p>\n<p>2x bombes de bain Sapin de No&euml;l (75 g chacune) avec le parfum : Matin festif&nbsp;<\/p>\n<p><strong><span style=\"color: rgb(141, 186, 216);\">Notes de t\u00eate : Daim &ndash; Poivre rose &ndash; Feuilles de violette &ndash; Safran&nbsp;<\/span><\/strong><\/p>\n<p><span style=\"color: rgb(141, 186, 216);\"><strong>Notes de c\u0153ur : Lys &ndash; Jasmin &ndash; Iris &ndash; Cannelle&nbsp;<\/strong><\/span><\/p>\n<p><strong><span style=\"color: rgb(141, 186, 216);\">Notes de fond : Cuir &ndash; Patchouli &ndash; Bois de santal &ndash; Ambre &ndash; Bois de velours &ndash; Bois d&rsquo;agar <\/span><\/strong><\/p>\n<p>2x bombes de bain \u00e9toiles (50 g chacune) avec le parfum :Nuits d&rsquo;hiver douillettes<\/p>\n<p><strong><span style=\"color: rgb(141, 186, 216);\">Notes de t\u00eate : Cannelle &#8211; Girofle&nbsp;<\/span><\/strong><\/p>\n<p><span style=\"color: rgb(141, 186, 216);\"><strong>Notes de c\u0153ur : Jasmin &#8211; Violette &#8211; Rose&nbsp;<\/strong><\/span><\/p>\n<p><strong><span style=\"color: rgb(141, 186, 216);\">Notes de fond : Cachemire &ndash; Bois &ndash; Musc &ndash; Vanille &ndash; Safran <\/span><\/strong><\/p>\n<p>Emball\u00e9 individuellement sous film r\u00e9tractable<\/p>\n","protected":false},"excerpt":{"rendered":"<p>Pr\u00e9parez-vous \u00e0 \u00e9lever l&rsquo;esprit des f\u00eates et \u00e0 diffuser de s\u00e9rieuses vibrations festives avec ce fantastique Coffret Cadeau de Bombes de Bain de No&euml;l &#8211; Nuit Silencieuse de No&euml;l Que vous soyez un d\u00e9taillant souhaitant remplir vos \u00e9tag\u00e8res de magie des f\u00eates ou un propri\u00e9taire d&rsquo;entreprise planifiant des cadeaux d&rsquo;entreprise inoubliables, notre coffret cadeau de [&hellip;]<\/p>\n","protected":false},"featured_media":668609,"comment_status":"closed","ping_status":"open","template":"","meta":[],"product_brand":[],"product_cat":[19443,20507,20508,27384],"product_tag":[],"class_list":{"0":"post-237388","1":"product","2":"type-product","3":"status-publish","4":"has-post-thumbnail","6":"product_cat-bain-et-corps","7":"product_cat-boules-bombes-de-bain","8":"product_cat-coffrets-cadeaux","9":"product_cat-parfums-de-noel","10":"pa_collection-christmas-bath-bomb-gift-pack-fr","11":"pa_made-in-royaume-uni","13":"first","14":"instock","15":"purchasable","16":"product-type-simple"},"supplier_id":null,"supplier_sku":"XBB-02","barcode":null,"atum_controlled":true,"out_stock_date":null,"out_stock_threshold":null,"inheritable":false,"inbound_stock":0,"stock_on_hold":0,"sold_today":0,"sales_last_days":0,"reserved_stock":0,"customer_returns":0,"warehouse_damage":0,"lost_in_post":0,"other_logs":0,"out_stock_days":0,"lost_sales":0,"has_location":false,"update_date":"2026-01-30T01:26:36","atum_locations":[],"atum_stock_status":"instock","restock_status":false,"low_stock_amount":"","sales_update_date":"2026-01-30T01:26:36","calc_backorders":null,"_links":{"self":[{"href":"https:\/\/aromasentia.com\/fr\/wp-json\/wp\/v2\/product\/237388","targetHints":{"allow":["GET"]}}],"collection":[{"href":"https:\/\/aromasentia.com\/fr\/wp-json\/wp\/v2\/product"}],"about":[{"href":"https:\/\/aromasentia.com\/fr\/wp-json\/wp\/v2\/types\/product"}],"replies":[{"embeddable":true,"href":"https:\/\/aromasentia.com\/fr\/wp-json\/wp\/v2\/comments?post=237388"}],"version-history":[{"count":0,"href":"https:\/\/aromasentia.com\/fr\/wp-json\/wp\/v2\/product\/237388\/revisions"}],"wp:featuredmedia":[{"embeddable":true,"href":"https:\/\/aromasentia.com\/fr\/wp-json\/wp\/v2\/media\/668609"}],"wp:attachment":[{"href":"https:\/\/aromasentia.com\/fr\/wp-json\/wp\/v2\/media?parent=237388"}],"wp:term":[{"taxonomy":"product_brand","embeddable":true,"href":"https:\/\/aromasentia.com\/fr\/wp-json\/wp\/v2\/product_brand?post=237388"},{"taxonomy":"product_cat","embeddable":true,"href":"https:\/\/aromasentia.com\/fr\/wp-json\/wp\/v2\/product_cat?post=237388"},{"taxonomy":"product_tag","embeddable":true,"href":"https:\/\/aromasentia.com\/fr\/wp-json\/wp\/v2\/product_tag?post=237388"}],"curies":[{"name":"wp","href":"https:\/\/api.w.org\/{rel}","templated":true}]}}