{"id":237364,"date":"2025-03-21T11:18:04","date_gmt":"2025-03-21T11:18:04","guid":{"rendered":"https:\/\/aromasentia.com\/product\/kilner-jar-candle-fell-berry\/"},"modified":"2025-06-23T19:04:44","modified_gmt":"2025-06-23T19:04:44","slug":"coffret-cadeau-bougies-en-cire-de-soja-pot-de-400-gr-fell-berry","status":"publish","type":"product","link":"https:\/\/aromasentia.com\/fr\/coffret-cadeau-bougies-en-cire-de-soja-pot-de-400-gr-fell-berry\/","title":{"rendered":"Coffret Cadeau Bougies en Cire de Soja Pot de 400 gr  &#8211; Fell Berry"},"content":{"rendered":"<p>Nous sommes fiers de pr\u00e9senter une nouvelle gamme de bougies en <strong><span style=\"color: rgb(75, 80, 88);\">cire de soja<\/span><\/strong> en gros fabriqu\u00e9es \u00e0 partir d&rsquo;huile de soja hydrog\u00e9n\u00e9e et sans cire synth\u00e9tique ni paraffine.&nbsp;<\/p>\n<p>Ces bougies Kilner Jar sont pr\u00e9sent\u00e9es dans de gros pots en verre recycl\u00e9 (400 ml) qui peuvent \u00eatre r\u00e9utilis\u00e9s, joliment emball\u00e9s avec une housse anti-poussi\u00e8re sp\u00e9ciale. Am\u00e9liorez la dur\u00e9e de vie des bougies de votre client. La cire de soja est une alternative \u00e9cologique parfaite.&nbsp;<\/p>\n<p>C&rsquo;est tellement plus propre et plus naturel que les bougies \u00e0 la paraffine. Un peu plus cher mais &ccedil;a vaut le coup. Les bougies en pot de soja br\u00fblent beaucoup mieux et laissent un r\u00e9sidu de cire minimal.&nbsp;<\/p>\n<p>Vous pouvez obtenir<strong><span style=\"color: rgb(75, 80, 88);\">&nbsp;80 heures de temps de combustion&nbsp;<\/span><\/strong>avec ces bougies. Inspir\u00e9 par les baies sauvages trouv\u00e9es sur les collines du Lake District, <strong><span style=\"color: rgb(75, 80, 88);\">Fell Berry<\/span><\/strong> est un parfum fort et fruit\u00e9 avec un parfum pro\u00e9minent de m\u00fbre avec un soup&ccedil;on d&rsquo;autres fruits d&rsquo;\u00e9t\u00e9.&nbsp;<\/p>\n<p><strong><span style=\"color: rgb(75, 80, 88);\">Notes de t\u00eate : Pomme, fraise&nbsp;<\/span><\/strong><\/p>\n<p><span style=\"color: rgb(75, 80, 88);\"><strong>Notes de c\u0153ur : M\u00fbre, cassis, cassis,&nbsp;<\/strong><\/span><\/p>\n<p><strong><span style=\"color: rgb(75, 80, 88);\">Notes de fond : Herbes, Menthe<\/span><\/strong><\/p>\n<p><strong><span style=\"color: rgb(141, 186, 216);\">Con&ccedil;u pour faire un cadeau splendide et attentionn\u00e9. Si vous vendez des bougies, pensez absolument \u00e0 les stocker.<\/span><\/strong><\/p>\n","protected":false},"excerpt":{"rendered":"<p>Nous sommes fiers de pr\u00e9senter une nouvelle gamme de bougies en cire de soja en gros fabriqu\u00e9es \u00e0 partir d&rsquo;huile de soja hydrog\u00e9n\u00e9e et sans cire synth\u00e9tique ni paraffine.&nbsp; Ces bougies Kilner Jar sont pr\u00e9sent\u00e9es dans de gros pots en verre recycl\u00e9 (400 ml) qui peuvent \u00eatre r\u00e9utilis\u00e9s, joliment emball\u00e9s avec une housse anti-poussi\u00e8re sp\u00e9ciale. [&hellip;]<\/p>\n","protected":false},"featured_media":302816,"comment_status":"closed","ping_status":"open","template":"","meta":[],"product_brand":[27089],"product_cat":[17461,19989],"product_tag":[],"class_list":{"0":"post-237364","1":"product","2":"type-product","3":"status-publish","4":"has-post-thumbnail","6":"product_brand-agnes-and-cat","7":"product_cat-bougeoirs-et-bougies","8":"product_cat-bougies-en-cire-de-soja","9":"pa_collection-kilner-jar-candles-400-ml-fr","10":"pa_made-in-chine","12":"first","13":"instock","14":"purchasable","15":"product-type-simple"},"supplier_id":null,"supplier_sku":"ACKC-03","barcode":null,"atum_controlled":true,"out_stock_date":null,"out_stock_threshold":null,"inheritable":false,"inbound_stock":null,"stock_on_hold":0,"sold_today":0,"sales_last_days":0,"reserved_stock":null,"customer_returns":null,"warehouse_damage":null,"lost_in_post":null,"other_logs":null,"out_stock_days":0,"lost_sales":0,"has_location":null,"update_date":"2026-02-02T08:38:04","atum_locations":[],"atum_stock_status":"instock","restock_status":false,"low_stock_amount":"","sales_update_date":"2025-10-09T03:22:39","calc_backorders":null,"_links":{"self":[{"href":"https:\/\/aromasentia.com\/fr\/wp-json\/wp\/v2\/product\/237364","targetHints":{"allow":["GET"]}}],"collection":[{"href":"https:\/\/aromasentia.com\/fr\/wp-json\/wp\/v2\/product"}],"about":[{"href":"https:\/\/aromasentia.com\/fr\/wp-json\/wp\/v2\/types\/product"}],"replies":[{"embeddable":true,"href":"https:\/\/aromasentia.com\/fr\/wp-json\/wp\/v2\/comments?post=237364"}],"version-history":[{"count":0,"href":"https:\/\/aromasentia.com\/fr\/wp-json\/wp\/v2\/product\/237364\/revisions"}],"wp:featuredmedia":[{"embeddable":true,"href":"https:\/\/aromasentia.com\/fr\/wp-json\/wp\/v2\/media\/302816"}],"wp:attachment":[{"href":"https:\/\/aromasentia.com\/fr\/wp-json\/wp\/v2\/media?parent=237364"}],"wp:term":[{"taxonomy":"product_brand","embeddable":true,"href":"https:\/\/aromasentia.com\/fr\/wp-json\/wp\/v2\/product_brand?post=237364"},{"taxonomy":"product_cat","embeddable":true,"href":"https:\/\/aromasentia.com\/fr\/wp-json\/wp\/v2\/product_cat?post=237364"},{"taxonomy":"product_tag","embeddable":true,"href":"https:\/\/aromasentia.com\/fr\/wp-json\/wp\/v2\/product_tag?post=237364"}],"curies":[{"name":"wp","href":"https:\/\/api.w.org\/{rel}","templated":true}]}}