{"id":237344,"date":"2025-03-21T11:18:04","date_gmt":"2025-03-21T11:18:04","guid":{"rendered":"https:\/\/aromasentia.com\/product\/jam-jar-candle-clementine\/"},"modified":"2025-06-23T19:04:42","modified_gmt":"2025-06-23T19:04:42","slug":"bougie-en-pot-de-confiture-a-la-cire-de-soja-220gr-clementine","status":"publish","type":"product","link":"https:\/\/aromasentia.com\/fr\/bougie-en-pot-de-confiture-a-la-cire-de-soja-220gr-clementine\/","title":{"rendered":"Bougie en Pot de Confiture \u00e0 la Cire de Soja 220gr &#8211; Cl\u00e9mentine"},"content":{"rendered":"<p>Nous sommes fiers de pr\u00e9senter une <strong><span style=\"color: rgb(75, 80, 88);\">nouvelle gamme de bougies<\/span><\/strong> en cire de soja en gros fabriqu\u00e9es \u00e0 partir d&rsquo;huile de soja hydrog\u00e9n\u00e9e et sans cire synth\u00e9tique ni paraffine. Chaque parfum est compos\u00e9 de 36 \u00e9l\u00e9ments diff\u00e9rents.&nbsp;<\/p>\n<p>C&rsquo;est exactement ce qui les rend si uniques et merveilleuses. Ces bougies Jam Jar sont pr\u00e9sent\u00e9es dans de jolis pots en verre recycl\u00e9 (220 ml) qui pourront \u00eatre r\u00e9utilis\u00e9s une fois votre bougie br\u00fbl\u00e9e.&nbsp;<\/p>\n<p><strong><span style=\"color: rgb(75, 80, 88);\">La cire de soja<\/span><\/strong> est une alternative \u00e9cologique parfaite. Elle est tellement plus propre et br\u00fble plus longtemps. Un peu plus cher mais &ccedil;a vaut le coup. La cire de soja produit \u00e9galement 95 % de suie en moins.&nbsp;<\/p>\n<p>Les bougies en pot de soja diffusent un parfum magnifique et laissent un r\u00e9sidu de cire minimal, elles sont v\u00e9g\u00e9taliennes et non test\u00e9es sur les animaux.&nbsp;<\/p>\n<p><strong><span style=\"color: rgb(141, 186, 216);\">Con&ccedil;u pour faire un cadeau splendide et attentionn\u00e9. Si vous vendez des bougies, pensez absolument \u00e0 les stocker.<\/span><\/strong><\/p>\n","protected":false},"excerpt":{"rendered":"<p>Nous sommes fiers de pr\u00e9senter une nouvelle gamme de bougies en cire de soja en gros fabriqu\u00e9es \u00e0 partir d&rsquo;huile de soja hydrog\u00e9n\u00e9e et sans cire synth\u00e9tique ni paraffine. Chaque parfum est compos\u00e9 de 36 \u00e9l\u00e9ments diff\u00e9rents.&nbsp; C&rsquo;est exactement ce qui les rend si uniques et merveilleuses. Ces bougies Jam Jar sont pr\u00e9sent\u00e9es dans de [&hellip;]<\/p>\n","protected":false},"featured_media":302771,"comment_status":"closed","ping_status":"open","template":"","meta":[],"product_brand":[27089],"product_cat":[17461,19989],"product_tag":[],"class_list":{"0":"post-237344","1":"product","2":"type-product","3":"status-publish","4":"has-post-thumbnail","6":"product_brand-agnes-and-cat","7":"product_cat-bougeoirs-et-bougies","8":"product_cat-bougies-en-cire-de-soja","9":"pa_collection-soy-wax-jam-jar-candles-220-ml-fr","10":"pa_made-in-chine","12":"first","13":"instock","14":"purchasable","15":"product-type-simple"},"supplier_id":null,"supplier_sku":"ACJJ-23","barcode":null,"atum_controlled":true,"out_stock_date":null,"out_stock_threshold":null,"inheritable":false,"inbound_stock":null,"stock_on_hold":0,"sold_today":0,"sales_last_days":0,"reserved_stock":null,"customer_returns":null,"warehouse_damage":null,"lost_in_post":null,"other_logs":null,"out_stock_days":0,"lost_sales":0,"has_location":null,"update_date":"2026-01-30T01:24:36","atum_locations":[],"atum_stock_status":"instock","restock_status":false,"low_stock_amount":"","sales_update_date":"2026-01-30T01:24:36","calc_backorders":null,"_links":{"self":[{"href":"https:\/\/aromasentia.com\/fr\/wp-json\/wp\/v2\/product\/237344","targetHints":{"allow":["GET"]}}],"collection":[{"href":"https:\/\/aromasentia.com\/fr\/wp-json\/wp\/v2\/product"}],"about":[{"href":"https:\/\/aromasentia.com\/fr\/wp-json\/wp\/v2\/types\/product"}],"replies":[{"embeddable":true,"href":"https:\/\/aromasentia.com\/fr\/wp-json\/wp\/v2\/comments?post=237344"}],"version-history":[{"count":0,"href":"https:\/\/aromasentia.com\/fr\/wp-json\/wp\/v2\/product\/237344\/revisions"}],"wp:featuredmedia":[{"embeddable":true,"href":"https:\/\/aromasentia.com\/fr\/wp-json\/wp\/v2\/media\/302771"}],"wp:attachment":[{"href":"https:\/\/aromasentia.com\/fr\/wp-json\/wp\/v2\/media?parent=237344"}],"wp:term":[{"taxonomy":"product_brand","embeddable":true,"href":"https:\/\/aromasentia.com\/fr\/wp-json\/wp\/v2\/product_brand?post=237344"},{"taxonomy":"product_cat","embeddable":true,"href":"https:\/\/aromasentia.com\/fr\/wp-json\/wp\/v2\/product_cat?post=237344"},{"taxonomy":"product_tag","embeddable":true,"href":"https:\/\/aromasentia.com\/fr\/wp-json\/wp\/v2\/product_tag?post=237344"}],"curies":[{"name":"wp","href":"https:\/\/api.w.org\/{rel}","templated":true}]}}