{"id":237300,"date":"2025-03-21T11:18:04","date_gmt":"2025-03-21T11:18:04","guid":{"rendered":"https:\/\/aromasentia.com\/product\/herb-garden-candles-geranium\/"},"modified":"2025-06-23T19:04:37","modified_gmt":"2025-06-23T19:04:37","slug":"bougie-daromatherapie-de-jardin-en-cire-de-soja-210-g-geranium","status":"publish","type":"product","link":"https:\/\/aromasentia.com\/fr\/bougie-daromatherapie-de-jardin-en-cire-de-soja-210-g-geranium\/","title":{"rendered":"Bougie d&rsquo;Aromath\u00e9rapie de Jardin en Cire de Soja 210 g &#8211; G\u00e9ranium"},"content":{"rendered":"<p>Fabriqu\u00e9 avec de <strong><span style=\"color: rgb(75, 80, 88);\">l&rsquo;huile essentielle de g\u00e9ranium pur.<\/span><\/strong> Nous sommes fiers de pr\u00e9senter une nouvelle gamme de bougies en cire de soja en gros fabriqu\u00e9es \u00e0 partir d&rsquo;huile de soja hydrog\u00e9n\u00e9e et sans cire synth\u00e9tique ni paraffine.&nbsp;<\/p>\n<p>Ces bougies de soja d&rsquo;aromath\u00e9rapie sont pr\u00e9sent\u00e9es dans un superbe pot color\u00e9 qui peut \u00eatre r\u00e9utilis\u00e9 pour les fleurs une fois que votre bougie a br\u00fbl\u00e9. Ils sont livr\u00e9s avec un support en m\u00e9tal et sont emball\u00e9s dans une belle bo\u00eete cadeau. La m\u00e8che en bois produit ce son de cr\u00e9pitement confortable dont vous tomberez amoureux.&nbsp;<\/p>\n<p>Am\u00e9liorez la dur\u00e9e de vie des bougies de votre client. La cire de soja est une alternative \u00e9cologique parfaite. C&rsquo;est tellement plus propre et plus naturel que les bougies \u00e0 la paraffine. Un peu plus cher mais &ccedil;a vaut le coup.&nbsp;<\/p>\n<p>Les bougies de soja d&rsquo;aromath\u00e9rapie br\u00fblent beaucoup mieux et laissent un minimum de r\u00e9sidus de cire. Con&ccedil;u pour faire un cadeau splendide et attentionn\u00e9. Si vous vendez des bougies, pensez absolument \u00e0 les stocker.<\/p>\n<p><strong><span style=\"color: rgb(141, 186, 216);\">&nbsp;Il y a une remise de 10 % sur toutes ces bougies en raison de la cire l\u00e9g\u00e8rement craquel\u00e9e<\/span><\/strong>. Il peut \u00eatre fix\u00e9 facilement en chauffant la cire sup\u00e9rieure avec le pistolet thermique.&nbsp;<\/p>\n<p><strong><span style=\"color: rgb(75, 80, 88);\">H : 9 cm Diam\u00e8tre : 9cm Sur le support H : 10 cm<\/span><\/strong><\/p>\n","protected":false},"excerpt":{"rendered":"<p>Fabriqu\u00e9 avec de l&rsquo;huile essentielle de g\u00e9ranium pur. Nous sommes fiers de pr\u00e9senter une nouvelle gamme de bougies en cire de soja en gros fabriqu\u00e9es \u00e0 partir d&rsquo;huile de soja hydrog\u00e9n\u00e9e et sans cire synth\u00e9tique ni paraffine.&nbsp; Ces bougies de soja d&rsquo;aromath\u00e9rapie sont pr\u00e9sent\u00e9es dans un superbe pot color\u00e9 qui peut \u00eatre r\u00e9utilis\u00e9 pour les [&hellip;]<\/p>\n","protected":false},"featured_media":302664,"comment_status":"closed","ping_status":"open","template":"","meta":[],"product_brand":[27089],"product_cat":[17461,19989,26832,26188,25842],"product_tag":[],"class_list":{"0":"post-237300","1":"product","2":"type-product","3":"status-publish","4":"has-post-thumbnail","6":"product_brand-agnes-and-cat","7":"product_cat-bougeoirs-et-bougies","8":"product_cat-bougies-en-cire-de-soja","9":"product_cat-floral","10":"product_cat-geranium","11":"product_cat-senteurs-aromes","12":"pa_collection-aromatherapy-soy-candles-210-g-wooden-wick-fr","13":"pa_made-in-chine","15":"first","16":"outofstock","17":"purchasable","18":"product-type-simple"},"supplier_id":null,"supplier_sku":"ACHC-06","barcode":null,"atum_controlled":true,"out_stock_date":"2025-10-09 12:54:11","out_stock_threshold":null,"inheritable":false,"inbound_stock":null,"stock_on_hold":0,"sold_today":0,"sales_last_days":0,"reserved_stock":null,"customer_returns":null,"warehouse_damage":null,"lost_in_post":null,"other_logs":null,"out_stock_days":112,"lost_sales":0,"has_location":null,"update_date":"2026-01-30T01:25:19","atum_locations":[],"atum_stock_status":"outofstock","restock_status":false,"low_stock_amount":"","sales_update_date":"2026-01-30T01:25:19","calc_backorders":null,"_links":{"self":[{"href":"https:\/\/aromasentia.com\/fr\/wp-json\/wp\/v2\/product\/237300","targetHints":{"allow":["GET"]}}],"collection":[{"href":"https:\/\/aromasentia.com\/fr\/wp-json\/wp\/v2\/product"}],"about":[{"href":"https:\/\/aromasentia.com\/fr\/wp-json\/wp\/v2\/types\/product"}],"replies":[{"embeddable":true,"href":"https:\/\/aromasentia.com\/fr\/wp-json\/wp\/v2\/comments?post=237300"}],"version-history":[{"count":0,"href":"https:\/\/aromasentia.com\/fr\/wp-json\/wp\/v2\/product\/237300\/revisions"}],"wp:featuredmedia":[{"embeddable":true,"href":"https:\/\/aromasentia.com\/fr\/wp-json\/wp\/v2\/media\/302664"}],"wp:attachment":[{"href":"https:\/\/aromasentia.com\/fr\/wp-json\/wp\/v2\/media?parent=237300"}],"wp:term":[{"taxonomy":"product_brand","embeddable":true,"href":"https:\/\/aromasentia.com\/fr\/wp-json\/wp\/v2\/product_brand?post=237300"},{"taxonomy":"product_cat","embeddable":true,"href":"https:\/\/aromasentia.com\/fr\/wp-json\/wp\/v2\/product_cat?post=237300"},{"taxonomy":"product_tag","embeddable":true,"href":"https:\/\/aromasentia.com\/fr\/wp-json\/wp\/v2\/product_tag?post=237300"}],"curies":[{"name":"wp","href":"https:\/\/api.w.org\/{rel}","templated":true}]}}