{"id":237264,"date":"2025-03-21T11:18:31","date_gmt":"2025-03-21T11:18:31","guid":{"rendered":"https:\/\/aromasentia.com\/product\/tin-candle-coffee-and-walnut\/"},"modified":"2025-06-23T19:04:30","modified_gmt":"2025-06-23T19:04:30","slug":"coffret-cadeau-bougies-en-cire-de-soja-de-200-gr-cafe-et-noyer","status":"publish","type":"product","link":"https:\/\/aromasentia.com\/fr\/coffret-cadeau-bougies-en-cire-de-soja-de-200-gr-cafe-et-noyer\/","title":{"rendered":"Coffret Cadeau Bougies en Cire de Soja de 200 gr  &#8211; Caf\u00e9 et Noyer"},"content":{"rendered":"<p>Nous sommes fiers de pr\u00e9senter une <strong><span style=\"color: rgb(75, 80, 88);\">nouvelle gamme de bougies<\/span><\/strong> en cire de soja en gros fabriqu\u00e9es \u00e0 partir d&rsquo;huile de soja hydrog\u00e9n\u00e9e et sans cire synth\u00e9tique ni paraffine.&nbsp;<\/p>\n<p>Ces bougies en \u00e9tain sont pr\u00e9sent\u00e9es dans des bo\u00eetes fantaisie qui peuvent \u00eatre r\u00e9utilis\u00e9es une fois votre bougie br\u00fbl\u00e9e. Elles sont livr\u00e9es dans une jolie bo\u00eete con&ccedil;ue dans le style embl\u00e9matique d&rsquo;Agn\u00e8s &amp; Cat. Am\u00e9liorez la dur\u00e9e de vie des bougies de votre client.<strong><span style=\"color: rgb(75, 80, 88);\">&nbsp;La cire de soja<\/span><\/strong> est une alternative \u00e9cologique parfaite.&nbsp;<\/p>\n<p>Elle est tellement plus propre et plus naturelle que les bougies \u00e0 la paraffine qu&rsquo;elle produit \u00e9galement 95 % de suie en moins. Un peu plus cher mais &ccedil;a vaut le coup. Les bougies en \u00e9tain de soja br\u00fblent beaucoup mieux et laissent un r\u00e9sidu de cire minimal, elles sont v\u00e9g\u00e9taliennes et non test\u00e9es sur les animaux.&nbsp;<\/p>\n<p><strong><span style=\"color: rgb(75, 80, 88);\">Le caf\u00e9\/noyer<\/span><\/strong> sont l&rsquo;un des parfums les plus forts. Il m\u00e9lange la quantit\u00e9 id\u00e9ale de grains de caf\u00e9, de cacao et de noyer pour cr\u00e9er un parfum splendide.&nbsp;<\/p>\n<p><\/p>\n<p><strong><span style=\"color: rgb(75, 80, 88);\">Noix Notes de coeur<\/span><\/strong> : Cacao&nbsp;<\/p>\n<p><strong><span style=\"color: rgb(75, 80, 88);\">Notes de fond<\/span><\/strong> : grain de caf\u00e9 torr\u00e9fi\u00e9&nbsp;<\/p>\n<p><strong><span style=\"color: rgb(141, 186, 216);\">Con&ccedil;u pour faire un cadeau splendide et attentionn\u00e9. Si vous vendez des bougies, pensez absolument \u00e0 les stocker.<\/span><\/strong><\/p>\n","protected":false},"excerpt":{"rendered":"<p>Nous sommes fiers de pr\u00e9senter une nouvelle gamme de bougies en cire de soja en gros fabriqu\u00e9es \u00e0 partir d&rsquo;huile de soja hydrog\u00e9n\u00e9e et sans cire synth\u00e9tique ni paraffine.&nbsp; Ces bougies en \u00e9tain sont pr\u00e9sent\u00e9es dans des bo\u00eetes fantaisie qui peuvent \u00eatre r\u00e9utilis\u00e9es une fois votre bougie br\u00fbl\u00e9e. Elles sont livr\u00e9es dans une jolie bo\u00eete [&hellip;]<\/p>\n","protected":false},"featured_media":303068,"comment_status":"closed","ping_status":"open","template":"","meta":[],"product_brand":[27089],"product_cat":[17461,19989],"product_tag":[],"class_list":{"0":"post-237264","1":"product","2":"type-product","3":"status-publish","4":"has-post-thumbnail","6":"product_brand-agnes-and-cat","7":"product_cat-bougeoirs-et-bougies","8":"product_cat-bougies-en-cire-de-soja","9":"pa_collection-soy-wax-tin-candles-200-ml-fr","10":"pa_made-in-chine","12":"first","13":"instock","14":"purchasable","15":"product-type-simple"},"supplier_id":null,"supplier_sku":"ACTC-21","barcode":null,"atum_controlled":true,"out_stock_date":null,"out_stock_threshold":null,"inheritable":false,"inbound_stock":null,"stock_on_hold":0,"sold_today":0,"sales_last_days":0,"reserved_stock":null,"customer_returns":null,"warehouse_damage":null,"lost_in_post":null,"other_logs":null,"out_stock_days":0,"lost_sales":0,"has_location":null,"update_date":"2026-02-11T09:33:28","atum_locations":[],"atum_stock_status":"instock","restock_status":false,"low_stock_amount":"","sales_update_date":"2025-10-09T03:22:48","calc_backorders":null,"_links":{"self":[{"href":"https:\/\/aromasentia.com\/fr\/wp-json\/wp\/v2\/product\/237264","targetHints":{"allow":["GET"]}}],"collection":[{"href":"https:\/\/aromasentia.com\/fr\/wp-json\/wp\/v2\/product"}],"about":[{"href":"https:\/\/aromasentia.com\/fr\/wp-json\/wp\/v2\/types\/product"}],"replies":[{"embeddable":true,"href":"https:\/\/aromasentia.com\/fr\/wp-json\/wp\/v2\/comments?post=237264"}],"version-history":[{"count":0,"href":"https:\/\/aromasentia.com\/fr\/wp-json\/wp\/v2\/product\/237264\/revisions"}],"wp:featuredmedia":[{"embeddable":true,"href":"https:\/\/aromasentia.com\/fr\/wp-json\/wp\/v2\/media\/303068"}],"wp:attachment":[{"href":"https:\/\/aromasentia.com\/fr\/wp-json\/wp\/v2\/media?parent=237264"}],"wp:term":[{"taxonomy":"product_brand","embeddable":true,"href":"https:\/\/aromasentia.com\/fr\/wp-json\/wp\/v2\/product_brand?post=237264"},{"taxonomy":"product_cat","embeddable":true,"href":"https:\/\/aromasentia.com\/fr\/wp-json\/wp\/v2\/product_cat?post=237264"},{"taxonomy":"product_tag","embeddable":true,"href":"https:\/\/aromasentia.com\/fr\/wp-json\/wp\/v2\/product_tag?post=237264"}],"curies":[{"name":"wp","href":"https:\/\/api.w.org\/{rel}","templated":true}]}}