{"id":237240,"date":"2025-03-21T11:18:31","date_gmt":"2025-03-21T11:18:31","guid":{"rendered":"https:\/\/aromasentia.com\/product\/tin-candle-provence\/"},"modified":"2025-06-23T19:04:28","modified_gmt":"2025-06-23T19:04:28","slug":"coffret-cadeau-bougies-en-cire-de-soja-de-200-gr-provence","status":"publish","type":"product","link":"https:\/\/aromasentia.com\/fr\/coffret-cadeau-bougies-en-cire-de-soja-de-200-gr-provence\/","title":{"rendered":"Coffret Cadeau Bougies en Cire de Soja de 200 gr &#8211; Provence"},"content":{"rendered":"<p>Nous sommes fiers de pr\u00e9senter une <strong><span style=\"color: rgb(75, 80, 88);\">nouvelle gamme de bougies<\/span><\/strong> en cire de soja en gros fabriqu\u00e9es \u00e0 partir d&rsquo;huile de soja hydrog\u00e9n\u00e9e et sans cire synth\u00e9tique ni paraffine. Ces bougies en \u00e9tain sont pr\u00e9sent\u00e9es dans des bo\u00eetes fantaisie qui peuvent \u00eatre r\u00e9utilis\u00e9es une fois votre bougie br\u00fbl\u00e9e.&nbsp;<\/p>\n<p>Elles sont livr\u00e9es dans une jolie bo\u00eete con&ccedil;ue dans le style embl\u00e9matique d&rsquo;Agn\u00e8s &amp; Cat. Am\u00e9liorez votre dur\u00e9e de vie et celle de vos clients. La cire de soja est une <strong><span style=\"color: rgb(75, 80, 88);\">alternative \u00e9cologique<\/span><\/strong> parfaite.&nbsp;<\/p>\n<p>C&rsquo;est tellement plus propre et plus naturel que les bougies \u00e0 la paraffine. Un peu plus cher mais &ccedil;a vaut le coup. Les bougies en \u00e9tain de soja br\u00fblent beaucoup mieux et laissent un r\u00e9sidu de cire minimal.&nbsp;<\/p>\n<p>Ces bougies 100 % naturelles produisent \u00e9galement 95 % de suie en moins, elles sont v\u00e9g\u00e9taliennes et non test\u00e9es sur les animaux. <strong><span style=\"color: rgb(75, 80, 88);\">La Provence<\/span><\/strong> s&rsquo;inspire des magnifiques champs de lavande que l&rsquo;on ne trouve qu&rsquo;en Provence. Ce parfum est un ar\u00f4me \u00e9tonnant de lavande ambr\u00e9e qui cr\u00e9er imm\u00e9diatement une atmosph\u00e8re relaxante.&nbsp;<\/p>\n<p><strong><span style=\"color: rgb(75, 80, 88);\">Notes de t\u00eate<\/span><\/strong> : Basilic&nbsp;<\/p>\n<p><strong><span style=\"color: rgb(75, 80, 88);\">Notes de coeur <\/span><\/strong>: Lavande, Noix de muscade&nbsp;<\/p>\n<p><strong><span style=\"color: rgb(75, 80, 88);\">Notes de fond<\/span><\/strong> : Ambre, Patchouli&nbsp;<\/p>\n<p><strong><span style=\"color: rgb(141, 186, 216);\">Con&ccedil;u pour faire un cadeau splendide et attentionn\u00e9. Si vous vendez des bougies, pensez absolument \u00e0 les stocker.<\/span><\/strong><\/p>\n","protected":false},"excerpt":{"rendered":"<p>Nous sommes fiers de pr\u00e9senter une nouvelle gamme de bougies en cire de soja en gros fabriqu\u00e9es \u00e0 partir d&rsquo;huile de soja hydrog\u00e9n\u00e9e et sans cire synth\u00e9tique ni paraffine. Ces bougies en \u00e9tain sont pr\u00e9sent\u00e9es dans des bo\u00eetes fantaisie qui peuvent \u00eatre r\u00e9utilis\u00e9es une fois votre bougie br\u00fbl\u00e9e.&nbsp; Elles sont livr\u00e9es dans une jolie bo\u00eete [&hellip;]<\/p>\n","protected":false},"featured_media":303014,"comment_status":"closed","ping_status":"open","template":"","meta":[],"product_brand":[27089],"product_cat":[17461,19989],"product_tag":[],"class_list":{"0":"post-237240","1":"product","2":"type-product","3":"status-publish","4":"has-post-thumbnail","6":"product_brand-agnes-and-cat","7":"product_cat-bougeoirs-et-bougies","8":"product_cat-bougies-en-cire-de-soja","9":"pa_collection-soy-wax-tin-candles-200-ml-fr","10":"pa_made-in-chine","12":"first","13":"instock","14":"purchasable","15":"product-type-simple"},"supplier_id":null,"supplier_sku":"ACTC-22","barcode":null,"atum_controlled":true,"out_stock_date":null,"out_stock_threshold":null,"inheritable":false,"inbound_stock":null,"stock_on_hold":0,"sold_today":0,"sales_last_days":0,"reserved_stock":null,"customer_returns":null,"warehouse_damage":null,"lost_in_post":null,"other_logs":null,"out_stock_days":0,"lost_sales":0,"has_location":null,"update_date":"2026-01-30T01:24:23","atum_locations":[],"atum_stock_status":"instock","restock_status":false,"low_stock_amount":"","sales_update_date":"2026-01-30T01:24:23","calc_backorders":null,"_links":{"self":[{"href":"https:\/\/aromasentia.com\/fr\/wp-json\/wp\/v2\/product\/237240","targetHints":{"allow":["GET"]}}],"collection":[{"href":"https:\/\/aromasentia.com\/fr\/wp-json\/wp\/v2\/product"}],"about":[{"href":"https:\/\/aromasentia.com\/fr\/wp-json\/wp\/v2\/types\/product"}],"replies":[{"embeddable":true,"href":"https:\/\/aromasentia.com\/fr\/wp-json\/wp\/v2\/comments?post=237240"}],"version-history":[{"count":0,"href":"https:\/\/aromasentia.com\/fr\/wp-json\/wp\/v2\/product\/237240\/revisions"}],"wp:featuredmedia":[{"embeddable":true,"href":"https:\/\/aromasentia.com\/fr\/wp-json\/wp\/v2\/media\/303014"}],"wp:attachment":[{"href":"https:\/\/aromasentia.com\/fr\/wp-json\/wp\/v2\/media?parent=237240"}],"wp:term":[{"taxonomy":"product_brand","embeddable":true,"href":"https:\/\/aromasentia.com\/fr\/wp-json\/wp\/v2\/product_brand?post=237240"},{"taxonomy":"product_cat","embeddable":true,"href":"https:\/\/aromasentia.com\/fr\/wp-json\/wp\/v2\/product_cat?post=237240"},{"taxonomy":"product_tag","embeddable":true,"href":"https:\/\/aromasentia.com\/fr\/wp-json\/wp\/v2\/product_tag?post=237240"}],"curies":[{"name":"wp","href":"https:\/\/api.w.org\/{rel}","templated":true}]}}