{"id":237220,"date":"2025-03-21T11:18:31","date_gmt":"2025-03-21T11:18:31","guid":{"rendered":"https:\/\/aromasentia.com\/product\/tin-candle-windermere\/"},"modified":"2025-06-23T19:04:25","modified_gmt":"2025-06-23T19:04:25","slug":"coffret-cadeau-bougies-en-cire-de-soja-de-200-gr-windermere","status":"publish","type":"product","link":"https:\/\/aromasentia.com\/fr\/coffret-cadeau-bougies-en-cire-de-soja-de-200-gr-windermere\/","title":{"rendered":"Coffret Cadeau Bougies en Cire de Soja de 200 gr &#8211; Windermere"},"content":{"rendered":"<p>Nous sommes fiers de pr\u00e9senter une <strong><span style=\"color: rgb(75, 80, 88);\">nouvelle gamme de bougies en cire de soja&nbsp;<\/span><\/strong>en gros fabriqu\u00e9es \u00e0 partir d&rsquo;huile de soja hydrog\u00e9n\u00e9e et sans cire synth\u00e9tique ni paraffine. Ces bougies sont pr\u00e9sent\u00e9es dans des bo\u00eetes fantaisie en \u00e9tain qui peuvent \u00eatre <strong><span style=\"color: rgb(75, 80, 88);\">r\u00e9utilis\u00e9es<\/span><\/strong> une fois votre bougie br\u00fbl\u00e9e. Elles sont livr\u00e9es dans une jolie bo\u00eete con&ccedil;ue dans le style embl\u00e9matique d&rsquo;Agn\u00e8s &amp; Cat.&nbsp;<\/p>\n<p>Am\u00e9liorez la dur\u00e9e de vie des bougies de votre client. La cire de soja est une alternative \u00e9cologique parfaite.&nbsp;<\/p>\n<p>Elle est tellement plus propre et plus naturelle que les bougies \u00e0 la paraffine qu&rsquo;elle produit \u00e9galement 95 % de suie en moins. Un peu plus cher mais &ccedil;a vaut le coup.&nbsp;<\/p>\n<p>Les bougies en \u00e9tain de soja br\u00fblent beaucoup mieux et laissent un r\u00e9sidu de cire minimal, elles sont v\u00e9g\u00e9taliennes et non test\u00e9es sur les animaux.<\/p>\n<p><strong><span style=\"color: rgb(75, 80, 88);\">Windermere<\/span><\/strong> est un parfum subtil, propre et frais inspir\u00e9 du pittoresque Lake District.&nbsp;<\/p>\n<p><strong><span style=\"color: rgb(75, 80, 88);\">Notes de t\u00eate<\/span><\/strong> : Citron, Aqua&nbsp;<\/p>\n<p><strong><span style=\"color: rgb(75, 80, 88);\">Notes de c\u0153ur :<\/span><\/strong> Jasmin&nbsp;<\/p>\n<p><strong><span style=\"color: rgb(75, 80, 88);\">Notes de fond<\/span><\/strong> : Vanille, Fleurs Blanches&nbsp;<\/p>\n<p><strong><span style=\"color: rgb(141, 186, 216);\">Con&ccedil;u pour faire un cadeau splendide et attentionn\u00e9. Si vous vendez des bougies, pensez absolument \u00e0 les stocker.<\/span><\/strong><\/p>\n","protected":false},"excerpt":{"rendered":"<p>Nous sommes fiers de pr\u00e9senter une nouvelle gamme de bougies en cire de soja&nbsp;en gros fabriqu\u00e9es \u00e0 partir d&rsquo;huile de soja hydrog\u00e9n\u00e9e et sans cire synth\u00e9tique ni paraffine. Ces bougies sont pr\u00e9sent\u00e9es dans des bo\u00eetes fantaisie en \u00e9tain qui peuvent \u00eatre r\u00e9utilis\u00e9es une fois votre bougie br\u00fbl\u00e9e. Elles sont livr\u00e9es dans une jolie bo\u00eete con&ccedil;ue [&hellip;]<\/p>\n","protected":false},"featured_media":302969,"comment_status":"closed","ping_status":"open","template":"","meta":[],"product_brand":[27089],"product_cat":[17461,19989],"product_tag":[],"class_list":{"0":"post-237220","1":"product","2":"type-product","3":"status-publish","4":"has-post-thumbnail","6":"product_brand-agnes-and-cat","7":"product_cat-bougeoirs-et-bougies","8":"product_cat-bougies-en-cire-de-soja","9":"pa_collection-soy-wax-tin-candles-200-ml-fr","10":"pa_made-in-chine","12":"first","13":"outofstock","14":"purchasable","15":"product-type-simple"},"supplier_id":null,"supplier_sku":"ACTC-01","barcode":null,"atum_controlled":true,"out_stock_date":"2026-02-03 14:26:37","out_stock_threshold":null,"inheritable":false,"inbound_stock":null,"stock_on_hold":0,"sold_today":0,"sales_last_days":0,"reserved_stock":null,"customer_returns":null,"warehouse_damage":null,"lost_in_post":null,"other_logs":null,"out_stock_days":0,"lost_sales":0,"has_location":null,"update_date":"2026-02-03T14:26:39","atum_locations":[],"atum_stock_status":"outofstock","restock_status":false,"low_stock_amount":"","sales_update_date":"2026-01-30T01:26:02","calc_backorders":null,"_links":{"self":[{"href":"https:\/\/aromasentia.com\/fr\/wp-json\/wp\/v2\/product\/237220","targetHints":{"allow":["GET"]}}],"collection":[{"href":"https:\/\/aromasentia.com\/fr\/wp-json\/wp\/v2\/product"}],"about":[{"href":"https:\/\/aromasentia.com\/fr\/wp-json\/wp\/v2\/types\/product"}],"replies":[{"embeddable":true,"href":"https:\/\/aromasentia.com\/fr\/wp-json\/wp\/v2\/comments?post=237220"}],"version-history":[{"count":0,"href":"https:\/\/aromasentia.com\/fr\/wp-json\/wp\/v2\/product\/237220\/revisions"}],"wp:featuredmedia":[{"embeddable":true,"href":"https:\/\/aromasentia.com\/fr\/wp-json\/wp\/v2\/media\/302969"}],"wp:attachment":[{"href":"https:\/\/aromasentia.com\/fr\/wp-json\/wp\/v2\/media?parent=237220"}],"wp:term":[{"taxonomy":"product_brand","embeddable":true,"href":"https:\/\/aromasentia.com\/fr\/wp-json\/wp\/v2\/product_brand?post=237220"},{"taxonomy":"product_cat","embeddable":true,"href":"https:\/\/aromasentia.com\/fr\/wp-json\/wp\/v2\/product_cat?post=237220"},{"taxonomy":"product_tag","embeddable":true,"href":"https:\/\/aromasentia.com\/fr\/wp-json\/wp\/v2\/product_tag?post=237220"}],"curies":[{"name":"wp","href":"https:\/\/api.w.org\/{rel}","templated":true}]}}