{"id":237200,"date":"2025-03-21T11:18:31","date_gmt":"2025-03-21T11:18:31","guid":{"rendered":"https:\/\/aromasentia.com\/product\/small-kilner-jar-candle-rhubarb-rhubarb\/"},"modified":"2025-06-23T19:04:20","modified_gmt":"2025-06-23T19:04:20","slug":"coffret-cadeau-de-bougies-en-cire-de-soja-en-pot-de-180-gr-rhubarbe","status":"publish","type":"product","link":"https:\/\/aromasentia.com\/fr\/coffret-cadeau-de-bougies-en-cire-de-soja-en-pot-de-180-gr-rhubarbe\/","title":{"rendered":"Coffret Cadeau de Bougies en Cire de Soja en Pot de 180 gr &#8211; Rhubarbe"},"content":{"rendered":"<p>Nous sommes fiers de pr\u00e9senter une nouvelle gamme de bougies en cire de soja en gros fabriqu\u00e9es \u00e0 partir d&rsquo;huile de soja hydrog\u00e9n\u00e9e et sans cire synth\u00e9tique ni paraffine. Ces bougies Small Clip Jar sont pr\u00e9sent\u00e9es dans de petits pots en verre recycl\u00e9 (180 ml) r\u00e9utilisables une fois votre bougie br\u00fbl\u00e9e. Am\u00e9liorez la dur\u00e9e de vie des bougies de votre client. La cire de soja est une alternative \u00e9cologique parfaite. Il est tellement plus propre et br\u00fble plus longtemps.&nbsp;<\/p>\n<p>Un peu plus cher mais &ccedil;a vaut le coup. Ils parfument magnifiquement et laissent un r\u00e9sidu de cire minimal. <strong><span style=\"color: rgb(75, 80, 88);\">La cire de soja<\/span><\/strong> produit \u00e9galement 95 % de suie en moins. Vous pouvez obtenir environ 30 \u00e0 35 heures de temps de combustion avec ces bougies.&nbsp;<\/p>\n<p><strong><span style=\"color: rgb(75, 80, 88);\">Notes de t\u00eate : <\/span><\/strong>Menthe poivr\u00e9e&nbsp;<\/p>\n<p><strong><span style=\"color: rgb(75, 80, 88);\">Notes de c\u0153ur :<\/span><\/strong> Rhubarbe&nbsp;<\/p>\n<p><strong><span style=\"color: rgb(75, 80, 88);\">Notes de fond : <\/span><\/strong>Vanille<\/p>\n<p><strong><span style=\"color: rgb(141, 186, 216);\">Con&ccedil;u pour faire un cadeau splendide et attentionn\u00e9. Si vous vendez des bougies, pensez absolument \u00e0 les stocker.<\/span><\/strong><\/p>\n","protected":false},"excerpt":{"rendered":"<p>Nous sommes fiers de pr\u00e9senter une nouvelle gamme de bougies en cire de soja en gros fabriqu\u00e9es \u00e0 partir d&rsquo;huile de soja hydrog\u00e9n\u00e9e et sans cire synth\u00e9tique ni paraffine. Ces bougies Small Clip Jar sont pr\u00e9sent\u00e9es dans de petits pots en verre recycl\u00e9 (180 ml) r\u00e9utilisables une fois votre bougie br\u00fbl\u00e9e. Am\u00e9liorez la dur\u00e9e de [&hellip;]<\/p>\n","protected":false},"featured_media":302924,"comment_status":"closed","ping_status":"open","template":"","meta":[],"product_brand":[27089],"product_cat":[17461,19989],"product_tag":[],"class_list":{"0":"post-237200","1":"product","2":"type-product","3":"status-publish","4":"has-post-thumbnail","6":"product_brand-agnes-and-cat","7":"product_cat-bougeoirs-et-bougies","8":"product_cat-bougies-en-cire-de-soja","9":"pa_collection-small-kilner-jar-candle-180-ml-fr","10":"pa_made-in-chine","12":"first","13":"instock","14":"purchasable","15":"product-type-simple"},"supplier_id":null,"supplier_sku":"ACKCM-04","barcode":null,"atum_controlled":true,"out_stock_date":null,"out_stock_threshold":null,"inheritable":false,"inbound_stock":null,"stock_on_hold":0,"sold_today":0,"sales_last_days":0,"reserved_stock":null,"customer_returns":null,"warehouse_damage":null,"lost_in_post":null,"other_logs":null,"out_stock_days":0,"lost_sales":0,"has_location":null,"update_date":"2026-02-02T14:24:04","atum_locations":[],"atum_stock_status":"instock","restock_status":false,"low_stock_amount":"","sales_update_date":"2026-01-20T05:13:56","calc_backorders":null,"_links":{"self":[{"href":"https:\/\/aromasentia.com\/fr\/wp-json\/wp\/v2\/product\/237200","targetHints":{"allow":["GET"]}}],"collection":[{"href":"https:\/\/aromasentia.com\/fr\/wp-json\/wp\/v2\/product"}],"about":[{"href":"https:\/\/aromasentia.com\/fr\/wp-json\/wp\/v2\/types\/product"}],"replies":[{"embeddable":true,"href":"https:\/\/aromasentia.com\/fr\/wp-json\/wp\/v2\/comments?post=237200"}],"version-history":[{"count":0,"href":"https:\/\/aromasentia.com\/fr\/wp-json\/wp\/v2\/product\/237200\/revisions"}],"wp:featuredmedia":[{"embeddable":true,"href":"https:\/\/aromasentia.com\/fr\/wp-json\/wp\/v2\/media\/302924"}],"wp:attachment":[{"href":"https:\/\/aromasentia.com\/fr\/wp-json\/wp\/v2\/media?parent=237200"}],"wp:term":[{"taxonomy":"product_brand","embeddable":true,"href":"https:\/\/aromasentia.com\/fr\/wp-json\/wp\/v2\/product_brand?post=237200"},{"taxonomy":"product_cat","embeddable":true,"href":"https:\/\/aromasentia.com\/fr\/wp-json\/wp\/v2\/product_cat?post=237200"},{"taxonomy":"product_tag","embeddable":true,"href":"https:\/\/aromasentia.com\/fr\/wp-json\/wp\/v2\/product_tag?post=237200"}],"curies":[{"name":"wp","href":"https:\/\/api.w.org\/{rel}","templated":true}]}}