{"id":237148,"date":"2025-03-21T11:19:05","date_gmt":"2025-03-21T11:19:05","guid":{"rendered":"https:\/\/aromasentia.com\/product\/aromatherapy-soy-candle-200g-creativity\/"},"modified":"2025-06-23T19:04:15","modified_gmt":"2025-06-23T19:04:15","slug":"bougie-aromatherapie-200g-creativite","status":"publish","type":"product","link":"https:\/\/aromasentia.com\/fr\/bougie-aromatherapie-200g-creativite\/","title":{"rendered":"Bougie Aromath\u00e9rapie 200g  &#8211; Cr\u00e9ativit\u00e9"},"content":{"rendered":"<p><strong><span style=\"color: rgb(75, 80, 88);\">Fabriqu\u00e9 avec de l&rsquo;huile essentielle 100% pure<\/span><\/strong><strong><span style=\"color: rgb(75, 80, 88);\">&nbsp;de menthe poivr\u00e9e et clou de girofle\/ 200g de cire de soja \/ 40h de combustion.&nbsp;<\/span><\/strong><\/p>\n<p>Huiles Essentielles et Cire de Soja Naturelle pour enchanter et ravir vos clients. Rien de plus rien de moins&#8230; si Naturel, si Pur, si V\u00e9g\u00e9talien \ud83d\ude42&nbsp;<\/p>\n<p>Des combinaisons d&rsquo;huiles pures qui fonctionnent bien ensemble pour stimuler la pens\u00e9e claire, la relaxation, l&rsquo;\u00e9nergie, le bonheur et bien plus encore.&nbsp;<\/p>\n<p>Lentement et d\u00e9licatement, l&rsquo;ar\u00f4me montera tout en br\u00fblant la bougie et remplira n&rsquo;importe quelle pi\u00e8ce d&rsquo;un parfum v\u00e9ritablement aromath\u00e9rapeutique. La forme classique et moderne du bocal en verre ambr\u00e9 compl\u00e8tera tout d\u00e9cor de maison ou de bureau.&nbsp;<\/p>\n<p>Chaque bougie est livr\u00e9e dans une bo\u00eete cadeau kraft, ce qui en fait un cadeau parfait pour toute occasion.&nbsp;<\/p>\n<p>Chaque bougie est coul\u00e9e \u00e0 la main en petits lots et dure jusqu&rsquo;\u00e0 40 heures de temps de combustion.&nbsp;<\/p>\n<p><strong><span style=\"color: rgb(141, 186, 216);\">Commandez aujourd&rsquo;hui et emmenez vos clients dans une aventure aromatique !<\/span><\/strong><\/p>\n","protected":false},"excerpt":{"rendered":"<p>Fabriqu\u00e9 avec de l&rsquo;huile essentielle 100% pure&nbsp;de menthe poivr\u00e9e et clou de girofle\/ 200g de cire de soja \/ 40h de combustion.&nbsp; Huiles Essentielles et Cire de Soja Naturelle pour enchanter et ravir vos clients. Rien de plus rien de moins&#8230; si Naturel, si Pur, si V\u00e9g\u00e9talien \ud83d\ude42&nbsp; Des combinaisons d&rsquo;huiles pures qui fonctionnent bien [&hellip;]<\/p>\n","protected":false},"featured_media":303345,"comment_status":"closed","ping_status":"open","template":"","meta":{"_angie_page":false},"product_brand":[],"product_cat":[17461,19989],"product_tag":[],"class_list":{"0":"post-237148","1":"product","2":"type-product","3":"status-publish","4":"has-post-thumbnail","6":"product_cat-bougeoirs-et-bougies","7":"product_cat-bougies-en-cire-de-soja","8":"pa_collection-aromatherapy-soy-wax-candles-200g-fr","9":"pa_made-in-chine","10":"pa_size-200g","12":"first","13":"instock","14":"purchasable","15":"product-type-simple"},"supplier_id":null,"supplier_sku":"ASC-03","barcode":null,"atum_controlled":true,"out_stock_date":null,"out_stock_threshold":null,"inheritable":false,"inbound_stock":null,"stock_on_hold":0,"sold_today":0,"sales_last_days":0,"reserved_stock":null,"customer_returns":null,"warehouse_damage":null,"lost_in_post":null,"other_logs":null,"out_stock_days":0,"lost_sales":0,"has_location":null,"update_date":"2026-05-04T00:02:49","atum_locations":[],"atum_stock_status":"instock","restock_status":false,"low_stock_amount":"","sales_update_date":"2025-10-09T03:23:46","calc_backorders":null,"_links":{"self":[{"href":"https:\/\/aromasentia.com\/fr\/wp-json\/wp\/v2\/product\/237148","targetHints":{"allow":["GET"]}}],"collection":[{"href":"https:\/\/aromasentia.com\/fr\/wp-json\/wp\/v2\/product"}],"about":[{"href":"https:\/\/aromasentia.com\/fr\/wp-json\/wp\/v2\/types\/product"}],"replies":[{"embeddable":true,"href":"https:\/\/aromasentia.com\/fr\/wp-json\/wp\/v2\/comments?post=237148"}],"version-history":[{"count":0,"href":"https:\/\/aromasentia.com\/fr\/wp-json\/wp\/v2\/product\/237148\/revisions"}],"wp:featuredmedia":[{"embeddable":true,"href":"https:\/\/aromasentia.com\/fr\/wp-json\/wp\/v2\/media\/303345"}],"wp:attachment":[{"href":"https:\/\/aromasentia.com\/fr\/wp-json\/wp\/v2\/media?parent=237148"}],"wp:term":[{"taxonomy":"product_brand","embeddable":true,"href":"https:\/\/aromasentia.com\/fr\/wp-json\/wp\/v2\/product_brand?post=237148"},{"taxonomy":"product_cat","embeddable":true,"href":"https:\/\/aromasentia.com\/fr\/wp-json\/wp\/v2\/product_cat?post=237148"},{"taxonomy":"product_tag","embeddable":true,"href":"https:\/\/aromasentia.com\/fr\/wp-json\/wp\/v2\/product_tag?post=237148"}],"curies":[{"name":"wp","href":"https:\/\/api.w.org\/{rel}","templated":true}]}}