{"id":237104,"date":"2025-03-21T11:19:05","date_gmt":"2025-03-21T11:19:05","guid":{"rendered":"https:\/\/aromasentia.com\/product\/votive-candle-velvet-moon\/"},"modified":"2025-06-23T19:04:07","modified_gmt":"2025-06-23T19:04:07","slug":"coffret-cadeau-bougie-votive-en-cire-de-soja-200-gr-velvet-moon","status":"publish","type":"product","link":"https:\/\/aromasentia.com\/fr\/coffret-cadeau-bougie-votive-en-cire-de-soja-200-gr-velvet-moon\/","title":{"rendered":"Coffret Cadeau Bougie Votive en Cire de Soja 200 gr &#8211; Velvet Moon"},"content":{"rendered":"<p>Nous sommes fiers de pr\u00e9senter une <strong><span style=\"color: rgb(75, 80, 88);\">nouvelle gamme de bougies<\/span><\/strong> en cire de soja en gros fabriqu\u00e9es \u00e0 partir d&rsquo;huile de soja hydrog\u00e9n\u00e9e et sans cire synth\u00e9tique ni paraffine. Les bougies votives sont vers\u00e9es \u00e0 la main dans un bocal en verre blanc, r\u00e9utilisable, avec un couvercle en argent. Elles sont livr\u00e9es dans une bo\u00eete cadeau color\u00e9e.&nbsp;<\/p>\n<p>Ces bougies sont fabriqu\u00e9es avec une forte concentration d&rsquo;huiles parfum\u00e9es et en utilisant uniquement de la <strong><span style=\"color: rgb(75, 80, 88);\">cire de soja naturelle<\/span><\/strong>. Am\u00e9liorez la dur\u00e9e de vie des bougies de votre client. La cire de soja est une alternative \u00e9cologique parfaite. C&rsquo;est tellement plus propre et plus naturel que les bougies \u00e0 la paraffine.&nbsp;<\/p>\n<p>Un peu plus cher mais &ccedil;a vaut le coup. Les bougies en pot de soja br\u00fblent beaucoup mieux et laissent un r\u00e9sidu de cire minimal.&nbsp;<\/p>\n<p><strong><span style=\"color: rgb(75, 80, 88);\">Velvet Moon<\/span><\/strong> est l&rsquo;un de nos grands vendeurs avec de fortes notes de grenade et de poivre.&nbsp;<\/p>\n<p><strong><span style=\"background-color: rgb(255, 255, 255); color: rgb(75, 80, 88);\">Notes de t\u00eate<\/span><\/strong> : Mandarine, Basilic&nbsp;<\/p>\n<p><strong><span style=\"color: rgb(75, 80, 88);\">Notes de coeur<\/span><\/strong> : notes bois\u00e9es, poivre rose&nbsp;<\/p>\n<p><strong><span style=\"color: rgb(75, 80, 88);\">Notes de fond<\/span><\/strong> : grenade, patchouli, musc cachemire&nbsp;<\/p>\n<p><strong><span style=\"color: rgb(141, 186, 216);\">Con&ccedil;u pour faire un cadeau splendide et attentionn\u00e9. Si vous vendez des bougies, pensez absolument \u00e0 les stocker.<\/span><\/strong><\/p>\n","protected":false},"excerpt":{"rendered":"<p>Nous sommes fiers de pr\u00e9senter une nouvelle gamme de bougies en cire de soja en gros fabriqu\u00e9es \u00e0 partir d&rsquo;huile de soja hydrog\u00e9n\u00e9e et sans cire synth\u00e9tique ni paraffine. Les bougies votives sont vers\u00e9es \u00e0 la main dans un bocal en verre blanc, r\u00e9utilisable, avec un couvercle en argent. Elles sont livr\u00e9es dans une bo\u00eete [&hellip;]<\/p>\n","protected":false},"featured_media":303182,"comment_status":"closed","ping_status":"open","template":"","meta":[],"product_brand":[27089],"product_cat":[17461,19989],"product_tag":[],"class_list":{"0":"post-237104","1":"product","2":"type-product","3":"status-publish","4":"has-post-thumbnail","6":"product_brand-agnes-and-cat","7":"product_cat-bougeoirs-et-bougies","8":"product_cat-bougies-en-cire-de-soja","9":"pa_collection-votive-glass-jar-candles-200-ml-fr","10":"pa_made-in-chine","12":"first","13":"outofstock","14":"purchasable","15":"product-type-simple"},"supplier_id":null,"supplier_sku":"ACVC-13","barcode":null,"atum_controlled":true,"out_stock_date":"2026-02-04 12:54:15","out_stock_threshold":null,"inheritable":false,"inbound_stock":null,"stock_on_hold":0,"sold_today":0,"sales_last_days":0,"reserved_stock":null,"customer_returns":null,"warehouse_damage":null,"lost_in_post":null,"other_logs":null,"out_stock_days":0,"lost_sales":0,"has_location":null,"update_date":"2026-02-04T12:54:18","atum_locations":[],"atum_stock_status":"outofstock","restock_status":false,"low_stock_amount":"","sales_update_date":"2025-10-09T03:22:47","calc_backorders":null,"_links":{"self":[{"href":"https:\/\/aromasentia.com\/fr\/wp-json\/wp\/v2\/product\/237104","targetHints":{"allow":["GET"]}}],"collection":[{"href":"https:\/\/aromasentia.com\/fr\/wp-json\/wp\/v2\/product"}],"about":[{"href":"https:\/\/aromasentia.com\/fr\/wp-json\/wp\/v2\/types\/product"}],"replies":[{"embeddable":true,"href":"https:\/\/aromasentia.com\/fr\/wp-json\/wp\/v2\/comments?post=237104"}],"version-history":[{"count":0,"href":"https:\/\/aromasentia.com\/fr\/wp-json\/wp\/v2\/product\/237104\/revisions"}],"wp:featuredmedia":[{"embeddable":true,"href":"https:\/\/aromasentia.com\/fr\/wp-json\/wp\/v2\/media\/303182"}],"wp:attachment":[{"href":"https:\/\/aromasentia.com\/fr\/wp-json\/wp\/v2\/media?parent=237104"}],"wp:term":[{"taxonomy":"product_brand","embeddable":true,"href":"https:\/\/aromasentia.com\/fr\/wp-json\/wp\/v2\/product_brand?post=237104"},{"taxonomy":"product_cat","embeddable":true,"href":"https:\/\/aromasentia.com\/fr\/wp-json\/wp\/v2\/product_cat?post=237104"},{"taxonomy":"product_tag","embeddable":true,"href":"https:\/\/aromasentia.com\/fr\/wp-json\/wp\/v2\/product_tag?post=237104"}],"curies":[{"name":"wp","href":"https:\/\/api.w.org\/{rel}","templated":true}]}}